{"id":49719,"date":"2021-02-21T17:27:52","date_gmt":"2021-02-21T17:27:52","guid":{"rendered":"https:\/\/www.autonvaraosahaku.fi\/?product=febi-bilstein-07520-paineakku"},"modified":"2021-02-21T17:27:56","modified_gmt":"2021-02-21T17:27:56","slug":"febi-bilstein-07520-paineakku","status":"publish","type":"product","link":"https:\/\/www.autonvaraosahaku.fi\/?product=febi-bilstein-07520-paineakku","title":{"rendered":"FEBI BILSTEIN 07520 Paineakku"},"content":{"rendered":"<p>Sis\u00e4kierremitta painepuoli: M14 x 1,5, M8 x 1,5; Paine (bar): 23; Korkeus (mm): 170; Tilavuus (litra): 0,48; Ulkol\u00e4pimitta 1 [mm]: 6; Ulkol\u00e4pimitta 2 [mm]: 17,5; Paino [kg]: 1,63; Huomioi huolto-ohjeet: , ; Valmistusvuosi alkaen: 03\/1988; BMW: 5 E34,7 E32,5 Touring E34,6 E24,3 Touring E30; 37211132043; Jousikammio, Jousitus\/Vaimennus<\/p>\n","protected":false},"excerpt":{"rendered":"<p>FEBI BILSTEIN Paineakku 07520 Jousikammio, Jousitus\/Vaimennus BMW,5 E34,7 E32,5 Touring E34,6 E24,3 Touring E30<\/p>\n","protected":false},"featured_media":0,"template":"","meta":{"site-sidebar-layout":"default","site-content-layout":"default","ast-global-header-display":"","ast-main-header-display":"","ast-hfb-above-header-display":"","ast-hfb-below-header-display":"","ast-hfb-mobile-header-display":"","site-post-title":"","ast-breadcrumbs-content":"","ast-featured-img":"","footer-sml-layout":"","theme-transparent-header-meta":"","adv-header-id-meta":"","stick-header-meta":"","header-above-stick-meta":"","header-main-stick-meta":"","header-below-stick-meta":""},"pwb-brand":[50],"product_cat":[477],"product_tag":[],"class_list":{"0":"post-49719","1":"product","2":"type-product","3":"status-publish","5":"pwb-brand-febi-bilstein","6":"product_cat-paineakku","7":"desktop-align-left","8":"tablet-align-left","9":"mobile-align-left","11":"first","12":"instock","13":"product-type-external"},"brands":[{"id":50,"name":"FEBI BILSTEIN","slug":"febi-bilstein"}],"_links":{"self":[{"href":"https:\/\/www.autonvaraosahaku.fi\/index.php?rest_route=\/wp\/v2\/product\/49719","targetHints":{"allow":["GET"]}}],"collection":[{"href":"https:\/\/www.autonvaraosahaku.fi\/index.php?rest_route=\/wp\/v2\/product"}],"about":[{"href":"https:\/\/www.autonvaraosahaku.fi\/index.php?rest_route=\/wp\/v2\/types\/product"}],"wp:attachment":[{"href":"https:\/\/www.autonvaraosahaku.fi\/index.php?rest_route=%2Fwp%2Fv2%2Fmedia&parent=49719"}],"wp:term":[{"taxonomy":"pwb-brand","embeddable":true,"href":"https:\/\/www.autonvaraosahaku.fi\/index.php?rest_route=%2Fwp%2Fv2%2Fpwb-brand&post=49719"},{"taxonomy":"product_cat","embeddable":true,"href":"https:\/\/www.autonvaraosahaku.fi\/index.php?rest_route=%2Fwp%2Fv2%2Fproduct_cat&post=49719"},{"taxonomy":"product_tag","embeddable":true,"href":"https:\/\/www.autonvaraosahaku.fi\/index.php?rest_route=%2Fwp%2Fv2%2Fproduct_tag&post=49719"}],"curies":[{"name":"wp","href":"https:\/\/api.w.org\/{rel}","templated":true}]}}