{"id":49722,"date":"2021-02-21T17:27:57","date_gmt":"2021-02-21T17:27:57","guid":{"rendered":"https:\/\/www.autonvaraosahaku.fi\/?product=vaico-v99-0002-muut-luokat"},"modified":"2021-02-21T17:27:58","modified_gmt":"2021-02-21T17:27:58","slug":"vaico-v99-0002-muut-luokat","status":"publish","type":"product","link":"https:\/\/www.autonvaraosahaku.fi\/?product=vaico-v99-0002-muut-luokat","title":{"rendered":"VAICO V99-0002 Muut luokat"},"content":{"rendered":"<p>K\u00e4sittely: voi lyhent\u00e4\u00e4; Asennuspuoli: Edess\u00e4; Valmistaja rajaus: BOSCH &#8211; AEROTWINS; Pituus (mm): 750; Paino [kg]: 0,03; Pakkausleveys [cm]: 0,6; Pakkauskorkeus [mm]: 1,12; Pakkaussyvyys [cm]: 80; lis\u00e4tieto: CST99; Valmistusvuoteen: 12\/2006; RENAULT: ESPACE IV JK0\/1_; 2118200745, 2308200645, A2118200745, A2308200645, 1J1955425, 1J1955425A, 1J1955425B, 1K0955429, 3B1955425D, 6Q1955425, 6Q1955425A, 6Q1955425B, 7L0955425G, 7L0955425J, 7L0955425L, 7L0998002A, 1J1955425, 1J1955425A, 1J1955425B, 1K0955429, 3B1955425D, 6Q1955425, 6Q1955425A, 6Q1955425B, 7L0955425G, 7L0955425J, 7L0955425L, 7L0998002A, 1J1955425, 1J1955425A, 1J1955425B, 3B1955425D, 6Q1955425, 6Q1955425A, 6Q1955425B, 7L0955425J, 7L0955425L, 7L0998002A; Pyyhkij\u00e4nkumi<\/p>\n","protected":false},"excerpt":{"rendered":"<p>VAICO Pyyhkij\u00e4n Kumi V99-0002 Pyyhkij\u00e4nkumi RENAULT,ESPACE IV JK0\/1_<\/p>\n","protected":false},"featured_media":0,"template":"","meta":{"site-sidebar-layout":"default","site-content-layout":"default","ast-global-header-display":"","ast-main-header-display":"","ast-hfb-above-header-display":"","ast-hfb-below-header-display":"","ast-hfb-mobile-header-display":"","site-post-title":"","ast-breadcrumbs-content":"","ast-featured-img":"","footer-sml-layout":"","theme-transparent-header-meta":"","adv-header-id-meta":"","stick-header-meta":"","header-above-stick-meta":"","header-main-stick-meta":"","header-below-stick-meta":""},"pwb-brand":[330],"product_cat":[37],"product_tag":[],"class_list":{"0":"post-49722","1":"product","2":"type-product","3":"status-publish","5":"pwb-brand-vaico","6":"product_cat-muut-luokat","7":"desktop-align-left","8":"tablet-align-left","9":"mobile-align-left","11":"first","12":"instock","13":"product-type-external"},"brands":[{"id":330,"name":"VAICO","slug":"vaico"}],"_links":{"self":[{"href":"https:\/\/www.autonvaraosahaku.fi\/index.php?rest_route=\/wp\/v2\/product\/49722","targetHints":{"allow":["GET"]}}],"collection":[{"href":"https:\/\/www.autonvaraosahaku.fi\/index.php?rest_route=\/wp\/v2\/product"}],"about":[{"href":"https:\/\/www.autonvaraosahaku.fi\/index.php?rest_route=\/wp\/v2\/types\/product"}],"wp:attachment":[{"href":"https:\/\/www.autonvaraosahaku.fi\/index.php?rest_route=%2Fwp%2Fv2%2Fmedia&parent=49722"}],"wp:term":[{"taxonomy":"pwb-brand","embeddable":true,"href":"https:\/\/www.autonvaraosahaku.fi\/index.php?rest_route=%2Fwp%2Fv2%2Fpwb-brand&post=49722"},{"taxonomy":"product_cat","embeddable":true,"href":"https:\/\/www.autonvaraosahaku.fi\/index.php?rest_route=%2Fwp%2Fv2%2Fproduct_cat&post=49722"},{"taxonomy":"product_tag","embeddable":true,"href":"https:\/\/www.autonvaraosahaku.fi\/index.php?rest_route=%2Fwp%2Fv2%2Fproduct_tag&post=49722"}],"curies":[{"name":"wp","href":"https:\/\/api.w.org\/{rel}","templated":true}]}}