{"id":49724,"date":"2021-02-21T17:27:57","date_gmt":"2021-02-21T17:27:57","guid":{"rendered":"https:\/\/www.autonvaraosahaku.fi\/?product=trw-jte808-raidetangon-paa"},"modified":"2021-02-21T17:27:58","modified_gmt":"2021-02-21T17:27:58","slug":"trw-jte808-raidetangon-paa","status":"publish","type":"product","link":"https:\/\/www.autonvaraosahaku.fi\/?product=trw-jte808-raidetangon-paa","title":{"rendered":"TRW JTE808 Raidetangon p\u00e4\u00e4"},"content":{"rendered":"<p>Pituus (mm): 94,5; Sis\u00e4kierre (mm): M14x1.5; Kierremitta: M14x1,5; Lis\u00e4tarvike\/lis\u00e4tieto: Tarvikkeilla; Kierremalli: Oikealla kierteell\u00e4; Asennuspuoli: Vorderachse beidseitig; NISSAN: X-TRAIL T30,PICK UP D22,NAVARA D22,PATHFINDER R50,NP300,NAVARA Pritsche\/Fahrgestell D22; 485200P725, 485200P726, 485200W025, 485203S525, 485204P025, D8520VK90A<\/p>\n","protected":false},"excerpt":{"rendered":"<p>TRW Raidetangon P\u00e4\u00e4 JTE808  NISSAN,X-TRAIL T30,PICK UP D22,NAVARA D22,PATHFINDER R50,NP300,NAVARA Pritsche\/Fahrgestell D22<\/p>\n","protected":false},"featured_media":0,"template":"","meta":{"site-sidebar-layout":"default","site-content-layout":"default","ast-global-header-display":"","ast-main-header-display":"","ast-hfb-above-header-display":"","ast-hfb-below-header-display":"","ast-hfb-mobile-header-display":"","site-post-title":"","ast-breadcrumbs-content":"","ast-featured-img":"","footer-sml-layout":"","theme-transparent-header-meta":"","adv-header-id-meta":"","stick-header-meta":"","header-above-stick-meta":"","header-main-stick-meta":"","header-below-stick-meta":""},"pwb-brand":[332],"product_cat":[96],"product_tag":[],"class_list":{"0":"post-49724","1":"product","2":"type-product","3":"status-publish","5":"pwb-brand-trw","6":"product_cat-raidetangon-paa","7":"desktop-align-left","8":"tablet-align-left","9":"mobile-align-left","11":"first","12":"instock","13":"product-type-external"},"brands":[{"id":332,"name":"TRW","slug":"trw"}],"_links":{"self":[{"href":"https:\/\/www.autonvaraosahaku.fi\/index.php?rest_route=\/wp\/v2\/product\/49724","targetHints":{"allow":["GET"]}}],"collection":[{"href":"https:\/\/www.autonvaraosahaku.fi\/index.php?rest_route=\/wp\/v2\/product"}],"about":[{"href":"https:\/\/www.autonvaraosahaku.fi\/index.php?rest_route=\/wp\/v2\/types\/product"}],"wp:attachment":[{"href":"https:\/\/www.autonvaraosahaku.fi\/index.php?rest_route=%2Fwp%2Fv2%2Fmedia&parent=49724"}],"wp:term":[{"taxonomy":"pwb-brand","embeddable":true,"href":"https:\/\/www.autonvaraosahaku.fi\/index.php?rest_route=%2Fwp%2Fv2%2Fpwb-brand&post=49724"},{"taxonomy":"product_cat","embeddable":true,"href":"https:\/\/www.autonvaraosahaku.fi\/index.php?rest_route=%2Fwp%2Fv2%2Fproduct_cat&post=49724"},{"taxonomy":"product_tag","embeddable":true,"href":"https:\/\/www.autonvaraosahaku.fi\/index.php?rest_route=%2Fwp%2Fv2%2Fproduct_tag&post=49724"}],"curies":[{"name":"wp","href":"https:\/\/api.w.org\/{rel}","templated":true}]}}