{"id":49727,"date":"2021-02-21T17:27:57","date_gmt":"2021-02-21T17:27:57","guid":{"rendered":"https:\/\/www.autonvaraosahaku.fi\/?product=japanparts-fo-eco058-oljynsuodatin"},"modified":"2021-02-21T17:27:59","modified_gmt":"2021-02-21T17:27:59","slug":"japanparts-fo-eco058-oljynsuodatin","status":"publish","type":"product","link":"https:\/\/www.autonvaraosahaku.fi\/?product=japanparts-fo-eco058-oljynsuodatin","title":{"rendered":"JAPANPARTS FO-ECO058 \u00d6ljynsuodatin"},"content":{"rendered":"<p>Suodatintyyppi: Suodatinpanos; Pituus (mm): 73,5; Ulkol\u00e4pimitta [mm]: 64; Sis\u00e4l\u00e4pimitta [mm]: 31; Valmistusvuoteen: 02\/2008; SUZUKI: SX4 EY, GY; OPEL: ZAFIRA B A05,ASTRA H Caravan L35,ASTRA H L48,VECTRA C Caravan,ASTRA H GTC L08,SIGNUM,VECTRA C,VECTRA C GTS,ASTRA H TwinTop L67; SAAB: 9-3 YS3F,9-5 Kombi YS3E,9-3 Kombi YS3F,9-5 YS3E,9-3 Cabriolet YS3F; ALFA ROMEO: 159 Sportwagon 939,159 939; FIAT: GRANDE PUNTO 199,CROMA 194,SEDICI; CADILLAC: BLS; VAUXHALL: ZAFIRA Mk II B M75,ASTRA Mk V H CC,VECTRA Mk II C CC,ASTRA Mk V H Estate,VECTRA Mk II C Estate,ASTRA Mk V H Convertible,VECTRA Mk II C,SIGNUM,ASTRAVAN Mk V H; 71737926, 93183412, 93183412, 55189320, 71737926, 71754862, 71765055, 05650354, 5650354, 93183412, 93183412, 1651079J50, 93183412<\/p>\n","protected":false},"excerpt":{"rendered":"<p>JAPANPARTS \u00d6ljynsuodatin FO-ECO058  SUZUKI,OPEL,SAAB,SX4 EY, GY,ZAFIRA B A05,ASTRA H Caravan L35,ASTRA H L48,VECTRA C Caravan,ASTRA H GTC L08,SIGNUM<\/p>\n","protected":false},"featured_media":0,"template":"","meta":{"site-sidebar-layout":"default","site-content-layout":"default","ast-global-header-display":"","ast-main-header-display":"","ast-hfb-above-header-display":"","ast-hfb-below-header-display":"","ast-hfb-mobile-header-display":"","site-post-title":"","ast-breadcrumbs-content":"","ast-featured-img":"","footer-sml-layout":"","theme-transparent-header-meta":"","adv-header-id-meta":"","stick-header-meta":"","header-above-stick-meta":"","header-main-stick-meta":"","header-below-stick-meta":""},"pwb-brand":[334],"product_cat":[30],"product_tag":[],"class_list":{"0":"post-49727","1":"product","2":"type-product","3":"status-publish","5":"pwb-brand-japanparts","6":"product_cat-oljynsuodatin","7":"desktop-align-left","8":"tablet-align-left","9":"mobile-align-left","11":"first","12":"instock","13":"product-type-external"},"brands":[{"id":334,"name":"JAPANPARTS","slug":"japanparts"}],"_links":{"self":[{"href":"https:\/\/www.autonvaraosahaku.fi\/index.php?rest_route=\/wp\/v2\/product\/49727","targetHints":{"allow":["GET"]}}],"collection":[{"href":"https:\/\/www.autonvaraosahaku.fi\/index.php?rest_route=\/wp\/v2\/product"}],"about":[{"href":"https:\/\/www.autonvaraosahaku.fi\/index.php?rest_route=\/wp\/v2\/types\/product"}],"wp:attachment":[{"href":"https:\/\/www.autonvaraosahaku.fi\/index.php?rest_route=%2Fwp%2Fv2%2Fmedia&parent=49727"}],"wp:term":[{"taxonomy":"pwb-brand","embeddable":true,"href":"https:\/\/www.autonvaraosahaku.fi\/index.php?rest_route=%2Fwp%2Fv2%2Fpwb-brand&post=49727"},{"taxonomy":"product_cat","embeddable":true,"href":"https:\/\/www.autonvaraosahaku.fi\/index.php?rest_route=%2Fwp%2Fv2%2Fproduct_cat&post=49727"},{"taxonomy":"product_tag","embeddable":true,"href":"https:\/\/www.autonvaraosahaku.fi\/index.php?rest_route=%2Fwp%2Fv2%2Fproduct_tag&post=49727"}],"curies":[{"name":"wp","href":"https:\/\/api.w.org\/{rel}","templated":true}]}}