{"id":49743,"date":"2021-02-21T17:28:03","date_gmt":"2021-02-21T17:28:03","guid":{"rendered":"https:\/\/www.autonvaraosahaku.fi\/?product=febi-bilstein-13452-sytytystulpat"},"modified":"2021-02-21T17:28:04","modified_gmt":"2021-02-21T17:28:04","slug":"febi-bilstein-13452-sytytystulpat","status":"publish","type":"product","link":"https:\/\/www.autonvaraosahaku.fi\/?product=febi-bilstein-13452-sytytystulpat","title":{"rendered":"FEBI BILSTEIN 13452 Sytytystulpat"},"content":{"rendered":"<p>Ulkokierre [mm]: M14 x 1,25; Kierteen pituus (mm): 19; Avainv\u00e4li: 21; K\u00e4rkiv\u00e4li (mm): 0,7; Sytytystulppa: 1-maaelektroodi, suoralla istukalla; Paino [kg]: 0,003, 0,003; Moottorinumerosta: 010103; MAZDA: 626 III GD,626 III Hatchback GD,626 III Coupe GD,626 III Station Wagon GV,626 II GC,626 II Hatchback GC,929 III HC,323 I FA,929 II HB,626 II Coupe GC; NISSAN: PICK UP D21,PATROL Hardtop K160,PATROL Hardtop K260,PATROL Station Wagon W160,BLUEBIRD Station Wagon WU11,BLUEBIRD U11,PRAIRIE M10, NM10,SUNNY II Traveller B12,LAUREL JC31,URVAN Kasten E23,URVAN Bus E23,BLUEBIRD Stufenheck 910,STANZA Hatchback T11,STANZA T11; DAEWOO: KALOS KLAS,LANOS KLAT,KALOS Stufenheck KLAS,LANOS Stufenheck KLAT,LEGANZA KLAV,NUBIRA Stufenheck KLAJ,ESPERO KLEJ,TICO KLY3,NEXIA Stufenheck KLETN,CIELO Stufenheck; SUZUKI: SWIFT II Schr\u00e4gheck EA, MA,VITARA ET, TA,VITARA Cabrio ET, TA,SWIFT Cabriolet SF413,SWIFT II Stufenheck AH, AJ; MERCEDES-BENZ: SL R107,Stufenheck W123,S-CLASS W126,G-CLASS W463,G-CLASS W460,COUPE C123,S-CLASS W108, W109,S-CLASS W116,COUPE W111,S-CLASS Coupe C126,KOMBI Kombi S123,SL Coupe C107; HONDA: CIVIC I Hatchback SB; SUBARU: LEONE II Station Wagon,LEONE II,LEONE I Hatchback,LEONE I Station Wagon,LEONE I AB; LANCIA: DELTA I 831AB0,DEDRA 835,Y10 156,A 112; OPEL: OMEGA A 16_, 17_, 19_,ASTRA F CC 53_, 54_, 58_, 59_,ASTRA F Caravan 51_, 52_,VECTRA A 86_, 87_,ASTRA F Cabriolet 53_B,ASTRA F 56_, 57_,VECTRA A CC 88_, 89_,OMEGA A Caravan 66_, 67_,ASTRA F Van 55_; TOYOTA: STARLET _P8_,COROLLA Compact _E10_,COROLLA _E11_,COROLLA _E10_,COROLLA Wagon _E10_,HILUX I Pick-up LN3_, RN2_, LN4_, RN3_,CORONA Station Wagon RT118,CORONA RT1_; 0046214770, 46214770, 5894587, 5984036, 71711640, 7554444, 7760382, 12121258159, 12121265595, 12121267485, 12121711296, 12129061871, 596010, 5960H8, 596110, 596119, 596136, 596227, 596239, 596255, 59625R, 59626E, 5962E8, 5962E9, 5962G7, 5962R2, 91517002, MDW000007R, 94837756, 96110493, 96342382, EC229538, 9004851034000, 9004851035000, 9004851041000, 9004851043000, 9004851047000, 9004851055000, 9004851059000, 9004851069000, 9004851096000, 9091901026000, 9091901061000, 9091901087000, 4346196, 4346796, 4359422, 4359424, 4401550, 5894587, 5984036, 71711639, 71711640, 71711806, 75544260, 7554432, 7554444, 7554451, 7571577, 7760382, 1120836, 1506413, 1518878, 1523608, 5029052, 5099740, 5099742, 5099768, 5099783, 5099799, 5099800, 5099806, 5099807, 5099884, 5099943, 5099961, 5099962, 6073379, 78TF12405BA, 9807956844, 9807956846, 980795684602, 980795684603, 9807956846A0, 9807956846A1, 9807956846EH, 9807956876, NGKBP6EV, NGKBPR6E, NGKBPR6ES, 9825131030, 21083707010, 5894587, 5984036, 71711640&#8230;; Tulpat,Sytytystulppa<\/p>\n","protected":false},"excerpt":{"rendered":"<p>FEBI BILSTEIN Sytytystulpat 13452 Tulpat,Sytytystulppa MAZDA,NISSAN,DAEWOO,626 III GD,626 III Hatchback GD,626 III Coupe GD,626 III Station Wagon GV<\/p>\n","protected":false},"featured_media":0,"template":"","meta":{"site-sidebar-layout":"default","site-content-layout":"default","ast-global-header-display":"","ast-main-header-display":"","ast-hfb-above-header-display":"","ast-hfb-below-header-display":"","ast-hfb-mobile-header-display":"","site-post-title":"","ast-breadcrumbs-content":"","ast-featured-img":"","footer-sml-layout":"","theme-transparent-header-meta":"","adv-header-id-meta":"","stick-header-meta":"","header-above-stick-meta":"","header-main-stick-meta":"","header-below-stick-meta":""},"pwb-brand":[50],"product_cat":[165],"product_tag":[],"class_list":{"0":"post-49743","1":"product","2":"type-product","3":"status-publish","5":"pwb-brand-febi-bilstein","6":"product_cat-sytytystulpat","7":"desktop-align-left","8":"tablet-align-left","9":"mobile-align-left","11":"first","12":"instock","13":"product-type-external"},"brands":[{"id":50,"name":"FEBI BILSTEIN","slug":"febi-bilstein"}],"_links":{"self":[{"href":"https:\/\/www.autonvaraosahaku.fi\/index.php?rest_route=\/wp\/v2\/product\/49743","targetHints":{"allow":["GET"]}}],"collection":[{"href":"https:\/\/www.autonvaraosahaku.fi\/index.php?rest_route=\/wp\/v2\/product"}],"about":[{"href":"https:\/\/www.autonvaraosahaku.fi\/index.php?rest_route=\/wp\/v2\/types\/product"}],"wp:attachment":[{"href":"https:\/\/www.autonvaraosahaku.fi\/index.php?rest_route=%2Fwp%2Fv2%2Fmedia&parent=49743"}],"wp:term":[{"taxonomy":"pwb-brand","embeddable":true,"href":"https:\/\/www.autonvaraosahaku.fi\/index.php?rest_route=%2Fwp%2Fv2%2Fpwb-brand&post=49743"},{"taxonomy":"product_cat","embeddable":true,"href":"https:\/\/www.autonvaraosahaku.fi\/index.php?rest_route=%2Fwp%2Fv2%2Fproduct_cat&post=49743"},{"taxonomy":"product_tag","embeddable":true,"href":"https:\/\/www.autonvaraosahaku.fi\/index.php?rest_route=%2Fwp%2Fv2%2Fproduct_tag&post=49743"}],"curies":[{"name":"wp","href":"https:\/\/api.w.org\/{rel}","templated":true}]}}