{"id":49762,"date":"2021-02-21T17:28:08","date_gmt":"2021-02-21T17:28:08","guid":{"rendered":"https:\/\/www.autonvaraosahaku.fi\/?product=thermotec-ktt040058-magneettikytkin"},"modified":"2021-02-21T17:28:09","modified_gmt":"2021-02-21T17:28:09","slug":"thermotec-ktt040058-magneettikytkin","status":"publish","type":"product","link":"https:\/\/www.autonvaraosahaku.fi\/?product=thermotec-ktt040058-magneettikytkin","title":{"rendered":"THERMOTEC KTT040058 Magneettikytkin"},"content":{"rendered":"<p>Kompressorin tunnus: SD7V16; Hihnapy\u00f6r\u00e4-\u00d8[mm]: 119; kiiloja: 6; Valmistaja rajaus: Sanden; Organisaationumeroon: 10058; LANCIA: PHEDRA 179; FIAT: ULYSSE 179AX; CITRO\u00cbN: BERLINGO MF,XSARA PICASSO N68,C8 EA_, EB_,BERLINGO Kasten M_,C5 II Break RE_,C5 I DC_,C5 I Break DE_,XSARA N1,C5 II RC_,XSARA Break N2,XSARA Coupe N0; PEUGEOT: 307 SW 3H,307 3A\/C,807 E,307 Break 3E,607 9D, 9U,406 Break 8E\/F,PARTNER Combispace 5F,PARTNER Kasten 5,406 Coupe 8C,406 8B; 6453JN, 6453JQ, 6453LQ, 6453LR, 6453LX, 6453TE, 6453TF, 6453YT, 9639109580, 9646416780, 9655421780, 9659231580, 9687437780, 9687438080, 9639109580, 9646416780, 9674100180, 9639109580, 9646416780, 9674100180, 6453JN, 6453JQ, 6453LQ, 6453LR, 6453LX, 6453TE, 6453TF, 6453YT, 9639109580, 9646416780, 9655421780, 9659231580, 9687437780, 9687438080; Ilmastoinnin Kompressorin Kytkin,Magneettikytkin, Ilmastointikompressori<\/p>\n","protected":false},"excerpt":{"rendered":"<p>THERMOTEC Magneettikytkin KTT040058 Ilmastoinnin Kompressorin Kytkin,Magneettikytkin, Ilmastointikompressori LANCIA,FIAT,CITRO\u00cbN,PHEDRA 179<\/p>\n","protected":false},"featured_media":0,"template":"","meta":{"site-sidebar-layout":"default","site-content-layout":"default","ast-global-header-display":"","ast-main-header-display":"","ast-hfb-above-header-display":"","ast-hfb-below-header-display":"","ast-hfb-mobile-header-display":"","site-post-title":"","ast-breadcrumbs-content":"","ast-featured-img":"","footer-sml-layout":"","theme-transparent-header-meta":"","adv-header-id-meta":"","stick-header-meta":"","header-above-stick-meta":"","header-main-stick-meta":"","header-below-stick-meta":""},"pwb-brand":[427],"product_cat":[435],"product_tag":[],"class_list":{"0":"post-49762","1":"product","2":"type-product","3":"status-publish","5":"pwb-brand-thermotec","6":"product_cat-magneettikytkin","7":"desktop-align-left","8":"tablet-align-left","9":"mobile-align-left","11":"first","12":"instock","13":"product-type-external"},"brands":[{"id":427,"name":"THERMOTEC","slug":"thermotec"}],"_links":{"self":[{"href":"https:\/\/www.autonvaraosahaku.fi\/index.php?rest_route=\/wp\/v2\/product\/49762","targetHints":{"allow":["GET"]}}],"collection":[{"href":"https:\/\/www.autonvaraosahaku.fi\/index.php?rest_route=\/wp\/v2\/product"}],"about":[{"href":"https:\/\/www.autonvaraosahaku.fi\/index.php?rest_route=\/wp\/v2\/types\/product"}],"wp:attachment":[{"href":"https:\/\/www.autonvaraosahaku.fi\/index.php?rest_route=%2Fwp%2Fv2%2Fmedia&parent=49762"}],"wp:term":[{"taxonomy":"pwb-brand","embeddable":true,"href":"https:\/\/www.autonvaraosahaku.fi\/index.php?rest_route=%2Fwp%2Fv2%2Fpwb-brand&post=49762"},{"taxonomy":"product_cat","embeddable":true,"href":"https:\/\/www.autonvaraosahaku.fi\/index.php?rest_route=%2Fwp%2Fv2%2Fproduct_cat&post=49762"},{"taxonomy":"product_tag","embeddable":true,"href":"https:\/\/www.autonvaraosahaku.fi\/index.php?rest_route=%2Fwp%2Fv2%2Fproduct_tag&post=49762"}],"curies":[{"name":"wp","href":"https:\/\/api.w.org\/{rel}","templated":true}]}}