{"id":49835,"date":"2021-02-21T17:28:34","date_gmt":"2021-02-21T17:28:34","guid":{"rendered":"https:\/\/www.autonvaraosahaku.fi\/?product=topran-111-475-muut-luokat"},"modified":"2021-02-21T17:28:38","modified_gmt":"2021-02-21T17:28:38","slug":"topran-111-475-muut-luokat","status":"publish","type":"product","link":"https:\/\/www.autonvaraosahaku.fi\/?product=topran-111-475-muut-luokat","title":{"rendered":"TOPRAN 111 475 Muut luokat"},"content":{"rendered":"<p>Vaihteistomalli: K\u00e4sivaihteistolle; Muoto: Pallomuoto; V\u00e4ri: L\u00e4pin\u00e4kyv\u00e4; Ulkol\u00e4pimitta [mm]: 18,5; Korkeus (mm): 15; Sis\u00e4l\u00e4pimitta [mm]: 6,3; Materiaali: Muovi; VW: LUPO 6X1, 6E1,POLO 6N2,POLO 6N1; SEAT: AROSA 6H; 6N0711135, 6N0711135<\/p>\n","protected":false},"excerpt":{"rendered":"<p>TOPRAN Korjaussarja Kytkinvipu 111 475  VW,SEAT,LUPO 6X1, 6E1,POLO 6N2,POLO 6N1,AROSA 6H<\/p>\n","protected":false},"featured_media":0,"template":"","meta":{"site-sidebar-layout":"default","site-content-layout":"default","ast-global-header-display":"","ast-main-header-display":"","ast-hfb-above-header-display":"","ast-hfb-below-header-display":"","ast-hfb-mobile-header-display":"","site-post-title":"","ast-breadcrumbs-content":"","ast-featured-img":"","footer-sml-layout":"","theme-transparent-header-meta":"","adv-header-id-meta":"","stick-header-meta":"","header-above-stick-meta":"","header-main-stick-meta":"","header-below-stick-meta":""},"pwb-brand":[18],"product_cat":[37],"product_tag":[],"class_list":{"0":"post-49835","1":"product","2":"type-product","3":"status-publish","5":"pwb-brand-topran","6":"product_cat-muut-luokat","7":"desktop-align-left","8":"tablet-align-left","9":"mobile-align-left","11":"first","12":"instock","13":"product-type-external"},"brands":[{"id":18,"name":"TOPRAN","slug":"topran"}],"_links":{"self":[{"href":"https:\/\/www.autonvaraosahaku.fi\/index.php?rest_route=\/wp\/v2\/product\/49835","targetHints":{"allow":["GET"]}}],"collection":[{"href":"https:\/\/www.autonvaraosahaku.fi\/index.php?rest_route=\/wp\/v2\/product"}],"about":[{"href":"https:\/\/www.autonvaraosahaku.fi\/index.php?rest_route=\/wp\/v2\/types\/product"}],"wp:attachment":[{"href":"https:\/\/www.autonvaraosahaku.fi\/index.php?rest_route=%2Fwp%2Fv2%2Fmedia&parent=49835"}],"wp:term":[{"taxonomy":"pwb-brand","embeddable":true,"href":"https:\/\/www.autonvaraosahaku.fi\/index.php?rest_route=%2Fwp%2Fv2%2Fpwb-brand&post=49835"},{"taxonomy":"product_cat","embeddable":true,"href":"https:\/\/www.autonvaraosahaku.fi\/index.php?rest_route=%2Fwp%2Fv2%2Fproduct_cat&post=49835"},{"taxonomy":"product_tag","embeddable":true,"href":"https:\/\/www.autonvaraosahaku.fi\/index.php?rest_route=%2Fwp%2Fv2%2Fproduct_tag&post=49835"}],"curies":[{"name":"wp","href":"https:\/\/api.w.org\/{rel}","templated":true}]}}