{"id":49855,"date":"2021-02-21T17:28:41","date_gmt":"2021-02-21T17:28:41","guid":{"rendered":"https:\/\/www.autonvaraosahaku.fi\/?product=mahle-original-oc-614-oljynsuodatin"},"modified":"2021-02-21T17:28:45","modified_gmt":"2021-02-21T17:28:45","slug":"mahle-original-oc-614-oljynsuodatin","status":"publish","type":"product","link":"https:\/\/www.autonvaraosahaku.fi\/?product=mahle-original-oc-614-oljynsuodatin","title":{"rendered":"MAHLE ORIGINAL OC 614 \u00d6ljynsuodatin"},"content":{"rendered":"<p>Suodatintyyppi: Ruuvattava suodatin; L\u00e4pimitta [mm]: 76,0; Ulkol\u00e4pimitta 2 [mm]: 71,0; Sis\u00e4l\u00e4pimitta 2 [mm]: 63,0, 63,0; Liitinkierre: M22x1,5; Kiristysmomentti: 14, 14; Avauspaine ohitusventtiili [bar]: 0,8; Paino [g]: 0,57; Korkeus (tuumaa): 3,31; Leveys (tuumaa): 3,11; Pituus (tuumaa): 3,11; Moottorinumero: A20NHT [LTG]; JEEP: GRAND CHEROKEE III WH, WK,COMPASS MK49,GRAND CHEROKEE IV WK, WK2,PATRIOT MK74,CHEROKEE KL,COMPASS; SUZUKI: GRAND VITARA II JT; CHEVROLET: CAPTIVA C100, C140,CAMARO GMX511,CORVETTE C6,MALIBU V300,CAMARO Convertible GMX511,CORVETTE Convertible C6,CAMARO,CORVETTE C7,CAMARO Convertible,CORVETTE Convertible C7; CHRYSLER: GRAND VOYAGER V RT,300 C LX,SEBRING JS,SEBRING Cabriolet JS; LANCIA: FLAVIA Cabriolet JS; OPEL: INSIGNIA Caravan,ANTARA,INSIGNIA,INSIGNIA Stufenheck,INSIGNIA A Country Tourer G09,INSIGNIA CC,INSIGNIA B Country Tourer Z18; SAAB: 9-5 YS3G; ALFA ROMEO: GIULIA 952_,STELVIO 949_; FIAT: FREEMONT JF_; DODGE: CALIBER,NITRO,JOURNEY,AVENGER; 50048919, 50055447, 7B0115561A, 7B0115561C, 12640445, 19303975, 55496758, 89017524, 89017525, 89017901, 00K04892339AB, 04884900AB, 04892339AA, 104884900AB, 2AMF339AA, 2AMFL339AA, 2AML00339A, 4884900AB, 4892339AA, 4892339AB, 68197769AA, K04884900AB, K04892339AA, 7B0115561A, 7B0115561C, 2AML00339A, 4884900AB, 4892339AA, 0000050048919, 0000050055447, 00K04884900AB, 00K04892339AA, 00K04892339AB, 50048919, 50055447, K04884900AB, K04892339AA, 12626224, 12640445, 89017524, 89017525, 2AMF339AA, 2AMFL339AA, 2AML00339A, 4884900AB, 4892339AA, 4892339AB, K04892339AA, 12640445, 19303975, 4818277, 4821002, 55496756, 55496758, 650189, 89017524, 95527087, 4892339AA, 1651078J00, 1651078J001, 1651078J01, 1651078J01000, 1651078J02, 1651078J02000, 1651078J1000, 12600224, 12608977, 12640445, 19303975, 55496756, 89017524, 7B0115561A, 7B0115561C<\/p>\n","protected":false},"excerpt":{"rendered":"<p>MAHLE ORIGINAL \u00d6ljynsuodatin OC 614  JEEP,SUZUKI,CHEVROLET,GRAND CHEROKEE III WH, WK,COMPASS MK49,GRAND CHEROKEE IV WK, WK2,PATRIOT MK74,CHEROKEE KL<\/p>\n","protected":false},"featured_media":0,"template":"","meta":{"site-sidebar-layout":"default","site-content-layout":"default","ast-global-header-display":"","ast-main-header-display":"","ast-hfb-above-header-display":"","ast-hfb-below-header-display":"","ast-hfb-mobile-header-display":"","site-post-title":"","ast-breadcrumbs-content":"","ast-featured-img":"","footer-sml-layout":"","theme-transparent-header-meta":"","adv-header-id-meta":"","stick-header-meta":"","header-above-stick-meta":"","header-main-stick-meta":"","header-below-stick-meta":""},"pwb-brand":[153],"product_cat":[30],"product_tag":[],"class_list":{"0":"post-49855","1":"product","2":"type-product","3":"status-publish","5":"pwb-brand-mahle-original","6":"product_cat-oljynsuodatin","7":"desktop-align-left","8":"tablet-align-left","9":"mobile-align-left","11":"first","12":"instock","13":"product-type-external"},"brands":[{"id":153,"name":"MAHLE ORIGINAL","slug":"mahle-original"}],"_links":{"self":[{"href":"https:\/\/www.autonvaraosahaku.fi\/index.php?rest_route=\/wp\/v2\/product\/49855","targetHints":{"allow":["GET"]}}],"collection":[{"href":"https:\/\/www.autonvaraosahaku.fi\/index.php?rest_route=\/wp\/v2\/product"}],"about":[{"href":"https:\/\/www.autonvaraosahaku.fi\/index.php?rest_route=\/wp\/v2\/types\/product"}],"wp:attachment":[{"href":"https:\/\/www.autonvaraosahaku.fi\/index.php?rest_route=%2Fwp%2Fv2%2Fmedia&parent=49855"}],"wp:term":[{"taxonomy":"pwb-brand","embeddable":true,"href":"https:\/\/www.autonvaraosahaku.fi\/index.php?rest_route=%2Fwp%2Fv2%2Fpwb-brand&post=49855"},{"taxonomy":"product_cat","embeddable":true,"href":"https:\/\/www.autonvaraosahaku.fi\/index.php?rest_route=%2Fwp%2Fv2%2Fproduct_cat&post=49855"},{"taxonomy":"product_tag","embeddable":true,"href":"https:\/\/www.autonvaraosahaku.fi\/index.php?rest_route=%2Fwp%2Fv2%2Fproduct_tag&post=49855"}],"curies":[{"name":"wp","href":"https:\/\/api.w.org\/{rel}","templated":true}]}}