{"id":49890,"date":"2021-02-21T17:28:54","date_gmt":"2021-02-21T17:28:54","guid":{"rendered":"https:\/\/www.autonvaraosahaku.fi\/?product=mapco-68551-oljynsuodatin"},"modified":"2021-02-21T17:28:56","modified_gmt":"2021-02-21T17:28:56","slug":"mapco-68551-oljynsuodatin","status":"publish","type":"product","link":"https:\/\/www.autonvaraosahaku.fi\/?product=mapco-68551-oljynsuodatin","title":{"rendered":"MAPCO 68551 \u00d6ljynsuodatin"},"content":{"rendered":"<p>M\u00e4\u00e4r\u00e4yksikk\u00f6: Sarja; moniosainen: kolmiosainen; HYUNDAI: i30 FD,i30 CW FD; KIA: CEE&#8217;D SW ED,CEE&#8217;D Schr\u00e4gheck ED,PRO CEE&#8217;D ED<\/p>\n","protected":false},"excerpt":{"rendered":"<p>MAPCO Suodatinsarja 68551  HYUNDAI,KIA,i30 FD,i30 CW FD,CEE&#8217;D SW ED,CEE&#8217;D Schr\u00e4gheck ED,PRO CEE&#8217;D ED<\/p>\n","protected":false},"featured_media":0,"template":"","meta":{"site-sidebar-layout":"default","site-content-layout":"default","ast-global-header-display":"","ast-main-header-display":"","ast-hfb-above-header-display":"","ast-hfb-below-header-display":"","ast-hfb-mobile-header-display":"","site-post-title":"","ast-breadcrumbs-content":"","ast-featured-img":"","footer-sml-layout":"","theme-transparent-header-meta":"","adv-header-id-meta":"","stick-header-meta":"","header-above-stick-meta":"","header-main-stick-meta":"","header-below-stick-meta":""},"pwb-brand":[36],"product_cat":[30],"product_tag":[],"class_list":{"0":"post-49890","1":"product","2":"type-product","3":"status-publish","5":"pwb-brand-mapco","6":"product_cat-oljynsuodatin","7":"desktop-align-left","8":"tablet-align-left","9":"mobile-align-left","11":"first","12":"instock","13":"product-type-external"},"brands":[{"id":36,"name":"MAPCO","slug":"mapco"}],"_links":{"self":[{"href":"https:\/\/www.autonvaraosahaku.fi\/index.php?rest_route=\/wp\/v2\/product\/49890","targetHints":{"allow":["GET"]}}],"collection":[{"href":"https:\/\/www.autonvaraosahaku.fi\/index.php?rest_route=\/wp\/v2\/product"}],"about":[{"href":"https:\/\/www.autonvaraosahaku.fi\/index.php?rest_route=\/wp\/v2\/types\/product"}],"wp:attachment":[{"href":"https:\/\/www.autonvaraosahaku.fi\/index.php?rest_route=%2Fwp%2Fv2%2Fmedia&parent=49890"}],"wp:term":[{"taxonomy":"pwb-brand","embeddable":true,"href":"https:\/\/www.autonvaraosahaku.fi\/index.php?rest_route=%2Fwp%2Fv2%2Fpwb-brand&post=49890"},{"taxonomy":"product_cat","embeddable":true,"href":"https:\/\/www.autonvaraosahaku.fi\/index.php?rest_route=%2Fwp%2Fv2%2Fproduct_cat&post=49890"},{"taxonomy":"product_tag","embeddable":true,"href":"https:\/\/www.autonvaraosahaku.fi\/index.php?rest_route=%2Fwp%2Fv2%2Fproduct_tag&post=49890"}],"curies":[{"name":"wp","href":"https:\/\/api.w.org\/{rel}","templated":true}]}}