{"id":49901,"date":"2021-02-21T17:28:54","date_gmt":"2021-02-21T17:28:54","guid":{"rendered":"https:\/\/www.autonvaraosahaku.fi\/?product=topran-115-156-keskuslukitus"},"modified":"2021-02-21T17:28:59","modified_gmt":"2021-02-21T17:28:59","slug":"topran-115-156-keskuslukitus","status":"publish","type":"product","link":"https:\/\/www.autonvaraosahaku.fi\/?product=topran-115-156-keskuslukitus","title":{"rendered":"TOPRAN 115 156 Keskuslukitus"},"content":{"rendered":"<p>K\u00e4ytt\u00f6: S\u00e4hk\u00f6inen; Lis\u00e4tarvike\/lis\u00e4tieto: Alkuper\u00e4iset liittimet tulee k\u00e4ytt\u00e4\u00e4 uudestaan; Korvaava tuote\/korvaava tiedote 2: ilman raidetankoa; Kotelomateriaali: Lasikuitu-muovi; Napojen m\u00e4\u00e4r\u00e4: 2; Pistokkeen kotelon muoto: suorakulmainen (rectangular); Nimellisj\u00e4nnite (V): 12; Asennuspuoli: Fahrzeugtankklappe; VW: GOLF IV 1J1,GOLF V 1K1,PASSAT Variant 3C5,GOLF PLUS 5M1, 521,PASSAT Variant 3B6,PASSAT 3C2,PASSAT Variant 3B5,PASSAT 3B2,PASSAT CC 357,PASSAT 3B3,JETTA III 1K2,CC 358; AUDI: A6 Avant 4F5, C6,A3 8P1,A4 Avant 8E5, B6,A6 Avant 4B5, C5,A6 4F2, C6,Q7 4L,TT 8N3,TT Roadster 8N9; SKODA: OCTAVIA Combi 1U5,OCTAVIA 1U2,SUPERB 3U4; SEAT: LEON 1M1,TOLEDO II 1M2; 1J0810773, 1J0810773A, 1J0810773B, 1J0810773C, 1J0810773D, 1J6810773A, 1J6810773B, 1J6810773C, 1J6959773D, 1K5810773, 1K5810773A, 1K5959782, 1K6810773, 1M0810773, 1M0810773A, 1M0810773B, 1M0810773C, 1M6810773B, 1M6810773C, 1M6810773D, 3B0810773, 3B0810773A, 3B0810773B, 3B0810773D, 3B0959782, 3B0959782A, 3C0810773, 3C0810773A, 3C8810773, 3C8810773A, 4B9962115B, 4B9962115C, 4F0862153B, 5M0810773, 1J0810773, 1J0810773A, 1J0810773B, 1J0810773C, 1J0810773D, 1J6810773A, 1J6810773B, 1J6810773C, 1J6959773D, 1K5810773, 1K5810773A, 1K5959782, 1K6810773, 1M0810773, 1M0810773A, 1M0810773B, 1M0810773C, 1M6810773B, 1M6810773C, 1M6810773D, 3B0810773, 3B0810773A, 3B0810773B, 3B0810773D, 3B0959782, 3B0959782A, 3C0810773, 3C0810773A, 3C8810773, 3C8810773A, 4B9962115B, 4B9962115C, 4F0862153B, 5M0810773, 1J0810773, 1J0810773A, 1J0810773B, 1J0810773C, 1J0810773D, 1J6810773A, 1J6810773B, 1J6810773C, 1J6959773D, 1K5810773, 1K5810773A, 1K5959782, 1K6810773, 1M0810773, 1M0810773A, 1M0810773B, 1M0810773C, 1M6&#8230;; Keskuslukitussarja,S\u00e4\u00e4t\u00f6elementti, Keskuslukitus<\/p>\n","protected":false},"excerpt":{"rendered":"<p>TOPRAN Keskuslukitus 115 156 Keskuslukitussarja,S\u00e4\u00e4t\u00f6elementti, Keskuslukitus VW,AUDI,SKODA,GOLF IV 1J1,GOLF V 1K1,PASSAT Variant 3C5<\/p>\n","protected":false},"featured_media":0,"template":"","meta":{"site-sidebar-layout":"default","site-content-layout":"default","ast-global-header-display":"","ast-main-header-display":"","ast-hfb-above-header-display":"","ast-hfb-below-header-display":"","ast-hfb-mobile-header-display":"","site-post-title":"","ast-breadcrumbs-content":"","ast-featured-img":"","footer-sml-layout":"","theme-transparent-header-meta":"","adv-header-id-meta":"","stick-header-meta":"","header-above-stick-meta":"","header-main-stick-meta":"","header-below-stick-meta":""},"pwb-brand":[18],"product_cat":[202],"product_tag":[],"class_list":{"0":"post-49901","1":"product","2":"type-product","3":"status-publish","5":"pwb-brand-topran","6":"product_cat-keskuslukitus","7":"desktop-align-left","8":"tablet-align-left","9":"mobile-align-left","11":"first","12":"instock","13":"product-type-external"},"brands":[{"id":18,"name":"TOPRAN","slug":"topran"}],"_links":{"self":[{"href":"https:\/\/www.autonvaraosahaku.fi\/index.php?rest_route=\/wp\/v2\/product\/49901","targetHints":{"allow":["GET"]}}],"collection":[{"href":"https:\/\/www.autonvaraosahaku.fi\/index.php?rest_route=\/wp\/v2\/product"}],"about":[{"href":"https:\/\/www.autonvaraosahaku.fi\/index.php?rest_route=\/wp\/v2\/types\/product"}],"wp:attachment":[{"href":"https:\/\/www.autonvaraosahaku.fi\/index.php?rest_route=%2Fwp%2Fv2%2Fmedia&parent=49901"}],"wp:term":[{"taxonomy":"pwb-brand","embeddable":true,"href":"https:\/\/www.autonvaraosahaku.fi\/index.php?rest_route=%2Fwp%2Fv2%2Fpwb-brand&post=49901"},{"taxonomy":"product_cat","embeddable":true,"href":"https:\/\/www.autonvaraosahaku.fi\/index.php?rest_route=%2Fwp%2Fv2%2Fproduct_cat&post=49901"},{"taxonomy":"product_tag","embeddable":true,"href":"https:\/\/www.autonvaraosahaku.fi\/index.php?rest_route=%2Fwp%2Fv2%2Fproduct_tag&post=49901"}],"curies":[{"name":"wp","href":"https:\/\/api.w.org\/{rel}","templated":true}]}}