{"id":49913,"date":"2021-02-21T17:29:00","date_gmt":"2021-02-21T17:29:00","guid":{"rendered":"https:\/\/www.autonvaraosahaku.fi\/?product=ridex-402b0840-jarrupalat"},"modified":"2021-02-21T17:29:03","modified_gmt":"2021-02-21T17:29:03","slug":"ridex-402b0840-jarrupalat","status":"publish","type":"product","link":"https:\/\/www.autonvaraosahaku.fi\/?product=ridex-402b0840-jarrupalat","title":{"rendered":"RIDEX 402B0840 Jarrupalat"},"content":{"rendered":"<p>Pituus (mm): 131,5; Leveys, sis\u00e4 (mm): 49,2; Paksuus [mm]: 16,6; M\u00e4\u00e4r\u00e4yksikk\u00f6: Akselisarja; Vannekoko (tuumaa): 14; HONDA: CIVIC VII Hatchback EU, EP, EV,ACCORD VI CG, CK,ACCORD VI Hatchback CH; 45022S1AE61, 45022S1AE62, 45022S1AE63, 45022S1AE64, 45022S1AE80, 45022S6F305, 45022S6FE01, 45022S6FE50; Jarrupalasarja,Jarrupala, Levyjarru<\/p>\n","protected":false},"excerpt":{"rendered":"<p>RIDEX Jarrupalat 402B0840 Jarrupalasarja,Jarrupala, Levyjarru HONDA,CIVIC VII Hatchback EU, EP, EV,ACCORD VI CG, CK,ACCORD VI Hatchback CH<\/p>\n","protected":false},"featured_media":0,"template":"","meta":{"site-sidebar-layout":"default","site-content-layout":"default","ast-global-header-display":"","ast-main-header-display":"","ast-hfb-above-header-display":"","ast-hfb-below-header-display":"","ast-hfb-mobile-header-display":"","site-post-title":"","ast-breadcrumbs-content":"","ast-featured-img":"","footer-sml-layout":"","theme-transparent-header-meta":"","adv-header-id-meta":"","stick-header-meta":"","header-above-stick-meta":"","header-main-stick-meta":"","header-below-stick-meta":""},"pwb-brand":[157],"product_cat":[100],"product_tag":[],"class_list":{"0":"post-49913","1":"product","2":"type-product","3":"status-publish","5":"pwb-brand-ridex","6":"product_cat-jarrupalat","7":"desktop-align-left","8":"tablet-align-left","9":"mobile-align-left","11":"first","12":"instock","13":"product-type-external"},"brands":[{"id":157,"name":"RIDEX","slug":"ridex"}],"_links":{"self":[{"href":"https:\/\/www.autonvaraosahaku.fi\/index.php?rest_route=\/wp\/v2\/product\/49913","targetHints":{"allow":["GET"]}}],"collection":[{"href":"https:\/\/www.autonvaraosahaku.fi\/index.php?rest_route=\/wp\/v2\/product"}],"about":[{"href":"https:\/\/www.autonvaraosahaku.fi\/index.php?rest_route=\/wp\/v2\/types\/product"}],"wp:attachment":[{"href":"https:\/\/www.autonvaraosahaku.fi\/index.php?rest_route=%2Fwp%2Fv2%2Fmedia&parent=49913"}],"wp:term":[{"taxonomy":"pwb-brand","embeddable":true,"href":"https:\/\/www.autonvaraosahaku.fi\/index.php?rest_route=%2Fwp%2Fv2%2Fpwb-brand&post=49913"},{"taxonomy":"product_cat","embeddable":true,"href":"https:\/\/www.autonvaraosahaku.fi\/index.php?rest_route=%2Fwp%2Fv2%2Fproduct_cat&post=49913"},{"taxonomy":"product_tag","embeddable":true,"href":"https:\/\/www.autonvaraosahaku.fi\/index.php?rest_route=%2Fwp%2Fv2%2Fproduct_tag&post=49913"}],"curies":[{"name":"wp","href":"https:\/\/api.w.org\/{rel}","templated":true}]}}