{"id":49916,"date":"2021-02-21T17:29:00","date_gmt":"2021-02-21T17:29:00","guid":{"rendered":"https:\/\/www.autonvaraosahaku.fi\/?product=ridex-402b0817-jarrupalat"},"modified":"2021-02-21T17:29:04","modified_gmt":"2021-02-21T17:29:04","slug":"ridex-402b0817-jarrupalat","status":"publish","type":"product","link":"https:\/\/www.autonvaraosahaku.fi\/?product=ridex-402b0817-jarrupalat","title":{"rendered":"RIDEX 402B0817 Jarrupalat"},"content":{"rendered":"<p>Paksuus [mm]: 17,3; Pituus (mm): 141; Paino [kg]: 1,3; Kulumisvaroittimia [pro Achse]: 2; Korkeus 1 (mm): 47,8; Kulumisenilmaisimen liitos: Sis. kulumisenilmaisimen; Jarruj\u00e4rjestelm\u00e4: ATE; Korvaava tuote\/korvaava tiedote 2: M\u00e4nn\u00e4n lukoilla; WVA-numero: 21430, 21432; M\u00e4\u00e4r\u00e4yksikk\u00f6: Akselisarja; Asennuspuoli: Vorderachse; CITRO\u00cbN: SAXO S0, S1,XSARA N1,XSARA Coupe N0,XSARA Kasten,XSARA Kasten\/Schr\u00e4gheck; PEUGEOT: 306 Schr\u00e4gheck 7A, 7C, N3, N5,306 Cabriolet 7D, N3, N5,106 I 1A, 1C,306 7B, N3, N5,106 Van 1_,306 Van N_, 7_,306 Kasten\/Schr\u00e4gheck; 415188, 425138, 425139, 425482, 415188, 425103, 425121, 425122, 425134, 425142, 425267, 425304, 425315, 425316, 425450, 425482; Jarrupalasarja,Jarrupala, Levyjarru<\/p>\n","protected":false},"excerpt":{"rendered":"<p>RIDEX Jarrupalat 402B0817 Jarrupalasarja,Jarrupala, Levyjarru CITRO\u00cbN,PEUGEOT,SAXO S0, S1,XSARA N1,XSARA Coupe N0,XSARA Kasten,XSARA Kasten\/Schr\u00e4gheck<\/p>\n","protected":false},"featured_media":0,"template":"","meta":{"site-sidebar-layout":"default","site-content-layout":"default","ast-global-header-display":"","ast-main-header-display":"","ast-hfb-above-header-display":"","ast-hfb-below-header-display":"","ast-hfb-mobile-header-display":"","site-post-title":"","ast-breadcrumbs-content":"","ast-featured-img":"","footer-sml-layout":"","theme-transparent-header-meta":"","adv-header-id-meta":"","stick-header-meta":"","header-above-stick-meta":"","header-main-stick-meta":"","header-below-stick-meta":""},"pwb-brand":[157],"product_cat":[100],"product_tag":[],"class_list":{"0":"post-49916","1":"product","2":"type-product","3":"status-publish","5":"pwb-brand-ridex","6":"product_cat-jarrupalat","7":"desktop-align-left","8":"tablet-align-left","9":"mobile-align-left","11":"first","12":"instock","13":"product-type-external"},"brands":[{"id":157,"name":"RIDEX","slug":"ridex"}],"_links":{"self":[{"href":"https:\/\/www.autonvaraosahaku.fi\/index.php?rest_route=\/wp\/v2\/product\/49916","targetHints":{"allow":["GET"]}}],"collection":[{"href":"https:\/\/www.autonvaraosahaku.fi\/index.php?rest_route=\/wp\/v2\/product"}],"about":[{"href":"https:\/\/www.autonvaraosahaku.fi\/index.php?rest_route=\/wp\/v2\/types\/product"}],"wp:attachment":[{"href":"https:\/\/www.autonvaraosahaku.fi\/index.php?rest_route=%2Fwp%2Fv2%2Fmedia&parent=49916"}],"wp:term":[{"taxonomy":"pwb-brand","embeddable":true,"href":"https:\/\/www.autonvaraosahaku.fi\/index.php?rest_route=%2Fwp%2Fv2%2Fpwb-brand&post=49916"},{"taxonomy":"product_cat","embeddable":true,"href":"https:\/\/www.autonvaraosahaku.fi\/index.php?rest_route=%2Fwp%2Fv2%2Fproduct_cat&post=49916"},{"taxonomy":"product_tag","embeddable":true,"href":"https:\/\/www.autonvaraosahaku.fi\/index.php?rest_route=%2Fwp%2Fv2%2Fproduct_tag&post=49916"}],"curies":[{"name":"wp","href":"https:\/\/api.w.org\/{rel}","templated":true}]}}