{"id":49941,"date":"2021-02-21T17:29:06","date_gmt":"2021-02-21T17:29:06","guid":{"rendered":"https:\/\/www.autonvaraosahaku.fi\/?product=ridex-3926a0059-ilmamassamittari"},"modified":"2021-02-21T17:29:11","modified_gmt":"2021-02-21T17:29:11","slug":"ridex-3926a0059-ilmamassamittari","status":"publish","type":"product","link":"https:\/\/www.autonvaraosahaku.fi\/?product=ridex-3926a0059-ilmamassamittari","title":{"rendered":"RIDEX 3926A0059 Ilmamassamittari"},"content":{"rendered":"<p>Kotelomalli: Kopalla; K\u00e4yt\u00f6ss\u00e4 koskettimia: 5; Ulostulon l\u00e4pimitta [mm]: 70; Sis\u00e4\u00e4ntulol\u00e4pimitta [mm]: 70; Alustanumerosta: 8L1057000; VW: GOLF IV 1J1,GOLF IV Variant 1J5,BORA 1J2,NEW BEETLE 9C1, 1C1,GOLF Mk III Cabriolet 1E7,BORA Kombi 1J6,GOLF IV Van 1J1; AUDI: A3 8L1,A4 Avant 8E5, B6,A4 8E2, B6,A4 Cabriolet 8H7, B6, 8HE, B7,TT 8N3,TT Roadster 8N9; SEAT: ALHAMBRA 7V8, 7V9; 06A906461, 06A906461C, 06A906461CX, 06A906461X, 06A906473, 06A906473A, 06A906461C, 06A906461CX, 06A906461X, 06A906461, 06A906461C, 06A906461CX, 06A906461X, 06A906473, 06A906473A; Ilmam\u00e4\u00e4r\u00e4mittari,MAF Anturi<\/p>\n","protected":false},"excerpt":{"rendered":"<p>RIDEX Ilmamassamittari 3926A0059 Ilmam\u00e4\u00e4r\u00e4mittari,MAF Anturi VW,AUDI,SEAT,GOLF IV 1J1,GOLF IV Variant 1J5,BORA 1J2,NEW BEETLE 9C1, 1C1<\/p>\n","protected":false},"featured_media":0,"template":"","meta":{"site-sidebar-layout":"default","site-content-layout":"default","ast-global-header-display":"","ast-main-header-display":"","ast-hfb-above-header-display":"","ast-hfb-below-header-display":"","ast-hfb-mobile-header-display":"","site-post-title":"","ast-breadcrumbs-content":"","ast-featured-img":"","footer-sml-layout":"","theme-transparent-header-meta":"","adv-header-id-meta":"","stick-header-meta":"","header-above-stick-meta":"","header-main-stick-meta":"","header-below-stick-meta":""},"pwb-brand":[157],"product_cat":[270],"product_tag":[],"class_list":{"0":"post-49941","1":"product","2":"type-product","3":"status-publish","5":"pwb-brand-ridex","6":"product_cat-ilmamassamittari","7":"desktop-align-left","8":"tablet-align-left","9":"mobile-align-left","11":"first","12":"instock","13":"product-type-external"},"brands":[{"id":157,"name":"RIDEX","slug":"ridex"}],"_links":{"self":[{"href":"https:\/\/www.autonvaraosahaku.fi\/index.php?rest_route=\/wp\/v2\/product\/49941","targetHints":{"allow":["GET"]}}],"collection":[{"href":"https:\/\/www.autonvaraosahaku.fi\/index.php?rest_route=\/wp\/v2\/product"}],"about":[{"href":"https:\/\/www.autonvaraosahaku.fi\/index.php?rest_route=\/wp\/v2\/types\/product"}],"wp:attachment":[{"href":"https:\/\/www.autonvaraosahaku.fi\/index.php?rest_route=%2Fwp%2Fv2%2Fmedia&parent=49941"}],"wp:term":[{"taxonomy":"pwb-brand","embeddable":true,"href":"https:\/\/www.autonvaraosahaku.fi\/index.php?rest_route=%2Fwp%2Fv2%2Fpwb-brand&post=49941"},{"taxonomy":"product_cat","embeddable":true,"href":"https:\/\/www.autonvaraosahaku.fi\/index.php?rest_route=%2Fwp%2Fv2%2Fproduct_cat&post=49941"},{"taxonomy":"product_tag","embeddable":true,"href":"https:\/\/www.autonvaraosahaku.fi\/index.php?rest_route=%2Fwp%2Fv2%2Fproduct_tag&post=49941"}],"curies":[{"name":"wp","href":"https:\/\/api.w.org\/{rel}","templated":true}]}}