{"id":49945,"date":"2021-02-21T17:29:12","date_gmt":"2021-02-21T17:29:12","guid":{"rendered":"https:\/\/www.autonvaraosahaku.fi\/?product=ridex-3926a0008-ilmamassamittari"},"modified":"2021-02-21T17:29:13","modified_gmt":"2021-02-21T17:29:13","slug":"ridex-3926a0008-ilmamassamittari","status":"publish","type":"product","link":"https:\/\/www.autonvaraosahaku.fi\/?product=ridex-3926a0008-ilmamassamittari","title":{"rendered":"RIDEX 3926A0008 Ilmamassamittari"},"content":{"rendered":"<p>Liittimi\u00e4: 5; Korvaava tuote\/korvaava tiedote 2: Sis\u00e4\u00e4nrakennetulla ilmal\u00e4mp\u00f6tilasensorilla; Pistokkeen kotelon muoto: Soikea; J\u00e4nnite (V): 12; Kotelomalli: Kopalla; suositeltu korjauksenlaajennus: Ilmasuodatin; Moottorinumero: AR33401; KIA: SORENTO I JC,SORENTO II XM,CARENS II FJ,SORENTO III; CHRYSLER: VOYAGER IV RG, RS,GRAND VOYAGER V RT; LANCIA: LYBRA SW 839BX,KAPPA 838A,LYBRA 839AX,KAPPA SW 838B,KAPPA Coupe 838; OPEL: CORSA D,CORSA C F08, F68,ZAFIRA B A05,ASTRA H Caravan L35,MERIVA,ZAFIRA A F75_,ASTRA G CC F48_, F08_,ASTRA H L48,ASTRA G Caravan F35_,ASTRA H GTC L08,VECTRA B 36_,OMEGA B Caravan 21_, 22_, 23_,OMEGA B 25_, 26_, 27_,VECTRA B Caravan 31_,ASTRA H TwinTop L67,ASTRA G Cabriolet F67,ASTRA G Coupe F07_,COMBO Kasten\/Kombi,ASTRA G Stufenheck F69_,VECTRA B CC 38_,COMBO Tour,CORSA C Kasten F08, W5L,SPEEDSTER,ASTRA G Kasten F70; HYUNDAI: SANTA F\u00c9 I SM,TRAJET FO,H-1 Kasten,H-1 \/ STAREX; ALFA ROMEO: 147 937,156 Sportwagon 932,156 932,SPIDER 916S_,166 936,GTV 916C_,145 930,146 930; FIAT: PUNTO 188,DOBLO Cargo 223,DOBLO 119,COUPE FA\/175,PUNTO Van 188AX,BRAVO I 182,BRAVA 182,MAREA Weekend 185,MAREA 185; VAUXHALL: CORSA Mk III D L_8,ZAFIRA Mk II B M75,ASTRA Mk V H CC,ZAFIRA Mk I A F75,CORSA Mk II C W5L, F08,ASTRA Mk V H Estate,ASTRA Mk V H Convertible,ASTRA Mk IV G CC,MERIVA Mk I A,OMEGA B,ASTRA Mk IV G Sedan,VECTRA B CC,VX220,VECTRA B Estate,VECTRA B,ASTRA Mk IV G Coupe F67,OMEGA B Estate,ASTRA Mk IV G Convertible,COMBO Mk II C Kasten\/Kombi F25,ASTRA Mk IV G Estate; 60814852, 46447503, 46447508, 46472182, 46541253, 60814852, 2816427000, 2816438080, 2816438200, 2816438210, 2816427000, 2816438210, 836588, 836591, 836592, 836629, 836645, 24414665, 55351974, 55559313, 90423761, 90530767, 90543463, 9195729, 9201425, 93171355, 93171356, 93180922, 93180992; Ilmam\u00e4\u00e4r\u00e4mittari,MAF Anturi<\/p>\n","protected":false},"excerpt":{"rendered":"<p>RIDEX Ilmamassamittari 3926A0008 Ilmam\u00e4\u00e4r\u00e4mittari,MAF Anturi KIA,CHRYSLER,LANCIA,SORENTO I JC,SORENTO II XM,CARENS II FJ,SORENTO III,VOYAGER IV RG, RS<\/p>\n","protected":false},"featured_media":0,"template":"","meta":{"site-sidebar-layout":"default","site-content-layout":"default","ast-global-header-display":"","ast-main-header-display":"","ast-hfb-above-header-display":"","ast-hfb-below-header-display":"","ast-hfb-mobile-header-display":"","site-post-title":"","ast-breadcrumbs-content":"","ast-featured-img":"","footer-sml-layout":"","theme-transparent-header-meta":"","adv-header-id-meta":"","stick-header-meta":"","header-above-stick-meta":"","header-main-stick-meta":"","header-below-stick-meta":""},"pwb-brand":[157],"product_cat":[270],"product_tag":[],"class_list":{"0":"post-49945","1":"product","2":"type-product","3":"status-publish","5":"pwb-brand-ridex","6":"product_cat-ilmamassamittari","7":"desktop-align-left","8":"tablet-align-left","9":"mobile-align-left","11":"first","12":"instock","13":"product-type-external"},"brands":[{"id":157,"name":"RIDEX","slug":"ridex"}],"_links":{"self":[{"href":"https:\/\/www.autonvaraosahaku.fi\/index.php?rest_route=\/wp\/v2\/product\/49945","targetHints":{"allow":["GET"]}}],"collection":[{"href":"https:\/\/www.autonvaraosahaku.fi\/index.php?rest_route=\/wp\/v2\/product"}],"about":[{"href":"https:\/\/www.autonvaraosahaku.fi\/index.php?rest_route=\/wp\/v2\/types\/product"}],"wp:attachment":[{"href":"https:\/\/www.autonvaraosahaku.fi\/index.php?rest_route=%2Fwp%2Fv2%2Fmedia&parent=49945"}],"wp:term":[{"taxonomy":"pwb-brand","embeddable":true,"href":"https:\/\/www.autonvaraosahaku.fi\/index.php?rest_route=%2Fwp%2Fv2%2Fpwb-brand&post=49945"},{"taxonomy":"product_cat","embeddable":true,"href":"https:\/\/www.autonvaraosahaku.fi\/index.php?rest_route=%2Fwp%2Fv2%2Fproduct_cat&post=49945"},{"taxonomy":"product_tag","embeddable":true,"href":"https:\/\/www.autonvaraosahaku.fi\/index.php?rest_route=%2Fwp%2Fv2%2Fproduct_tag&post=49945"}],"curies":[{"name":"wp","href":"https:\/\/api.w.org\/{rel}","templated":true}]}}