{"id":49951,"date":"2021-02-21T17:29:12","date_gmt":"2021-02-21T17:29:12","guid":{"rendered":"https:\/\/www.autonvaraosahaku.fi\/?product=ashika-50-02-238-jarrupalat"},"modified":"2021-02-21T17:29:14","modified_gmt":"2021-02-21T17:29:14","slug":"ashika-50-02-238-jarrupalat","status":"publish","type":"product","link":"https:\/\/www.autonvaraosahaku.fi\/?product=ashika-50-02-238-jarrupalat","title":{"rendered":"ASHIKA 50-02-238 Jarrupalat"},"content":{"rendered":"<p>Asennuspuoli: Etuakseli; Jarrutyyppi: Levyjarru; Pituus (mm): 150; Pituus 1 (mm): 152; Korkeus (mm): 61; Korkeus 1 (mm): 58; Paksuus [mm]: 18; WVA-numero: 24022; Tarkistuskilpi: ECE R90 APPROVED; M\u00e4\u00e4r\u00e4yksikk\u00f6: Akselisarja; Valmistusmaa: Frankreich; TOYOTA: YARIS SCP9_, NSP9_, KSP9_, NCP9_, ZSP9_,YARIS NHP13_, NSP13_, NCP13_, KSP13_, NLP13_; DAIHATSU: CHARADE; 044650D050, 044650D050000, 044650D050, 044650D120; Jarrupalasarja,Jarrupala, Levyjarru<\/p>\n","protected":false},"excerpt":{"rendered":"<p>ASHIKA Jarrupalat 50-02-238 Jarrupalasarja,Jarrupala, Levyjarru TOYOTA,DAIHATSU,YARIS SCP9_, NSP9_, KSP9_, NCP9_, ZSP9_<\/p>\n","protected":false},"featured_media":0,"template":"","meta":{"site-sidebar-layout":"default","site-content-layout":"default","ast-global-header-display":"","ast-main-header-display":"","ast-hfb-above-header-display":"","ast-hfb-below-header-display":"","ast-hfb-mobile-header-display":"","site-post-title":"","ast-breadcrumbs-content":"","ast-featured-img":"","footer-sml-layout":"","theme-transparent-header-meta":"","adv-header-id-meta":"","stick-header-meta":"","header-above-stick-meta":"","header-main-stick-meta":"","header-below-stick-meta":""},"pwb-brand":[102],"product_cat":[100],"product_tag":[],"class_list":{"0":"post-49951","1":"product","2":"type-product","3":"status-publish","5":"pwb-brand-ashika","6":"product_cat-jarrupalat","7":"desktop-align-left","8":"tablet-align-left","9":"mobile-align-left","11":"first","12":"instock","13":"product-type-external"},"brands":[{"id":102,"name":"ASHIKA","slug":"ashika"}],"_links":{"self":[{"href":"https:\/\/www.autonvaraosahaku.fi\/index.php?rest_route=\/wp\/v2\/product\/49951","targetHints":{"allow":["GET"]}}],"collection":[{"href":"https:\/\/www.autonvaraosahaku.fi\/index.php?rest_route=\/wp\/v2\/product"}],"about":[{"href":"https:\/\/www.autonvaraosahaku.fi\/index.php?rest_route=\/wp\/v2\/types\/product"}],"wp:attachment":[{"href":"https:\/\/www.autonvaraosahaku.fi\/index.php?rest_route=%2Fwp%2Fv2%2Fmedia&parent=49951"}],"wp:term":[{"taxonomy":"pwb-brand","embeddable":true,"href":"https:\/\/www.autonvaraosahaku.fi\/index.php?rest_route=%2Fwp%2Fv2%2Fpwb-brand&post=49951"},{"taxonomy":"product_cat","embeddable":true,"href":"https:\/\/www.autonvaraosahaku.fi\/index.php?rest_route=%2Fwp%2Fv2%2Fproduct_cat&post=49951"},{"taxonomy":"product_tag","embeddable":true,"href":"https:\/\/www.autonvaraosahaku.fi\/index.php?rest_route=%2Fwp%2Fv2%2Fproduct_tag&post=49951"}],"curies":[{"name":"wp","href":"https:\/\/api.w.org\/{rel}","templated":true}]}}