{"id":49973,"date":"2021-02-21T17:29:18","date_gmt":"2021-02-21T17:29:18","guid":{"rendered":"https:\/\/www.autonvaraosahaku.fi\/?product=frenkit-248004-jarrusatula-korjaussarja"},"modified":"2021-02-21T17:29:21","modified_gmt":"2021-02-21T17:29:21","slug":"frenkit-248004-jarrusatula-korjaussarja","status":"publish","type":"product","link":"https:\/\/www.autonvaraosahaku.fi\/?product=frenkit-248004-jarrusatula-korjaussarja","title":{"rendered":"FRENKIT 248004 Jarrusatula korjaussarja"},"content":{"rendered":"<p>L\u00e4pimitta [mm]: 48; Asennuspuoli: Etuakseli; Jarruj\u00e4rjestelm\u00e4: Bendix; Jarrulevypaksuudelle [mm]: 11; SEAT: MARBELLA 28,IBIZA I 021A,TERRA Kasten 024A,MARBELLA Kasten 028A,124,MALAGA 023A,TERRA 24,124 Kombi,128,PANDA 141A; LANCIA: Y10 156; FORD: FIESTA I GFBT,FIESTA Kasten WFVT; ALFA ROMEO: 33 905,33 Sportwagon 905A,ARNA 920; RENAULT: 5 122_; FIAT: PANDA 141A_,126,UNO 146A\/E,X 1\/9 128 AS,127,128 Coupe,128,PANDA Van 141_,131,RITMO I 138A,REGATA 138,128 Familiare,131 Familiare\/Panorama,147,REGATA Weekend 138,147 Panorama; AUTOBIANCHI: Y10; ZASTAVA: 101 1100,YUGO,YUGO FLORIDA; 7901444838, 1900058, 792543, 82302681, 1572589, 77FB2B107AA, 444838, 7701001697, 7701201092, SE131165101A, 13575100, 55018W, 9404448388; Korjaussarja, Jarrusatula<\/p>\n","protected":false},"excerpt":{"rendered":"<p>FRENKIT Jarrusatula Korjaussarja 248004 Korjaussarja, Jarrusatula SEAT,LANCIA,FORD,MARBELLA 28,IBIZA I 021A,TERRA Kasten 024A,MARBELLA Kasten 028A,124<\/p>\n","protected":false},"featured_media":0,"template":"","meta":{"site-sidebar-layout":"default","site-content-layout":"default","ast-global-header-display":"","ast-main-header-display":"","ast-hfb-above-header-display":"","ast-hfb-below-header-display":"","ast-hfb-mobile-header-display":"","site-post-title":"","ast-breadcrumbs-content":"","ast-featured-img":"","footer-sml-layout":"","theme-transparent-header-meta":"","adv-header-id-meta":"","stick-header-meta":"","header-above-stick-meta":"","header-main-stick-meta":"","header-below-stick-meta":""},"pwb-brand":[474],"product_cat":[57],"product_tag":[],"class_list":{"0":"post-49973","1":"product","2":"type-product","3":"status-publish","5":"pwb-brand-frenkit","6":"product_cat-jarrusatula-korjaussarja","7":"desktop-align-left","8":"tablet-align-left","9":"mobile-align-left","11":"first","12":"instock","13":"product-type-external"},"brands":[{"id":474,"name":"FRENKIT","slug":"frenkit"}],"_links":{"self":[{"href":"https:\/\/www.autonvaraosahaku.fi\/index.php?rest_route=\/wp\/v2\/product\/49973","targetHints":{"allow":["GET"]}}],"collection":[{"href":"https:\/\/www.autonvaraosahaku.fi\/index.php?rest_route=\/wp\/v2\/product"}],"about":[{"href":"https:\/\/www.autonvaraosahaku.fi\/index.php?rest_route=\/wp\/v2\/types\/product"}],"wp:attachment":[{"href":"https:\/\/www.autonvaraosahaku.fi\/index.php?rest_route=%2Fwp%2Fv2%2Fmedia&parent=49973"}],"wp:term":[{"taxonomy":"pwb-brand","embeddable":true,"href":"https:\/\/www.autonvaraosahaku.fi\/index.php?rest_route=%2Fwp%2Fv2%2Fpwb-brand&post=49973"},{"taxonomy":"product_cat","embeddable":true,"href":"https:\/\/www.autonvaraosahaku.fi\/index.php?rest_route=%2Fwp%2Fv2%2Fproduct_cat&post=49973"},{"taxonomy":"product_tag","embeddable":true,"href":"https:\/\/www.autonvaraosahaku.fi\/index.php?rest_route=%2Fwp%2Fv2%2Fproduct_tag&post=49973"}],"curies":[{"name":"wp","href":"https:\/\/api.w.org\/{rel}","templated":true}]}}