{"id":49975,"date":"2021-02-21T17:29:18","date_gmt":"2021-02-21T17:29:18","guid":{"rendered":"https:\/\/www.autonvaraosahaku.fi\/?product=ridex-318g0034-kannentiiviste"},"modified":"2021-02-21T17:29:21","modified_gmt":"2021-02-21T17:29:21","slug":"ridex-318g0034-kannentiiviste","status":"publish","type":"product","link":"https:\/\/www.autonvaraosahaku.fi\/?product=ridex-318g0034-kannentiiviste","title":{"rendered":"RIDEX 318G0034 Kannentiiviste"},"content":{"rendered":"<p>Paksuus [mm]: 1.3; L\u00e4pimitta 1 [mm]: 73.5; Tiivistetyyppi: Komposiitti-tiiviste; Tarvittava kappalem\u00e4\u00e4r\u00e4: 1; Valmistusvuosi alkaen: 01\/2000; PEUGEOT: 206 Schr\u00e4gheck 2A\/C,207 WA_, WC_,207 SW WK_,206 SW 2E\/K,106 II 1,206+ T3E,PARTNER Combispace 5F,206 Stufenheck,BIPPER AA_,BIPPER Tepee; CITRO\u00cbN: BERLINGO MF,C2 JM_,C3 I FC_,SAXO S0, S1,BERLINGO Kasten M_,NEMO Kasten AA_,NEMO Kombi; 0209Y0, 0290Y0, 9677399580, 0209Y0, 0290Y0, 9677399580; Tiiviste, Sylinterikansi<\/p>\n","protected":false},"excerpt":{"rendered":"<p>RIDEX Kannentiiviste 318G0034 Tiiviste, Sylinterikansi PEUGEOT,CITRO\u00cbN,206 Schr\u00e4gheck 2A\/C,207 WA_, WC_,207 SW WK_,206 SW 2E\/K,106 II 1,206+ T3E<\/p>\n","protected":false},"featured_media":0,"template":"","meta":{"site-sidebar-layout":"default","site-content-layout":"default","ast-global-header-display":"","ast-main-header-display":"","ast-hfb-above-header-display":"","ast-hfb-below-header-display":"","ast-hfb-mobile-header-display":"","site-post-title":"","ast-breadcrumbs-content":"","ast-featured-img":"","footer-sml-layout":"","theme-transparent-header-meta":"","adv-header-id-meta":"","stick-header-meta":"","header-above-stick-meta":"","header-main-stick-meta":"","header-below-stick-meta":""},"pwb-brand":[157],"product_cat":[230],"product_tag":[],"class_list":{"0":"post-49975","1":"product","2":"type-product","3":"status-publish","5":"pwb-brand-ridex","6":"product_cat-kannentiiviste","7":"desktop-align-left","8":"tablet-align-left","9":"mobile-align-left","11":"first","12":"instock","13":"product-type-external"},"brands":[{"id":157,"name":"RIDEX","slug":"ridex"}],"_links":{"self":[{"href":"https:\/\/www.autonvaraosahaku.fi\/index.php?rest_route=\/wp\/v2\/product\/49975","targetHints":{"allow":["GET"]}}],"collection":[{"href":"https:\/\/www.autonvaraosahaku.fi\/index.php?rest_route=\/wp\/v2\/product"}],"about":[{"href":"https:\/\/www.autonvaraosahaku.fi\/index.php?rest_route=\/wp\/v2\/types\/product"}],"wp:attachment":[{"href":"https:\/\/www.autonvaraosahaku.fi\/index.php?rest_route=%2Fwp%2Fv2%2Fmedia&parent=49975"}],"wp:term":[{"taxonomy":"pwb-brand","embeddable":true,"href":"https:\/\/www.autonvaraosahaku.fi\/index.php?rest_route=%2Fwp%2Fv2%2Fpwb-brand&post=49975"},{"taxonomy":"product_cat","embeddable":true,"href":"https:\/\/www.autonvaraosahaku.fi\/index.php?rest_route=%2Fwp%2Fv2%2Fproduct_cat&post=49975"},{"taxonomy":"product_tag","embeddable":true,"href":"https:\/\/www.autonvaraosahaku.fi\/index.php?rest_route=%2Fwp%2Fv2%2Fproduct_tag&post=49975"}],"curies":[{"name":"wp","href":"https:\/\/api.w.org\/{rel}","templated":true}]}}