{"id":49976,"date":"2021-02-21T17:29:18","date_gmt":"2021-02-21T17:29:18","guid":{"rendered":"https:\/\/www.autonvaraosahaku.fi\/?product=ridex-124c0122-kasijarruvaijeri"},"modified":"2021-02-21T17:29:21","modified_gmt":"2021-02-21T17:29:21","slug":"ridex-124c0122-kasijarruvaijeri","status":"publish","type":"product","link":"https:\/\/www.autonvaraosahaku.fi\/?product=ridex-124c0122-kasijarruvaijeri","title":{"rendered":"RIDEX 124C0122 K\u00e4sijarruvaijeri"},"content":{"rendered":"<p>Pituus (mm): 1635, 1300; Asennuspuoli: Taakse, vasen, Taakse, oikea; Paino [kg]: 0,48; Tarvittava kappalem\u00e4\u00e4r\u00e4: 2; Moottorinumero: TU1JP; PEUGEOT: 206 Schr\u00e4gheck 2A\/C,206 CC 2D,207 SW WK_,206 SW 2E\/K,206+ T3E,206 Stufenheck,206 Van; 4745N4, 474636; Jarruvaijeri,Vaijeri, K\u00e4sijarru<\/p>\n","protected":false},"excerpt":{"rendered":"<p>RIDEX K\u00e4sijarruvaijeri 124C0122 Jarruvaijeri,Vaijeri, K\u00e4sijarru PEUGEOT,206 Schr\u00e4gheck 2A\/C,206 CC 2D,207 SW WK_,206 SW 2E\/K,206+ T3E,206 Stufenheck<\/p>\n","protected":false},"featured_media":0,"template":"","meta":{"site-sidebar-layout":"default","site-content-layout":"default","ast-global-header-display":"","ast-main-header-display":"","ast-hfb-above-header-display":"","ast-hfb-below-header-display":"","ast-hfb-mobile-header-display":"","site-post-title":"","ast-breadcrumbs-content":"","ast-featured-img":"","footer-sml-layout":"","theme-transparent-header-meta":"","adv-header-id-meta":"","stick-header-meta":"","header-above-stick-meta":"","header-main-stick-meta":"","header-below-stick-meta":""},"pwb-brand":[157],"product_cat":[210],"product_tag":[],"class_list":{"0":"post-49976","1":"product","2":"type-product","3":"status-publish","5":"pwb-brand-ridex","6":"product_cat-kasijarruvaijeri","7":"desktop-align-left","8":"tablet-align-left","9":"mobile-align-left","11":"first","12":"instock","13":"product-type-external"},"brands":[{"id":157,"name":"RIDEX","slug":"ridex"}],"_links":{"self":[{"href":"https:\/\/www.autonvaraosahaku.fi\/index.php?rest_route=\/wp\/v2\/product\/49976","targetHints":{"allow":["GET"]}}],"collection":[{"href":"https:\/\/www.autonvaraosahaku.fi\/index.php?rest_route=\/wp\/v2\/product"}],"about":[{"href":"https:\/\/www.autonvaraosahaku.fi\/index.php?rest_route=\/wp\/v2\/types\/product"}],"wp:attachment":[{"href":"https:\/\/www.autonvaraosahaku.fi\/index.php?rest_route=%2Fwp%2Fv2%2Fmedia&parent=49976"}],"wp:term":[{"taxonomy":"pwb-brand","embeddable":true,"href":"https:\/\/www.autonvaraosahaku.fi\/index.php?rest_route=%2Fwp%2Fv2%2Fpwb-brand&post=49976"},{"taxonomy":"product_cat","embeddable":true,"href":"https:\/\/www.autonvaraosahaku.fi\/index.php?rest_route=%2Fwp%2Fv2%2Fproduct_cat&post=49976"},{"taxonomy":"product_tag","embeddable":true,"href":"https:\/\/www.autonvaraosahaku.fi\/index.php?rest_route=%2Fwp%2Fv2%2Fproduct_tag&post=49976"}],"curies":[{"name":"wp","href":"https:\/\/api.w.org\/{rel}","templated":true}]}}