{"id":49990,"date":"2021-02-21T17:29:24","date_gmt":"2021-02-21T17:29:24","guid":{"rendered":"https:\/\/www.autonvaraosahaku.fi\/?product=luk-623-3041-00-kytkinpaketti"},"modified":"2021-02-21T17:29:26","modified_gmt":"2021-02-21T17:29:26","slug":"luk-623-3041-00-kytkinpaketti","status":"publish","type":"product","link":"https:\/\/www.autonvaraosahaku.fi\/?product=luk-623-3041-00-kytkinpaketti","title":{"rendered":"LuK 623 3041 00 Kytkinpaketti"},"content":{"rendered":"<p>L\u00e4pimitta [mm]: 230; Korvaava tuote\/korvaava tiedote 2: irroitinlaakerilla, Kytkinlevyll\u00e4, irroitinlaakerilla, Tarkasta 2-massavauhtipy\u00f6r\u00e4 ja uusi tarvitaessa.; Moottorimalli: Moottoreihin, joissa kaksoismassa vauhtipy\u00f6r\u00e4; Tuotelinja: BR 0222; Valmistusvuosi alkaen: 05\/1999; LANCIA: PHEDRA 179,ZETA 220; FIAT: ULYSSE 179AX,ULYSSE 220,SCUDO Kasten 220L,SCUDO Combinato 220P,SCUDO Pritsche\/Fahrgestell 220_; CITRO\u00cbN: C8 EA_, EB_,C5 I DC_,C5 I Break DE_,JUMPY,JUMPY Kasten,EVASION 22, U6,JUMPY U6U,JUMPY Kasten BS_, BT_, BY_, BZ_,JUMPY Pritsche\/Fahrgestell BU_, BV_, BW_, BX_; PEUGEOT: 807 E,607 9D, 9U,406 Break 8E\/F,406 8B,806 221,EXPERT Kasten 222,EXPERT 224,EXPERT Pritsche\/Fahrgestell 223; 1611269780, 2004CL, 2004Z0, 204166, 205097, 2050J7, 2051A5, 2051A7, 2051L9, 2051W9, 205257, 2052F1, 2052V1, 2055AW, 2055FJ, 2055S3, 1611269780, 1611271180, 9402050190, 9402050968, 9467575680, 9467623580, 9619888580, 9625260580, 9632339180, 9632655880, 9632655980, 9635222580, 1611269780, 9619888580, 9632339180, 9632655880, 9632655980, 1611269780, 2004CL, 2004X4, 204158, 204166, 205096, 205142, 2051L8, 2051W9, 205256, 2052F0, 2052V1, 2055FJ, 2055S3, 9619888580, 9632339180, 9632655880, 9632655980, 9645100480, 9647141280; Kytkinsarja<\/p>\n","protected":false},"excerpt":{"rendered":"<p>LuK Kytkinpaketti 623 3041 00 Kytkinsarja LANCIA,FIAT,CITRO\u00cbN,PHEDRA 179,ZETA 220,ULYSSE 179AX,ULYSSE 220,SCUDO Kasten 220L,SCUDO Combinato 220P<\/p>\n","protected":false},"featured_media":0,"template":"","meta":{"site-sidebar-layout":"default","site-content-layout":"default","ast-global-header-display":"","ast-main-header-display":"","ast-hfb-above-header-display":"","ast-hfb-below-header-display":"","ast-hfb-mobile-header-display":"","site-post-title":"","ast-breadcrumbs-content":"","ast-featured-img":"","footer-sml-layout":"","theme-transparent-header-meta":"","adv-header-id-meta":"","stick-header-meta":"","header-above-stick-meta":"","header-main-stick-meta":"","header-below-stick-meta":""},"pwb-brand":[20],"product_cat":[21],"product_tag":[],"class_list":{"0":"post-49990","1":"product","2":"type-product","3":"status-publish","5":"pwb-brand-luk","6":"product_cat-kytkinpaketti","7":"desktop-align-left","8":"tablet-align-left","9":"mobile-align-left","11":"first","12":"instock","13":"product-type-external"},"brands":[{"id":20,"name":"LuK","slug":"luk"}],"_links":{"self":[{"href":"https:\/\/www.autonvaraosahaku.fi\/index.php?rest_route=\/wp\/v2\/product\/49990","targetHints":{"allow":["GET"]}}],"collection":[{"href":"https:\/\/www.autonvaraosahaku.fi\/index.php?rest_route=\/wp\/v2\/product"}],"about":[{"href":"https:\/\/www.autonvaraosahaku.fi\/index.php?rest_route=\/wp\/v2\/types\/product"}],"wp:attachment":[{"href":"https:\/\/www.autonvaraosahaku.fi\/index.php?rest_route=%2Fwp%2Fv2%2Fmedia&parent=49990"}],"wp:term":[{"taxonomy":"pwb-brand","embeddable":true,"href":"https:\/\/www.autonvaraosahaku.fi\/index.php?rest_route=%2Fwp%2Fv2%2Fpwb-brand&post=49990"},{"taxonomy":"product_cat","embeddable":true,"href":"https:\/\/www.autonvaraosahaku.fi\/index.php?rest_route=%2Fwp%2Fv2%2Fproduct_cat&post=49990"},{"taxonomy":"product_tag","embeddable":true,"href":"https:\/\/www.autonvaraosahaku.fi\/index.php?rest_route=%2Fwp%2Fv2%2Fproduct_tag&post=49990"}],"curies":[{"name":"wp","href":"https:\/\/api.w.org\/{rel}","templated":true}]}}