{"id":50002,"date":"2021-02-21T17:29:29","date_gmt":"2021-02-21T17:29:29","guid":{"rendered":"https:\/\/www.autonvaraosahaku.fi\/?product=elring-111-590-kannen-pultit"},"modified":"2021-02-21T17:29:30","modified_gmt":"2021-02-21T17:29:30","slug":"elring-111-590-kannen-pultit","status":"publish","type":"product","link":"https:\/\/www.autonvaraosahaku.fi\/?product=elring-111-590-kannen-pultit","title":{"rendered":"ELRING 111.590 Kannen pultit"},"content":{"rendered":"<p>Kierremitta: M 9&#215;1,25&#215;87; Ruuvikanta\/mutteriprofiili: Sis\u00e4kiilaprofiili (Ribe CV), Sis\u00e4kiilaprofiili (Ribe CV); Pituus (mm): 87; JEEP: RENEGADE Gel\u00e4ndewagen geschlossen BU,COMPASS; ABARTH: 500 \/ 595 312_,500C \/ 595C 312_,PUNTO 199_,PUNTO EVO 199_,124 Spider 348_; OPEL: COMBO Kasten\/Kombi X12,COMBO Tour X12; LANCIA: YPSILON 843,DELTA III 844,Y 840A,MUSA 350; FIAT: GRANDE PUNTO 199,PUNTO 188,PANDA 169,500 312,STILO 192,BRAVO II 198,PUNTO EVO 199,DOBLO Cargo 223,500 C 312,PUNTO 176,STILO Multi Wagon 192,DOBLO 119,DOBLO Kasten\/Kombi 263,PUNTO 199,IDEA,500L,DOBLO Gro\u00dfraumlimousine 152, 263,BRAVO I 182,BRAVA 182,PUNTO Cabriolet 176C,MAREA Weekend 185,PALIO Weekend 178DX,LINEA 323,DOBLO Pritsche\/Fahrgestell 263,MAREA 185,PALIO 178BX,500X,SIENA 178_,TIPO Schr\u00e4gheck 356_,TIPO Kombi 356_,TIPO Stufenheck 356_,124 Spider 348_; ALFA ROMEO: GIULIETTA 940,MITO 955; TATA (TELCO): INDICA VISTA; VAUXHALL: COMBO Mk III D Kasten\/Kombi; Sylinterikannen Pultit,Syl.Kannen Pulttisarja<\/p>\n","protected":false},"excerpt":{"rendered":"<p>ELRING Kannen Pultit 111.590 Sylinterikannen Pultit,Syl.Kannen Pulttisarja JEEP,ABARTH,OPEL,RENEGADE Gel\u00e4ndewagen geschlossen BU,COMPASS<\/p>\n","protected":false},"featured_media":0,"template":"","meta":{"site-sidebar-layout":"default","site-content-layout":"default","ast-global-header-display":"","ast-main-header-display":"","ast-hfb-above-header-display":"","ast-hfb-below-header-display":"","ast-hfb-mobile-header-display":"","site-post-title":"","ast-breadcrumbs-content":"","ast-featured-img":"","footer-sml-layout":"","theme-transparent-header-meta":"","adv-header-id-meta":"","stick-header-meta":"","header-above-stick-meta":"","header-main-stick-meta":"","header-below-stick-meta":""},"pwb-brand":[26],"product_cat":[67],"product_tag":[],"class_list":{"0":"post-50002","1":"product","2":"type-product","3":"status-publish","5":"pwb-brand-elring","6":"product_cat-kannen-pultit","7":"desktop-align-left","8":"tablet-align-left","9":"mobile-align-left","11":"first","12":"instock","13":"product-type-external"},"brands":[{"id":26,"name":"ELRING","slug":"elring"}],"_links":{"self":[{"href":"https:\/\/www.autonvaraosahaku.fi\/index.php?rest_route=\/wp\/v2\/product\/50002","targetHints":{"allow":["GET"]}}],"collection":[{"href":"https:\/\/www.autonvaraosahaku.fi\/index.php?rest_route=\/wp\/v2\/product"}],"about":[{"href":"https:\/\/www.autonvaraosahaku.fi\/index.php?rest_route=\/wp\/v2\/types\/product"}],"wp:attachment":[{"href":"https:\/\/www.autonvaraosahaku.fi\/index.php?rest_route=%2Fwp%2Fv2%2Fmedia&parent=50002"}],"wp:term":[{"taxonomy":"pwb-brand","embeddable":true,"href":"https:\/\/www.autonvaraosahaku.fi\/index.php?rest_route=%2Fwp%2Fv2%2Fpwb-brand&post=50002"},{"taxonomy":"product_cat","embeddable":true,"href":"https:\/\/www.autonvaraosahaku.fi\/index.php?rest_route=%2Fwp%2Fv2%2Fproduct_cat&post=50002"},{"taxonomy":"product_tag","embeddable":true,"href":"https:\/\/www.autonvaraosahaku.fi\/index.php?rest_route=%2Fwp%2Fv2%2Fproduct_tag&post=50002"}],"curies":[{"name":"wp","href":"https:\/\/api.w.org\/{rel}","templated":true}]}}