{"id":50020,"date":"2021-02-21T17:29:29","date_gmt":"2021-02-21T17:29:29","guid":{"rendered":"https:\/\/www.autonvaraosahaku.fi\/?product=ate-13-0460-6033-2-jarrupalat"},"modified":"2021-02-21T17:29:34","modified_gmt":"2021-02-21T17:29:34","slug":"ate-13-0460-6033-2-jarrupalat","status":"publish","type":"product","link":"https:\/\/www.autonvaraosahaku.fi\/?product=ate-13-0460-6033-2-jarrupalat","title":{"rendered":"ATE 13.0460-6033.2 Jarrupalat"},"content":{"rendered":"<p>Leveys (mm): 156,3; Korkeus (mm): 63,5; Paksuus [mm]: 20,3; Kulumisenilmaisimen liitos: Kulumisenilmaisemelle, Ilman kulumisenilmaisinta; Jarruj\u00e4rjestelm\u00e4: ATE; Tarkistuskilpi: E1 90R-02A0334\/0293; MAPP-koodi saatavilla: ; Suositellun tarvikkeen tuotenumero: 24.8190-0210.2, 24.8190-0214.2, 24.8190-0224.2; Huomioi mitat: ; M\u00e4\u00e4r\u00e4yksikk\u00f6: Akselisarja; Asennuspuoli: Vorderachse; BMW: Z3 E36,5 E34,7 E32,5 Touring E34,Z3 Coupe E36; 34111157569, 34111157813, 34111158265, 34111159279, 34111160450, 34111162535, 34112228248, 34112282554; Jarrupalasarja,Jarrupala, Levyjarru<\/p>\n","protected":false},"excerpt":{"rendered":"<p>ATE Jarrupalat 13.0460-6033.2 Jarrupalasarja,Jarrupala, Levyjarru BMW,Z3 E36,5 E34,7 E32,5 Touring E34,Z3 Coupe E36<\/p>\n","protected":false},"featured_media":0,"template":"","meta":{"site-sidebar-layout":"default","site-content-layout":"default","ast-global-header-display":"","ast-main-header-display":"","ast-hfb-above-header-display":"","ast-hfb-below-header-display":"","ast-hfb-mobile-header-display":"","site-post-title":"","ast-breadcrumbs-content":"","ast-featured-img":"","footer-sml-layout":"","theme-transparent-header-meta":"","adv-header-id-meta":"","stick-header-meta":"","header-above-stick-meta":"","header-main-stick-meta":"","header-below-stick-meta":""},"pwb-brand":[108],"product_cat":[100],"product_tag":[],"class_list":{"0":"post-50020","1":"product","2":"type-product","3":"status-publish","5":"pwb-brand-ate","6":"product_cat-jarrupalat","7":"desktop-align-left","8":"tablet-align-left","9":"mobile-align-left","11":"first","12":"instock","13":"product-type-external"},"brands":[{"id":108,"name":"ATE","slug":"ate"}],"_links":{"self":[{"href":"https:\/\/www.autonvaraosahaku.fi\/index.php?rest_route=\/wp\/v2\/product\/50020","targetHints":{"allow":["GET"]}}],"collection":[{"href":"https:\/\/www.autonvaraosahaku.fi\/index.php?rest_route=\/wp\/v2\/product"}],"about":[{"href":"https:\/\/www.autonvaraosahaku.fi\/index.php?rest_route=\/wp\/v2\/types\/product"}],"wp:attachment":[{"href":"https:\/\/www.autonvaraosahaku.fi\/index.php?rest_route=%2Fwp%2Fv2%2Fmedia&parent=50020"}],"wp:term":[{"taxonomy":"pwb-brand","embeddable":true,"href":"https:\/\/www.autonvaraosahaku.fi\/index.php?rest_route=%2Fwp%2Fv2%2Fpwb-brand&post=50020"},{"taxonomy":"product_cat","embeddable":true,"href":"https:\/\/www.autonvaraosahaku.fi\/index.php?rest_route=%2Fwp%2Fv2%2Fproduct_cat&post=50020"},{"taxonomy":"product_tag","embeddable":true,"href":"https:\/\/www.autonvaraosahaku.fi\/index.php?rest_route=%2Fwp%2Fv2%2Fproduct_tag&post=50020"}],"curies":[{"name":"wp","href":"https:\/\/api.w.org\/{rel}","templated":true}]}}