{"id":50024,"date":"2021-02-21T17:29:35","date_gmt":"2021-02-21T17:29:35","guid":{"rendered":"https:\/\/www.autonvaraosahaku.fi\/?product=elring-813-168-kierretulppa"},"modified":"2021-02-21T17:29:36","modified_gmt":"2021-02-21T17:29:36","slug":"elring-813-168-kierretulppa","status":"publish","type":"product","link":"https:\/\/www.autonvaraosahaku.fi\/?product=elring-813-168-kierretulppa","title":{"rendered":"ELRING 813.168 Kierretulppa"},"content":{"rendered":"<p>Sis\u00e4l\u00e4pimitta [mm]: 24; Ulkol\u00e4pimitta [mm]: 32; Paksuus [mm]: 2,5; Materiaali: Kupari; Muoto: C-muoto; DIN \/ ISO: 7603; Rakennemalli: A6; VW: TOUAREG 7LA, 7L6, 7L7,PHAETON 3D_; AUDI: A6 Avant 4F5, C6,A4 Avant 8ED, B7,A4 Avant 8E5, B6,A6 Avant 4B5, C5,A4 8E2, B6,A6 4F2, C6,A6 4B2, C5,A4 Cabriolet 8H7, B6, 8HE, B7,A4 8EC, B7,A8 4E_,100 4A, C4,A8 4D2, 4D8,A6 Allroad 4FH, C6,A6 Avant 4A, C4,A6 4A, C4,100 Avant 4A, C4,ALLROAD 4BH, C5,V8 44_, 4C_; 915035000029, 2091025; Tiiviste, \u00d6ljynlaskutulppa<\/p>\n","protected":false},"excerpt":{"rendered":"<p>ELRING \u00d6ljytulpan Tiiviste 813.168 Tiiviste, \u00d6ljynlaskutulppa VW,AUDI,TOUAREG 7LA, 7L6, 7L7,PHAETON 3D_,A6 Avant 4F5, C6,A4 Avant 8ED, B7<\/p>\n","protected":false},"featured_media":0,"template":"","meta":{"site-sidebar-layout":"default","site-content-layout":"default","ast-global-header-display":"","ast-main-header-display":"","ast-hfb-above-header-display":"","ast-hfb-below-header-display":"","ast-hfb-mobile-header-display":"","site-post-title":"","ast-breadcrumbs-content":"","ast-featured-img":"","footer-sml-layout":"","theme-transparent-header-meta":"","adv-header-id-meta":"","stick-header-meta":"","header-above-stick-meta":"","header-main-stick-meta":"","header-below-stick-meta":""},"pwb-brand":[26],"product_cat":[40],"product_tag":[],"class_list":{"0":"post-50024","1":"product","2":"type-product","3":"status-publish","5":"pwb-brand-elring","6":"product_cat-kierretulppa","7":"desktop-align-left","8":"tablet-align-left","9":"mobile-align-left","11":"first","12":"instock","13":"product-type-external"},"brands":[{"id":26,"name":"ELRING","slug":"elring"}],"_links":{"self":[{"href":"https:\/\/www.autonvaraosahaku.fi\/index.php?rest_route=\/wp\/v2\/product\/50024","targetHints":{"allow":["GET"]}}],"collection":[{"href":"https:\/\/www.autonvaraosahaku.fi\/index.php?rest_route=\/wp\/v2\/product"}],"about":[{"href":"https:\/\/www.autonvaraosahaku.fi\/index.php?rest_route=\/wp\/v2\/types\/product"}],"wp:attachment":[{"href":"https:\/\/www.autonvaraosahaku.fi\/index.php?rest_route=%2Fwp%2Fv2%2Fmedia&parent=50024"}],"wp:term":[{"taxonomy":"pwb-brand","embeddable":true,"href":"https:\/\/www.autonvaraosahaku.fi\/index.php?rest_route=%2Fwp%2Fv2%2Fpwb-brand&post=50024"},{"taxonomy":"product_cat","embeddable":true,"href":"https:\/\/www.autonvaraosahaku.fi\/index.php?rest_route=%2Fwp%2Fv2%2Fproduct_cat&post=50024"},{"taxonomy":"product_tag","embeddable":true,"href":"https:\/\/www.autonvaraosahaku.fi\/index.php?rest_route=%2Fwp%2Fv2%2Fproduct_tag&post=50024"}],"curies":[{"name":"wp","href":"https:\/\/api.w.org\/{rel}","templated":true}]}}