{"id":50025,"date":"2021-02-21T17:29:35","date_gmt":"2021-02-21T17:29:35","guid":{"rendered":"https:\/\/www.autonvaraosahaku.fi\/?product=elring-702-951-venttiilinvarren-kumit"},"modified":"2021-02-21T17:29:36","modified_gmt":"2021-02-21T17:29:36","slug":"elring-702-951-venttiilinvarren-kumit","status":"publish","type":"product","link":"https:\/\/www.autonvaraosahaku.fi\/?product=elring-702-951-venttiilinvarren-kumit","title":{"rendered":"ELRING 702.951 Venttiilinvarren kumit"},"content":{"rendered":"<p>Venttiilinvarren l\u00e4pimitta [mm]: 9, 9; Sis\u00e4l\u00e4pimitta [mm]: 14,3; Ulkol\u00e4pimitta [mm]: 17; Korkeus (mm): 14,2; Materiaali: FPM (fluori-kumi); Asennuspuoli: Einlassseite; OPEL: OMEGA A 16_, 17_, 19_,CORSA A CC 93_, 94_, 98_, 99_,FRONTERA A 5_MWL4,MONZA A 22_,REKORD E 17_-19_, 11_, 14_, 16_,SENATOR B 29_,SENATOR A 29_,OMEGA A Caravan 66_, 67_,CORSA A TR 91_, 92_, 96_, 97_,COMMODORE A,COMMODORE A Coupe,COMMODORE C 14_, 19_,REKORD E Caravan 61_, 66_, 67_,CORSA A Kasten,COMMODORE C Caravan 61; VAUXHALL: FRONTERA Mk I A,CARLTON Mk III; 642530, 90284185<\/p>\n","protected":false},"excerpt":{"rendered":"<p>ELRING Tiiviste, Venttiilivarsi 702.951  OPEL,VAUXHALL,OMEGA A 16_, 17_, 19_,CORSA A CC 93_, 94_, 98_, 99_,FRONTERA A 5_MWL4,MONZA A 22_<\/p>\n","protected":false},"featured_media":0,"template":"","meta":{"site-sidebar-layout":"default","site-content-layout":"default","ast-global-header-display":"","ast-main-header-display":"","ast-hfb-above-header-display":"","ast-hfb-below-header-display":"","ast-hfb-mobile-header-display":"","site-post-title":"","ast-breadcrumbs-content":"","ast-featured-img":"","footer-sml-layout":"","theme-transparent-header-meta":"","adv-header-id-meta":"","stick-header-meta":"","header-above-stick-meta":"","header-main-stick-meta":"","header-below-stick-meta":""},"pwb-brand":[26],"product_cat":[170],"product_tag":[],"class_list":{"0":"post-50025","1":"product","2":"type-product","3":"status-publish","5":"pwb-brand-elring","6":"product_cat-venttiilinvarren-kumit","7":"desktop-align-left","8":"tablet-align-left","9":"mobile-align-left","11":"first","12":"instock","13":"product-type-external"},"brands":[{"id":26,"name":"ELRING","slug":"elring"}],"_links":{"self":[{"href":"https:\/\/www.autonvaraosahaku.fi\/index.php?rest_route=\/wp\/v2\/product\/50025","targetHints":{"allow":["GET"]}}],"collection":[{"href":"https:\/\/www.autonvaraosahaku.fi\/index.php?rest_route=\/wp\/v2\/product"}],"about":[{"href":"https:\/\/www.autonvaraosahaku.fi\/index.php?rest_route=\/wp\/v2\/types\/product"}],"wp:attachment":[{"href":"https:\/\/www.autonvaraosahaku.fi\/index.php?rest_route=%2Fwp%2Fv2%2Fmedia&parent=50025"}],"wp:term":[{"taxonomy":"pwb-brand","embeddable":true,"href":"https:\/\/www.autonvaraosahaku.fi\/index.php?rest_route=%2Fwp%2Fv2%2Fpwb-brand&post=50025"},{"taxonomy":"product_cat","embeddable":true,"href":"https:\/\/www.autonvaraosahaku.fi\/index.php?rest_route=%2Fwp%2Fv2%2Fproduct_cat&post=50025"},{"taxonomy":"product_tag","embeddable":true,"href":"https:\/\/www.autonvaraosahaku.fi\/index.php?rest_route=%2Fwp%2Fv2%2Fproduct_tag&post=50025"}],"curies":[{"name":"wp","href":"https:\/\/api.w.org\/{rel}","templated":true}]}}