{"id":50060,"date":"2021-02-21T17:29:41","date_gmt":"2021-02-21T17:29:41","guid":{"rendered":"https:\/\/www.autonvaraosahaku.fi\/?product=mapco-6720-jarrupalat"},"modified":"2021-02-21T17:29:45","modified_gmt":"2021-02-21T17:29:45","slug":"mapco-6720-jarrupalat","status":"publish","type":"product","link":"https:\/\/www.autonvaraosahaku.fi\/?product=mapco-6720-jarrupalat","title":{"rendered":"MAPCO 6720 Jarrupalat"},"content":{"rendered":"<p>Asennuspuoli: Etuakseli; Leveys (mm): 155,3; Korkeus (mm): 68,5; Paksuus [mm]: 19,8; Korvaava tuote\/korvaava tiedote 2: Huudonvaimennuspellill\u00e4; Jarruj\u00e4rjestelm\u00e4: ATE; Kulumisenilmaisimen liitos: Kulumisenilmaisemelle; Suositellun tarvikkeen tuotenumero: 56618; Huomioi mitat: ; M\u00e4\u00e4r\u00e4yksikk\u00f6: Akselisarja; Valmistusvuosi alkaen: 05\/2011; BMW: 3 E90,5 E60,5 Touring E61,3 Coupe E92,3 Cabriolet E93,7 E65, E66, E67,1 Coupe E82,6 E63,6 Cabriolet E64; 34112283865, 34112339269, 34116753668, 34116761283, 34116761284, 34116763089, 34116763591, 34116764437, 34116764438, 34116764540, 34116767191, 34116767580, 34116781873, 34116794913, 34116794915, 34116794916, 34116794918, 6761283, 6764540, 6781873, 6794913, 6794915, 6794916, 6794918; Jarrupalasarja,Jarrupala, Levyjarru<\/p>\n","protected":false},"excerpt":{"rendered":"<p>MAPCO Jarrupalat 6720 Jarrupalasarja,Jarrupala, Levyjarru BMW,3 E90,5 E60,5 Touring E61,3 Coupe E92,3 Cabriolet E93,7 E65, E66, E67,1 Coupe E82,6 E63<\/p>\n","protected":false},"featured_media":0,"template":"","meta":{"site-sidebar-layout":"default","site-content-layout":"default","ast-global-header-display":"","ast-main-header-display":"","ast-hfb-above-header-display":"","ast-hfb-below-header-display":"","ast-hfb-mobile-header-display":"","site-post-title":"","ast-breadcrumbs-content":"","ast-featured-img":"","footer-sml-layout":"","theme-transparent-header-meta":"","adv-header-id-meta":"","stick-header-meta":"","header-above-stick-meta":"","header-main-stick-meta":"","header-below-stick-meta":""},"pwb-brand":[36],"product_cat":[100],"product_tag":[],"class_list":{"0":"post-50060","1":"product","2":"type-product","3":"status-publish","5":"pwb-brand-mapco","6":"product_cat-jarrupalat","7":"desktop-align-left","8":"tablet-align-left","9":"mobile-align-left","11":"first","12":"instock","13":"product-type-external"},"brands":[{"id":36,"name":"MAPCO","slug":"mapco"}],"_links":{"self":[{"href":"https:\/\/www.autonvaraosahaku.fi\/index.php?rest_route=\/wp\/v2\/product\/50060","targetHints":{"allow":["GET"]}}],"collection":[{"href":"https:\/\/www.autonvaraosahaku.fi\/index.php?rest_route=\/wp\/v2\/product"}],"about":[{"href":"https:\/\/www.autonvaraosahaku.fi\/index.php?rest_route=\/wp\/v2\/types\/product"}],"wp:attachment":[{"href":"https:\/\/www.autonvaraosahaku.fi\/index.php?rest_route=%2Fwp%2Fv2%2Fmedia&parent=50060"}],"wp:term":[{"taxonomy":"pwb-brand","embeddable":true,"href":"https:\/\/www.autonvaraosahaku.fi\/index.php?rest_route=%2Fwp%2Fv2%2Fpwb-brand&post=50060"},{"taxonomy":"product_cat","embeddable":true,"href":"https:\/\/www.autonvaraosahaku.fi\/index.php?rest_route=%2Fwp%2Fv2%2Fproduct_cat&post=50060"},{"taxonomy":"product_tag","embeddable":true,"href":"https:\/\/www.autonvaraosahaku.fi\/index.php?rest_route=%2Fwp%2Fv2%2Fproduct_tag&post=50060"}],"curies":[{"name":"wp","href":"https:\/\/api.w.org\/{rel}","templated":true}]}}