{"id":50077,"date":"2021-02-21T17:29:46","date_gmt":"2021-02-21T17:29:46","guid":{"rendered":"https:\/\/www.autonvaraosahaku.fi\/?product=febi-bilstein-24626-pyoranpultit"},"modified":"2021-02-21T17:29:50","modified_gmt":"2021-02-21T17:29:50","slug":"febi-bilstein-24626-pyoranpultit","status":"publish","type":"product","link":"https:\/\/www.autonvaraosahaku.fi\/?product=febi-bilstein-24626-pyoranpultit","title":{"rendered":"FEBI BILSTEIN 24626 Py\u00f6r\u00e4npultit"},"content":{"rendered":"<p>Paksuus [mm]: 30,0; Ulkol\u00e4pimitta [mm]: 46,75; Sis\u00e4kierre (mm): M22 x 1,5; Laatu \/ luokka: 10; Avainv\u00e4li: 33; Ruuvikanta\/mutteriprofiili: Kuusioruuvi \/-mutteri; Py\u00f6r\u00e4n kiinnitys: Sile\u00e4 istukka; Materiaali: Ter\u00e4s; Pinta: Fosfatoitu; Asennuspuoli: Edess\u00e4, Takana, Hinterachse; Paino [kg]: 0,17; Huomioi huolto-ohjeet: , ; VOLVO: 7700,8300,8500,8700,8900,9400,9500,9700,9900,B12,B7,B9,FE,FH12,FH16,FL,FL II,FM,FM12,FM9,FMX,FMX II,NH12; RENAULT TRUCKS: C,D,K,KERAX,MAGNUM,PREMIUM,T; 7420551045, 7421303956, 7421402076, 20551045, 21303956, 21402076; Py\u00f6r\u00e4n Mutteri<\/p>\n","protected":false},"excerpt":{"rendered":"<p>FEBI BILSTEIN Py\u00f6r\u00e4nmutterit 24626 Py\u00f6r\u00e4n Mutteri VOLVO,RENAULT TRUCKS,7700,8300,8500,8700,8900,9400,9500,9700,9900,B12,B7,B9,FE,FH12,FH16,FL,FL II,FM<\/p>\n","protected":false},"featured_media":0,"template":"","meta":{"site-sidebar-layout":"default","site-content-layout":"default","ast-global-header-display":"","ast-main-header-display":"","ast-hfb-above-header-display":"","ast-hfb-below-header-display":"","ast-hfb-mobile-header-display":"","site-post-title":"","ast-breadcrumbs-content":"","ast-featured-img":"","footer-sml-layout":"","theme-transparent-header-meta":"","adv-header-id-meta":"","stick-header-meta":"","header-above-stick-meta":"","header-main-stick-meta":"","header-below-stick-meta":""},"pwb-brand":[50],"product_cat":[51],"product_tag":[],"class_list":{"0":"post-50077","1":"product","2":"type-product","3":"status-publish","5":"pwb-brand-febi-bilstein","6":"product_cat-pyoranpultit","7":"desktop-align-left","8":"tablet-align-left","9":"mobile-align-left","11":"first","12":"instock","13":"product-type-external"},"brands":[{"id":50,"name":"FEBI BILSTEIN","slug":"febi-bilstein"}],"_links":{"self":[{"href":"https:\/\/www.autonvaraosahaku.fi\/index.php?rest_route=\/wp\/v2\/product\/50077","targetHints":{"allow":["GET"]}}],"collection":[{"href":"https:\/\/www.autonvaraosahaku.fi\/index.php?rest_route=\/wp\/v2\/product"}],"about":[{"href":"https:\/\/www.autonvaraosahaku.fi\/index.php?rest_route=\/wp\/v2\/types\/product"}],"wp:attachment":[{"href":"https:\/\/www.autonvaraosahaku.fi\/index.php?rest_route=%2Fwp%2Fv2%2Fmedia&parent=50077"}],"wp:term":[{"taxonomy":"pwb-brand","embeddable":true,"href":"https:\/\/www.autonvaraosahaku.fi\/index.php?rest_route=%2Fwp%2Fv2%2Fpwb-brand&post=50077"},{"taxonomy":"product_cat","embeddable":true,"href":"https:\/\/www.autonvaraosahaku.fi\/index.php?rest_route=%2Fwp%2Fv2%2Fproduct_cat&post=50077"},{"taxonomy":"product_tag","embeddable":true,"href":"https:\/\/www.autonvaraosahaku.fi\/index.php?rest_route=%2Fwp%2Fv2%2Fproduct_tag&post=50077"}],"curies":[{"name":"wp","href":"https:\/\/api.w.org\/{rel}","templated":true}]}}