{"id":50109,"date":"2021-02-21T17:30:01","date_gmt":"2021-02-21T17:30:01","guid":{"rendered":"https:\/\/www.autonvaraosahaku.fi\/?product=febi-bilstein-13509-sytytystulpat"},"modified":"2021-02-21T17:30:03","modified_gmt":"2021-02-21T17:30:03","slug":"febi-bilstein-13509-sytytystulpat","status":"publish","type":"product","link":"https:\/\/www.autonvaraosahaku.fi\/?product=febi-bilstein-13509-sytytystulpat","title":{"rendered":"FEBI BILSTEIN 13509 Sytytystulpat"},"content":{"rendered":"<p>Kierteen pituus (mm): 19; Avainv\u00e4li: 21; K\u00e4rkiv\u00e4li (mm): 0,8; Sytytystulppa: suoralla istukalla, 3-maaelektroodia, 3-maaelektroodia; Huomioi tekniset tiedot: ; VW: TRANSPORTER IV Bus 70XB, 70XC, 7DB, 7DW,GOLF II 19E, 1G1,PASSAT Variant 3A5, 35I,GOLF I Cabriolet 155,GOLF Mk III Cabriolet 1E7,GOLF III Variant 1H5,TRANSPORTER III Bus,POLO 86C, 80,KAEFER,POLO Coupe 86C, 80,PASSAT 3A2, 35I,TRANSPORTER IV Pritsche\/Fahrgestell 70XD,SCIROCCO 53B,LT 28-35 I Kasten 281-363,LT 28-35 I Bus 281-363,CADDY I 14,JETTA II 19E, 1G2, 165,PASSAT Variant 32B,TRANSPORTER III Kasten,POLO CLASSIC 86C, 80,LT 28-35 I Pritsche\/Fahrgestell 281-363,TRANSPORTER III Pritsche\/Fahrgestell,PASSAT 32B,LT 40-55 I Pritsche\/Fahrgestell 293-909,SCIROCCO 53,JETTA I 16,DERBY 86C, 80,LT 40-55 I Kasten 291-512,PASSAT Stufenheck 32B,SANTANA 32B; DAIHATSU: HIJET Kasten S85,MOVE L6_,CHARADE III G100, G101, G102,CUORE III L201,CUORE II L80, L81,CHARADE II G11, G30; 9004851040000, 000057066A, 000057067A, 00057066A, 00057067A, 101000001AC, 101000001AE, 101000005AB, 101000005AC, 101000005AD, 101000005AE, 101000007AA, 101000007AD, 101000027AA, 101000027AC, 101000040AD, 191905450A, 191905450B, 191905450C, 191905450H, 191905452F, 191905452G, N01781130, N01781156, N01781158, N01781162, N01781165, N01781167, N01781168, N01781169, N01781172, N01781228, N01781249, N01781250; Tulpat,Sytytystulppa<\/p>\n","protected":false},"excerpt":{"rendered":"<p>FEBI BILSTEIN Sytytystulpat 13509 Tulpat,Sytytystulppa VW,DAIHATSU,TRANSPORTER IV Bus 70XB, 70XC, 7DB, 7DW,GOLF II 19E, 1G1,PASSAT Variant 3A5, 35I<\/p>\n","protected":false},"featured_media":0,"template":"","meta":{"site-sidebar-layout":"default","site-content-layout":"default","ast-global-header-display":"","ast-main-header-display":"","ast-hfb-above-header-display":"","ast-hfb-below-header-display":"","ast-hfb-mobile-header-display":"","site-post-title":"","ast-breadcrumbs-content":"","ast-featured-img":"","footer-sml-layout":"","theme-transparent-header-meta":"","adv-header-id-meta":"","stick-header-meta":"","header-above-stick-meta":"","header-main-stick-meta":"","header-below-stick-meta":""},"pwb-brand":[50],"product_cat":[165],"product_tag":[],"class_list":{"0":"post-50109","1":"product","2":"type-product","3":"status-publish","5":"pwb-brand-febi-bilstein","6":"product_cat-sytytystulpat","7":"desktop-align-left","8":"tablet-align-left","9":"mobile-align-left","11":"first","12":"instock","13":"product-type-external"},"brands":[{"id":50,"name":"FEBI BILSTEIN","slug":"febi-bilstein"}],"_links":{"self":[{"href":"https:\/\/www.autonvaraosahaku.fi\/index.php?rest_route=\/wp\/v2\/product\/50109","targetHints":{"allow":["GET"]}}],"collection":[{"href":"https:\/\/www.autonvaraosahaku.fi\/index.php?rest_route=\/wp\/v2\/product"}],"about":[{"href":"https:\/\/www.autonvaraosahaku.fi\/index.php?rest_route=\/wp\/v2\/types\/product"}],"wp:attachment":[{"href":"https:\/\/www.autonvaraosahaku.fi\/index.php?rest_route=%2Fwp%2Fv2%2Fmedia&parent=50109"}],"wp:term":[{"taxonomy":"pwb-brand","embeddable":true,"href":"https:\/\/www.autonvaraosahaku.fi\/index.php?rest_route=%2Fwp%2Fv2%2Fpwb-brand&post=50109"},{"taxonomy":"product_cat","embeddable":true,"href":"https:\/\/www.autonvaraosahaku.fi\/index.php?rest_route=%2Fwp%2Fv2%2Fproduct_cat&post=50109"},{"taxonomy":"product_tag","embeddable":true,"href":"https:\/\/www.autonvaraosahaku.fi\/index.php?rest_route=%2Fwp%2Fv2%2Fproduct_tag&post=50109"}],"curies":[{"name":"wp","href":"https:\/\/api.w.org\/{rel}","templated":true}]}}