{"id":50115,"date":"2021-02-21T17:30:01","date_gmt":"2021-02-21T17:30:01","guid":{"rendered":"https:\/\/www.autonvaraosahaku.fi\/?product=metzger-0905104-jaahdytysnesteen-lampotila-anturi"},"modified":"2021-02-21T17:30:05","modified_gmt":"2021-02-21T17:30:05","slug":"metzger-0905104-jaahdytysnesteen-lampotila-anturi","status":"publish","type":"product","link":"https:\/\/www.autonvaraosahaku.fi\/?product=metzger-0905104-jaahdytysnesteen-lampotila-anturi","title":{"rendered":"METZGER 0905104 J\u00e4\u00e4hdytysnesteen l\u00e4mp\u00f6tila anturi"},"content":{"rendered":"<p>Napojen m\u00e4\u00e4r\u00e4: 2; Lis\u00e4tarvike\/lis\u00e4tieto: Tiivisteill\u00e4; Kopan v\u00e4ri: Vihre\u00e4; Kierremitta: M12x1,5; Suositellun tarvikkeen tuotenumero: 2324102; Pakokaasunormi: Euro 4 (D4); LANCIA: PHEDRA 179,ZETA 220; TOYOTA: COROLLA Compact _E11_,COROLLA _E11_,COROLLA Wagon __E11_; FIAT: ULYSSE 179AX,QUBO 225,ULYSSE 220,SCUDO Kasten 220L,FIORINO Kasten\/Kombi 225,SCUDO Combinato 220P; CITRO\u00cbN: BERLINGO MF,XSARA PICASSO N68,C2 JM_,C8 EA_, EB_,C4 I LC_,SAXO S0, S1,BERLINGO Kasten M_,C5 II Break RE_,C5 I DC_,C5 I Break DE_,XSARA N1,C4 Coupe LA_,C3 Pluriel HB_,C5 II RC_,XSARA Break N2,C6 TD_,XSARA Coupe N0,EVASION 22, U6,NEMO Kombi,JUMPY U6U,JUMPY Kasten BS_, BT_, BY_, BZ_,JUMPY Pritsche\/Fahrgestell BU_, BV_, BW_, BX_; PEUGEOT: 206 Schr\u00e4gheck 2A\/C,206 CC 2D,207 WA_, WC_,307 SW 3H,307 CC 3B,407 SW 6E_,307 3A\/C,207 SW WK_,206 SW 2E\/K,807 E,106 II 1,206+ T3E,307 Break 3E,306 Schr\u00e4gheck 7A, 7C, N3, N5,607 9D, 9U,407 6D_,406 Break 8E\/F,1007 KM_,PARTNER Combispace 5F,PARTNER Kasten 5,406 Coupe 8C,306 Break 7E, N3, N5,406 8B,806 221,407 Coupe 6C_,EXPERT Tepee VF3V_,EXPERT Kasten VF3A_, VF3U_, VF3X_,306 7B, N3, N5,EXPERT Kasten 222,BIPPER AA_,BIPPER Tepee,EXPERT 224; RENAULT: LAGUNA II Grandtour KG0\/1_,LAGUNA II BG0\/1_; 9628454680, 9636777180, 9636777180, 8942202020, 9842202020; J\u00e4\u00e4hdytysnestel\u00e4mp\u00f6tilan Sensori<\/p>\n","protected":false},"excerpt":{"rendered":"<p>METZGER J\u00e4\u00e4hdytysnesteen L\u00e4mp\u00f6tila Anturi 0905104 J\u00e4\u00e4hdytysnestel\u00e4mp\u00f6tilan Sensori LANCIA,TOYOTA,FIAT,PHEDRA 179,ZETA 220,COROLLA Compact _E11_<\/p>\n","protected":false},"featured_media":0,"template":"","meta":{"site-sidebar-layout":"default","site-content-layout":"default","ast-global-header-display":"","ast-main-header-display":"","ast-hfb-above-header-display":"","ast-hfb-below-header-display":"","ast-hfb-mobile-header-display":"","site-post-title":"","ast-breadcrumbs-content":"","ast-featured-img":"","footer-sml-layout":"","theme-transparent-header-meta":"","adv-header-id-meta":"","stick-header-meta":"","header-above-stick-meta":"","header-main-stick-meta":"","header-below-stick-meta":""},"pwb-brand":[69],"product_cat":[200],"product_tag":[],"class_list":{"0":"post-50115","1":"product","2":"type-product","3":"status-publish","5":"pwb-brand-metzger","6":"product_cat-jaahdytysnesteen-lampotila-anturi","7":"desktop-align-left","8":"tablet-align-left","9":"mobile-align-left","11":"first","12":"instock","13":"product-type-external"},"brands":[{"id":69,"name":"METZGER","slug":"metzger"}],"_links":{"self":[{"href":"https:\/\/www.autonvaraosahaku.fi\/index.php?rest_route=\/wp\/v2\/product\/50115","targetHints":{"allow":["GET"]}}],"collection":[{"href":"https:\/\/www.autonvaraosahaku.fi\/index.php?rest_route=\/wp\/v2\/product"}],"about":[{"href":"https:\/\/www.autonvaraosahaku.fi\/index.php?rest_route=\/wp\/v2\/types\/product"}],"wp:attachment":[{"href":"https:\/\/www.autonvaraosahaku.fi\/index.php?rest_route=%2Fwp%2Fv2%2Fmedia&parent=50115"}],"wp:term":[{"taxonomy":"pwb-brand","embeddable":true,"href":"https:\/\/www.autonvaraosahaku.fi\/index.php?rest_route=%2Fwp%2Fv2%2Fpwb-brand&post=50115"},{"taxonomy":"product_cat","embeddable":true,"href":"https:\/\/www.autonvaraosahaku.fi\/index.php?rest_route=%2Fwp%2Fv2%2Fproduct_cat&post=50115"},{"taxonomy":"product_tag","embeddable":true,"href":"https:\/\/www.autonvaraosahaku.fi\/index.php?rest_route=%2Fwp%2Fv2%2Fproduct_tag&post=50115"}],"curies":[{"name":"wp","href":"https:\/\/api.w.org\/{rel}","templated":true}]}}