{"id":50120,"date":"2021-02-21T17:30:01","date_gmt":"2021-02-21T17:30:01","guid":{"rendered":"https:\/\/www.autonvaraosahaku.fi\/?product=mapco-26641-pyoranlaakerit"},"modified":"2021-02-21T17:30:07","modified_gmt":"2021-02-21T17:30:07","slug":"mapco-26641-pyoranlaakerit","status":"publish","type":"product","link":"https:\/\/www.autonvaraosahaku.fi\/?product=mapco-26641-pyoranlaakerit","title":{"rendered":"MAPCO 26641 Py\u00f6r\u00e4nlaakerit"},"content":{"rendered":"<p>Asennuspuoli: etuakseli molemminpuoleinen; Leveys (mm): 37; Sis\u00e4l\u00e4pimitta [mm]: 39; Ulkol\u00e4pimitta [mm]: 72; Jarru-\/ajodynamiikka: Autoihin, joissa ABS; Korvaava tuote\/korvaava tiedote 2: sis\u00e4\u00e4nrakennetulla magneetti sensorirenkaalla; MAZDA: 2 DY,2 DE; FORD: FIESTA V JH_, JD_,FIESTA VI,FOCUS Kombi DNW,FOCUS DAW, DBW,FUSION JU_,FOCUS Stufenheck DFW,B-MAX JK,ECOSPORT,FIESTA V Van,FIESTA VI Van,TOURNEO COURIER Kombi,B-MAX Van,TRANSIT COURIER Kasten,TRANSIT COURIER Kombi; 1061596, 1061599, 1085568, 1085569, 1112547, 1146121, 1201569, 1326640, 1513043, 1582282, 1699368, 1746588, 8V5J1K018AA, YS4Z1215AA, YS4Z1215BA, YS4Z1215BB, 2S611215BC, 2S6J1K018BA, 98AX1K018BB, D35133047A, D35133047B, D65133047A; Py\u00f6r\u00e4nlaakerisarja<\/p>\n","protected":false},"excerpt":{"rendered":"<p>MAPCO Py\u00f6r\u00e4nlaakerit 26641 Py\u00f6r\u00e4nlaakerisarja MAZDA,FORD,2 DY,2 DE,FIESTA V JH_, JD_,FIESTA VI,FOCUS Kombi DNW,FOCUS DAW, DBW,FUSION JU_<\/p>\n","protected":false},"featured_media":0,"template":"","meta":{"site-sidebar-layout":"default","site-content-layout":"default","ast-global-header-display":"","ast-main-header-display":"","ast-hfb-above-header-display":"","ast-hfb-below-header-display":"","ast-hfb-mobile-header-display":"","site-post-title":"","ast-breadcrumbs-content":"","ast-featured-img":"","footer-sml-layout":"","theme-transparent-header-meta":"","adv-header-id-meta":"","stick-header-meta":"","header-above-stick-meta":"","header-main-stick-meta":"","header-below-stick-meta":""},"pwb-brand":[36],"product_cat":[83],"product_tag":[],"class_list":{"0":"post-50120","1":"product","2":"type-product","3":"status-publish","5":"pwb-brand-mapco","6":"product_cat-pyoranlaakerit","7":"desktop-align-left","8":"tablet-align-left","9":"mobile-align-left","11":"first","12":"instock","13":"product-type-external"},"brands":[{"id":36,"name":"MAPCO","slug":"mapco"}],"_links":{"self":[{"href":"https:\/\/www.autonvaraosahaku.fi\/index.php?rest_route=\/wp\/v2\/product\/50120","targetHints":{"allow":["GET"]}}],"collection":[{"href":"https:\/\/www.autonvaraosahaku.fi\/index.php?rest_route=\/wp\/v2\/product"}],"about":[{"href":"https:\/\/www.autonvaraosahaku.fi\/index.php?rest_route=\/wp\/v2\/types\/product"}],"wp:attachment":[{"href":"https:\/\/www.autonvaraosahaku.fi\/index.php?rest_route=%2Fwp%2Fv2%2Fmedia&parent=50120"}],"wp:term":[{"taxonomy":"pwb-brand","embeddable":true,"href":"https:\/\/www.autonvaraosahaku.fi\/index.php?rest_route=%2Fwp%2Fv2%2Fpwb-brand&post=50120"},{"taxonomy":"product_cat","embeddable":true,"href":"https:\/\/www.autonvaraosahaku.fi\/index.php?rest_route=%2Fwp%2Fv2%2Fproduct_cat&post=50120"},{"taxonomy":"product_tag","embeddable":true,"href":"https:\/\/www.autonvaraosahaku.fi\/index.php?rest_route=%2Fwp%2Fv2%2Fproduct_tag&post=50120"}],"curies":[{"name":"wp","href":"https:\/\/api.w.org\/{rel}","templated":true}]}}