{"id":50149,"date":"2021-02-21T17:30:15","date_gmt":"2021-02-21T17:30:15","guid":{"rendered":"https:\/\/www.autonvaraosahaku.fi\/?product=febi-bilstein-10681-jarrulevyt"},"modified":"2021-02-21T17:30:17","modified_gmt":"2021-02-21T17:30:17","slug":"febi-bilstein-10681-jarrulevyt","status":"publish","type":"product","link":"https:\/\/www.autonvaraosahaku.fi\/?product=febi-bilstein-10681-jarrulevyt","title":{"rendered":"FEBI BILSTEIN 10681 Jarrulevyt"},"content":{"rendered":"<p>Jarrulevyn paksuus (mm): 16; Kiinnitysreikien lukum\u00e4\u00e4r\u00e4: 5; Paksuus [mm]: 83,0; Ulkol\u00e4pimitta [mm]: 303,0; Pinta: pinnoitettu; Jarrulevytyyppi: Vakiomalli; Asennuspuoli: Etuakseli; Paino [kg]: 8,168, 8,168; Moottorinumero: M102987; MERCEDES-BENZ: G-CLASS W463,G-CLASS W460,G-CLASS W461,G-CLASS Cabrio W463; 4604210012, 4604210112, 4614210012, A4604210012, A4604210112, A4614210012; Jarrulevy<\/p>\n","protected":false},"excerpt":{"rendered":"<p>FEBI BILSTEIN Jarrulevyt 10681 Jarrulevy MERCEDES-BENZ,G-CLASS W463,G-CLASS W460,G-CLASS W461,G-CLASS Cabrio W463<\/p>\n","protected":false},"featured_media":0,"template":"","meta":{"site-sidebar-layout":"default","site-content-layout":"default","ast-global-header-display":"","ast-main-header-display":"","ast-hfb-above-header-display":"","ast-hfb-below-header-display":"","ast-hfb-mobile-header-display":"","site-post-title":"","ast-breadcrumbs-content":"","ast-featured-img":"","footer-sml-layout":"","theme-transparent-header-meta":"","adv-header-id-meta":"","stick-header-meta":"","header-above-stick-meta":"","header-main-stick-meta":"","header-below-stick-meta":""},"pwb-brand":[50],"product_cat":[66],"product_tag":[],"class_list":{"0":"post-50149","1":"product","2":"type-product","3":"status-publish","5":"pwb-brand-febi-bilstein","6":"product_cat-jarrulevyt","7":"desktop-align-left","8":"tablet-align-left","9":"mobile-align-left","11":"first","12":"instock","13":"product-type-external"},"brands":[{"id":50,"name":"FEBI BILSTEIN","slug":"febi-bilstein"}],"_links":{"self":[{"href":"https:\/\/www.autonvaraosahaku.fi\/index.php?rest_route=\/wp\/v2\/product\/50149","targetHints":{"allow":["GET"]}}],"collection":[{"href":"https:\/\/www.autonvaraosahaku.fi\/index.php?rest_route=\/wp\/v2\/product"}],"about":[{"href":"https:\/\/www.autonvaraosahaku.fi\/index.php?rest_route=\/wp\/v2\/types\/product"}],"wp:attachment":[{"href":"https:\/\/www.autonvaraosahaku.fi\/index.php?rest_route=%2Fwp%2Fv2%2Fmedia&parent=50149"}],"wp:term":[{"taxonomy":"pwb-brand","embeddable":true,"href":"https:\/\/www.autonvaraosahaku.fi\/index.php?rest_route=%2Fwp%2Fv2%2Fpwb-brand&post=50149"},{"taxonomy":"product_cat","embeddable":true,"href":"https:\/\/www.autonvaraosahaku.fi\/index.php?rest_route=%2Fwp%2Fv2%2Fproduct_cat&post=50149"},{"taxonomy":"product_tag","embeddable":true,"href":"https:\/\/www.autonvaraosahaku.fi\/index.php?rest_route=%2Fwp%2Fv2%2Fproduct_tag&post=50149"}],"curies":[{"name":"wp","href":"https:\/\/api.w.org\/{rel}","templated":true}]}}