{"id":50155,"date":"2021-02-21T17:30:15","date_gmt":"2021-02-21T17:30:15","guid":{"rendered":"https:\/\/www.autonvaraosahaku.fi\/?product=trw-df1790-jarrulevyt"},"modified":"2021-02-21T17:30:18","modified_gmt":"2021-02-21T17:30:18","slug":"trw-df1790-jarrulevyt","status":"publish","type":"product","link":"https:\/\/www.autonvaraosahaku.fi\/?product=trw-df1790-jarrulevyt","title":{"rendered":"TRW DF1790 Jarrulevyt"},"content":{"rendered":"<p>Jarrulevytyyppi: Vakiomalli; Ulkol\u00e4pimitta [mm]: 251,5; Jarrulevyn paksuus (mm): 10; V\u00e4himm\u00e4ispaksuus (mm): 9; keskitt\u00e4misl\u00e4pimitta [mm]: 59; Korkeus (mm): 50,5; Reikien m\u00e4\u00e4r\u00e4: 4; Kierremitta: 13; Reik\u00e4ympyr\u00e4-\u00d8 [mm]: 98; V\u00e4ri: Musta; Pinta: Lakattu; Tarkistuskilpi: E190R 0202C0190\/0128; Asennuspuoli: Hinterachse; LANCIA: DELTA III 844,LYBRA SW 839BX,LYBRA 839AX,THEMA 834,THEMA SW 834; FIAT: STILO 192,BRAVO II 198,STILO Multi Wagon 192,MULTIPLA 186,LINEA 323,CROMA 154; ALFA ROMEO: 164 164; 0000060801390, 0000060801753, 0060801755, 0082433853, 164202610001, 60801753, 60801755, 82394418, 82433859, 82434070, 82439939, 82440275, 46831042, 82434070, 0000060801755, 0000060801787, 0000082418684, 0060801753, 0060801755, 46831042, 60801753, 60801755, 71738913, 82394417, 82394418, 82433859, 82434070, 82439939, 82440275, 0000060801755, 0000060801787, 0000082418684, 0082434070, 46758715, 46831042, 60801753, 71738913, 82394417, 82394418, 82433859, 82434070, 82439939, 82440275; Jarrulevy<\/p>\n","protected":false},"excerpt":{"rendered":"<p>TRW Jarrulevyt DF1790 Jarrulevy LANCIA,FIAT,ALFA ROMEO,DELTA III 844,LYBRA SW 839BX,LYBRA 839AX,THEMA 834,THEMA SW 834,STILO 192,BRAVO II 198<\/p>\n","protected":false},"featured_media":0,"template":"","meta":{"site-sidebar-layout":"default","site-content-layout":"default","ast-global-header-display":"","ast-main-header-display":"","ast-hfb-above-header-display":"","ast-hfb-below-header-display":"","ast-hfb-mobile-header-display":"","site-post-title":"","ast-breadcrumbs-content":"","ast-featured-img":"","footer-sml-layout":"","theme-transparent-header-meta":"","adv-header-id-meta":"","stick-header-meta":"","header-above-stick-meta":"","header-main-stick-meta":"","header-below-stick-meta":""},"pwb-brand":[332],"product_cat":[66],"product_tag":[],"class_list":{"0":"post-50155","1":"product","2":"type-product","3":"status-publish","5":"pwb-brand-trw","6":"product_cat-jarrulevyt","7":"desktop-align-left","8":"tablet-align-left","9":"mobile-align-left","11":"first","12":"instock","13":"product-type-external"},"brands":[{"id":332,"name":"TRW","slug":"trw"}],"_links":{"self":[{"href":"https:\/\/www.autonvaraosahaku.fi\/index.php?rest_route=\/wp\/v2\/product\/50155","targetHints":{"allow":["GET"]}}],"collection":[{"href":"https:\/\/www.autonvaraosahaku.fi\/index.php?rest_route=\/wp\/v2\/product"}],"about":[{"href":"https:\/\/www.autonvaraosahaku.fi\/index.php?rest_route=\/wp\/v2\/types\/product"}],"wp:attachment":[{"href":"https:\/\/www.autonvaraosahaku.fi\/index.php?rest_route=%2Fwp%2Fv2%2Fmedia&parent=50155"}],"wp:term":[{"taxonomy":"pwb-brand","embeddable":true,"href":"https:\/\/www.autonvaraosahaku.fi\/index.php?rest_route=%2Fwp%2Fv2%2Fpwb-brand&post=50155"},{"taxonomy":"product_cat","embeddable":true,"href":"https:\/\/www.autonvaraosahaku.fi\/index.php?rest_route=%2Fwp%2Fv2%2Fproduct_cat&post=50155"},{"taxonomy":"product_tag","embeddable":true,"href":"https:\/\/www.autonvaraosahaku.fi\/index.php?rest_route=%2Fwp%2Fv2%2Fproduct_tag&post=50155"}],"curies":[{"name":"wp","href":"https:\/\/api.w.org\/{rel}","templated":true}]}}