{"id":50189,"date":"2021-02-21T17:30:27","date_gmt":"2021-02-21T17:30:27","guid":{"rendered":"https:\/\/www.autonvaraosahaku.fi\/?product=febi-bilstein-01725-jarrulevyt"},"modified":"2021-02-21T17:30:29","modified_gmt":"2021-02-21T17:30:29","slug":"febi-bilstein-01725-jarrulevyt","status":"publish","type":"product","link":"https:\/\/www.autonvaraosahaku.fi\/?product=febi-bilstein-01725-jarrulevyt","title":{"rendered":"FEBI BILSTEIN 01725 Jarrulevyt"},"content":{"rendered":"<p>Jarrulevyn paksuus (mm): 9,9; Kiinnitysreikien lukum\u00e4\u00e4r\u00e4: 5, 1; Paksuus [mm]: 60,0; Ulkol\u00e4pimitta [mm]: 279,8; Reik\u00e4ympyr\u00e4-\u00d8 [mm]: 120; Pinta: pinnoitettu; Jarrulevytyyppi: Vakiomalli; Asennuspuoli: Taka-akseli; V\u00e4himm\u00e4ispaksuus (mm): 8,4; Paino [kg]: 4,5; keskitt\u00e4misl\u00e4pimitta [mm]: 75, 75; Kantavuus: nicht f\u00fcr erh\u00f6hte Nutzlast; BMW: 3 E46,3 Compact E46,3 Coupe E46,3 Compact E36,3 E36,3 Coupe E36,3 Cabriolet E36,3 Touring E36; 34211158936, 34211162289, 34211165457, 34216855158, 34216864051; Jarrulevy<\/p>\n","protected":false},"excerpt":{"rendered":"<p>FEBI BILSTEIN Jarrulevyt 01725 Jarrulevy BMW,3 E46,3 Compact E46,3 Coupe E46,3 Compact E36,3 E36,3 Coupe E36,3 Cabriolet E36,3 Touring E36<\/p>\n","protected":false},"featured_media":0,"template":"","meta":{"site-sidebar-layout":"default","site-content-layout":"default","ast-global-header-display":"","ast-main-header-display":"","ast-hfb-above-header-display":"","ast-hfb-below-header-display":"","ast-hfb-mobile-header-display":"","site-post-title":"","ast-breadcrumbs-content":"","ast-featured-img":"","footer-sml-layout":"","theme-transparent-header-meta":"","adv-header-id-meta":"","stick-header-meta":"","header-above-stick-meta":"","header-main-stick-meta":"","header-below-stick-meta":""},"pwb-brand":[50],"product_cat":[66],"product_tag":[],"class_list":{"0":"post-50189","1":"product","2":"type-product","3":"status-publish","5":"pwb-brand-febi-bilstein","6":"product_cat-jarrulevyt","7":"desktop-align-left","8":"tablet-align-left","9":"mobile-align-left","11":"first","12":"instock","13":"product-type-external"},"brands":[{"id":50,"name":"FEBI BILSTEIN","slug":"febi-bilstein"}],"_links":{"self":[{"href":"https:\/\/www.autonvaraosahaku.fi\/index.php?rest_route=\/wp\/v2\/product\/50189","targetHints":{"allow":["GET"]}}],"collection":[{"href":"https:\/\/www.autonvaraosahaku.fi\/index.php?rest_route=\/wp\/v2\/product"}],"about":[{"href":"https:\/\/www.autonvaraosahaku.fi\/index.php?rest_route=\/wp\/v2\/types\/product"}],"wp:attachment":[{"href":"https:\/\/www.autonvaraosahaku.fi\/index.php?rest_route=%2Fwp%2Fv2%2Fmedia&parent=50189"}],"wp:term":[{"taxonomy":"pwb-brand","embeddable":true,"href":"https:\/\/www.autonvaraosahaku.fi\/index.php?rest_route=%2Fwp%2Fv2%2Fpwb-brand&post=50189"},{"taxonomy":"product_cat","embeddable":true,"href":"https:\/\/www.autonvaraosahaku.fi\/index.php?rest_route=%2Fwp%2Fv2%2Fproduct_cat&post=50189"},{"taxonomy":"product_tag","embeddable":true,"href":"https:\/\/www.autonvaraosahaku.fi\/index.php?rest_route=%2Fwp%2Fv2%2Fproduct_tag&post=50189"}],"curies":[{"name":"wp","href":"https:\/\/api.w.org\/{rel}","templated":true}]}}