{"id":50274,"date":"2021-02-21T17:30:54","date_gmt":"2021-02-21T17:30:54","guid":{"rendered":"https:\/\/www.autonvaraosahaku.fi\/?product=beru-zse144-sytytyspuola"},"modified":"2021-02-21T17:30:57","modified_gmt":"2021-02-21T17:30:57","slug":"beru-zse144-sytytyspuola","status":"publish","type":"product","link":"https:\/\/www.autonvaraosahaku.fi\/?product=beru-zse144-sytytyspuola","title":{"rendered":"BERU ZSE144 Sytytyspuola"},"content":{"rendered":"<p>Liittimet: Kontaktfeder, Spring; Sytytyspuola: Sytytystulppakoskettimella, p\u00e4\u00e4teasteella; Liittimi\u00e4: 1; J\u00e4nnite (V): 12; Napojen m\u00e4\u00e4r\u00e4: 3; Korvaava tuote\/korvaava tiedote 2: Elektroniikalla; TECDOC-moottorinumero: 20585; BMW: 3 Touring E91,3 E90,5 E60,1 E87,5 Touring E61,5 Touring F11,5 F10, F18,1 E81,3 Coupe E92,3 Cabriolet E93,1 Cabriolet E88,1 Coupe E82,6 E63,6 Cabriolet E64; 12137559842, 12137562745, 12137571644, 12137582627, 12137594935, 12137638477<\/p>\n","protected":false},"excerpt":{"rendered":"<p>BERU Sytytyspuola ZSE144  BMW,3 Touring E91,3 E90,5 E60,1 E87,5 Touring E61,5 Touring F11,5 F10, F18,1 E81,3 Coupe E92,3 Cabriolet E93,1 Cabriolet E88<\/p>\n","protected":false},"featured_media":0,"template":"","meta":{"site-sidebar-layout":"default","site-content-layout":"default","ast-global-header-display":"","ast-main-header-display":"","ast-hfb-above-header-display":"","ast-hfb-below-header-display":"","ast-hfb-mobile-header-display":"","site-post-title":"","ast-breadcrumbs-content":"","ast-featured-img":"","footer-sml-layout":"","theme-transparent-header-meta":"","adv-header-id-meta":"","stick-header-meta":"","header-above-stick-meta":"","header-main-stick-meta":"","header-below-stick-meta":""},"pwb-brand":[327],"product_cat":[25],"product_tag":[],"class_list":{"0":"post-50274","1":"product","2":"type-product","3":"status-publish","5":"pwb-brand-beru","6":"product_cat-sytytyspuola","7":"desktop-align-left","8":"tablet-align-left","9":"mobile-align-left","11":"first","12":"instock","13":"product-type-external"},"brands":[{"id":327,"name":"BERU","slug":"beru"}],"_links":{"self":[{"href":"https:\/\/www.autonvaraosahaku.fi\/index.php?rest_route=\/wp\/v2\/product\/50274","targetHints":{"allow":["GET"]}}],"collection":[{"href":"https:\/\/www.autonvaraosahaku.fi\/index.php?rest_route=\/wp\/v2\/product"}],"about":[{"href":"https:\/\/www.autonvaraosahaku.fi\/index.php?rest_route=\/wp\/v2\/types\/product"}],"wp:attachment":[{"href":"https:\/\/www.autonvaraosahaku.fi\/index.php?rest_route=%2Fwp%2Fv2%2Fmedia&parent=50274"}],"wp:term":[{"taxonomy":"pwb-brand","embeddable":true,"href":"https:\/\/www.autonvaraosahaku.fi\/index.php?rest_route=%2Fwp%2Fv2%2Fpwb-brand&post=50274"},{"taxonomy":"product_cat","embeddable":true,"href":"https:\/\/www.autonvaraosahaku.fi\/index.php?rest_route=%2Fwp%2Fv2%2Fproduct_cat&post=50274"},{"taxonomy":"product_tag","embeddable":true,"href":"https:\/\/www.autonvaraosahaku.fi\/index.php?rest_route=%2Fwp%2Fv2%2Fproduct_tag&post=50274"}],"curies":[{"name":"wp","href":"https:\/\/api.w.org\/{rel}","templated":true}]}}