{"id":50283,"date":"2021-02-21T17:30:59","date_gmt":"2021-02-21T17:30:59","guid":{"rendered":"https:\/\/www.autonvaraosahaku.fi\/?product=vaico-v25-1705-muut-luokat"},"modified":"2021-02-21T17:31:00","modified_gmt":"2021-02-21T17:31:00","slug":"vaico-v25-1705-muut-luokat","status":"publish","type":"product","link":"https:\/\/www.autonvaraosahaku.fi\/?product=vaico-v25-1705-muut-luokat","title":{"rendered":"VAICO V25-1705 Muut luokat"},"content":{"rendered":"<p>Voimansiirtotyyppi: Etuveto; Laakerityyppi: Kuulalaakeri; Paino [g]: 257; Ulkol\u00e4pimitta [mm]: 75; Sis\u00e4l\u00e4pimitta [mm]: 45; Leveys (mm): 75; Asennuspuoli: Etuakseli; Korkeus (mm): 19; Paino [kg]: 0,277; Pakkausleveys [cm]: 9,3; Pakkauskorkeus [mm]: 9; Pakkaussyvyys [cm]: 5; lis\u00e4tieto: CST99; TECDOC-moottorinumero: 25875; FORD USA: EDGE; FORD: FIESTA V JH_, JD_,FOCUS II Kombi DA_,FIESTA VI,MONDEO IV Turnier BA7,FOCUS Kombi DNW,FOCUS II DA_,FOCUS DAW, DBW,S-MAX WA6,FOCUS III Turnier,GALAXY WGR,FOCUS C-MAX,FIESTA IV JA_, JB_,GALAXY WA6,KUGA I,FUSION JU_,C-MAX DM2,FOCUS III,TRANSIT MK-7 Kasten,C-MAX II,MONDEO IV BA7,KUGA II DM2,FIESTA Stufenheck JA8 JR8,GRAND C-MAX,FOCUS Stufenheck DFW,TRANSIT MK-7 Bus,TRANSIT Kasten FA_ _,TRANSIT CONNECT P65_, P70_, P80_,FOCUS II Stufenheck DA_,TRANSIT Bus FD_ _, FB_ _, FS_ _, FZ_ _, FC_ _,B-MAX JK,FOCUS II Cabriolet,TOURNEO CONNECT,ECOSPORT,TRANSIT MK-7 Pritsche\/Fahrgestell,PUMA EC_,TRANSIT Pritsche\/Fahrgestell FM_ _, FN_ _,FOCUS III Stufenheck,TRANSIT CUSTOM Kasten,TOURNEO CUSTOM Bus,MONDEO IV Stufenheck BA7,TRANSIT TOURNEO FB,TRANSIT CUSTOM Bus,TOURNEO CONNECT \/ GRAND TOURNEO CONNECT Kombi,FIESTA V Van,FIESTA VI Van,FIESTA Kasten J5_, J3_,TRANSIT CONNECT Kasten,FIESTA Kasten JV_,MONDEO V Turnier,S-MAX,MONDEO V Stufenheck,TRANSIT Custom  Bus,GRAND C-MAX Van,FIEST; 1061831, 1459756, 1481243, 1701597, 6G913C073AA, 97AG3C083AD, AV613C083AA, BE8Z3K093A<\/p>\n","protected":false},"excerpt":{"rendered":"<p>VAICO V\u00e4lilaakeri, Vetoakseli V25-1705  FORD USA,FORD,EDGE,FIESTA V JH_, JD_,FOCUS II Kombi DA_,FIESTA VI,MONDEO IV Turnier BA7,FOCUS Kombi DNW<\/p>\n","protected":false},"featured_media":0,"template":"","meta":{"site-sidebar-layout":"default","site-content-layout":"default","ast-global-header-display":"","ast-main-header-display":"","ast-hfb-above-header-display":"","ast-hfb-below-header-display":"","ast-hfb-mobile-header-display":"","site-post-title":"","ast-breadcrumbs-content":"","ast-featured-img":"","footer-sml-layout":"","theme-transparent-header-meta":"","adv-header-id-meta":"","stick-header-meta":"","header-above-stick-meta":"","header-main-stick-meta":"","header-below-stick-meta":""},"pwb-brand":[330],"product_cat":[37],"product_tag":[],"class_list":{"0":"post-50283","1":"product","2":"type-product","3":"status-publish","5":"pwb-brand-vaico","6":"product_cat-muut-luokat","7":"desktop-align-left","8":"tablet-align-left","9":"mobile-align-left","11":"first","12":"instock","13":"product-type-external"},"brands":[{"id":330,"name":"VAICO","slug":"vaico"}],"_links":{"self":[{"href":"https:\/\/www.autonvaraosahaku.fi\/index.php?rest_route=\/wp\/v2\/product\/50283","targetHints":{"allow":["GET"]}}],"collection":[{"href":"https:\/\/www.autonvaraosahaku.fi\/index.php?rest_route=\/wp\/v2\/product"}],"about":[{"href":"https:\/\/www.autonvaraosahaku.fi\/index.php?rest_route=\/wp\/v2\/types\/product"}],"wp:attachment":[{"href":"https:\/\/www.autonvaraosahaku.fi\/index.php?rest_route=%2Fwp%2Fv2%2Fmedia&parent=50283"}],"wp:term":[{"taxonomy":"pwb-brand","embeddable":true,"href":"https:\/\/www.autonvaraosahaku.fi\/index.php?rest_route=%2Fwp%2Fv2%2Fpwb-brand&post=50283"},{"taxonomy":"product_cat","embeddable":true,"href":"https:\/\/www.autonvaraosahaku.fi\/index.php?rest_route=%2Fwp%2Fv2%2Fproduct_cat&post=50283"},{"taxonomy":"product_tag","embeddable":true,"href":"https:\/\/www.autonvaraosahaku.fi\/index.php?rest_route=%2Fwp%2Fv2%2Fproduct_tag&post=50283"}],"curies":[{"name":"wp","href":"https:\/\/api.w.org\/{rel}","templated":true}]}}