{"id":50292,"date":"2021-02-21T17:30:59","date_gmt":"2021-02-21T17:30:59","guid":{"rendered":"https:\/\/www.autonvaraosahaku.fi\/?product=swag-81-92-7057-pyoranpultit"},"modified":"2021-02-21T17:31:03","modified_gmt":"2021-02-21T17:31:03","slug":"swag-81-92-7057-pyoranpultit","status":"publish","type":"product","link":"https:\/\/www.autonvaraosahaku.fi\/?product=swag-81-92-7057-pyoranpultit","title":{"rendered":"SWAG 81 92 7057 Py\u00f6r\u00e4npultit"},"content":{"rendered":"<p>Paksuus [mm]: 26,0; Ulkol\u00e4pimitta [mm]: 23,7; Sis\u00e4kierre (mm): M12 x 1,5; Avainv\u00e4li: 17, 19; Py\u00f6r\u00e4n kiinnitys: Kartiolaippa F; Materiaali: Ter\u00e4s; Pinta: Kromattu; Asennuspuoli: Etuakseli, Taka-akseli; Paino [kg]: 0,26, 0,26; TECDOC-moottorinumero: 25875; MAZDA: 5 CR19,3 BK,6 Station Wagon GY,MX-5 II NB,6 Kombi GH,2 DE,323 F VI BJ,PREMACY CP,CX-7 ER,6 Hatchback GG,6 GG,3 BL,MX-5 I NA,5 CW,MX-5 III NC,DEMIO DW,6 Schr\u00e4gheck GH,RX 8 SE17,626 V Hatchback GF,3 Stufenheck BK,6 GH,MPV II LW,626 V GF,626 V Station Wagon GW,323 P V BA,3 Stufenheck BL,626 IV Hatchback GE,MX-3 EC,FAMILIA VI BJ,2 Stufenheck DE,XEDOS 6 CA,323 C IV BG,FAMILIA IV BF,XEDOS 9 TA,121 III JASM, JBSM,626 IV GE,CX-9 TB,FAMILIA V BA,FAMILIA V BG8,323 III Hatchback BF,121 II DB,RX 7 I SA,626 III GD,FAMILIA IV BG,626 III Hatchback GD,626 III Coupe GD,E-SERIE Kasten SR2,626 III Station Wagon GV,626 II GC,626 II Hatchback GC,929 III HC,323 III BF,MPV I LV,RX 7 III FD,929 II Coupe HB,323 III Station Wagon BW,323 II Hatchback BD,121 I DA,323 I FA,323 II BD,929 II HB,626 I CB,626 II Coupe GC,323 I Station Wagon FA,929 II Kombi HV; DAEWOO: KALOS KLAS,REZZO KLAU,EVANDA KLAL,LACETTI Schr\u00e4gheck KLAN,NUBIRA Stufenheck KLAN,KALOS Stufenheck KLAS,NUBIRA Wagon KLAN,NUBIRA Wagon KLAJ,LEGANZA KLAV,NUBIRA Stufenheck KLAJ,NUBIRA KLAJ,LACETTI Stufenheck J200,NUBIRA J150,NUBIRA Kombi J150,NUBIRA Stufenheck J150; CHEVROLET: CAPTIVA C100, C140,MATIZ M200, M250,SPARK M300,NUBIRA Kombi,KALOS,AVEO Schr\u00e4gheck T250, T255,AVEO Schr\u00e4gheck T300,EPICA KL1_,LACETTI J200,AVEO Stufenheck T250, T255,REZZO,AVEO Stufenheck T300,NUBIRA Stufenheck,SPARK M200 M250,AVEO Stufenheck T200,EPICA Stufenheck US,SPARK M150,LACETTI Kombi J200,AVEO Schr\u00e4gheck T200,LACETTI Stufenheck; KIA: CARNIVAL \/ GRAND CARNIVAL III VQ,MAGENTIS GD,OPIRUS GH,JOICE; LEXUS: IS II GSE2_, ALE2_, USE2_,RX MHU3_, GSU3_, MCU3_,IS I JCE1_, GXE1_,GS GRS19_, UZS19_, GWS19_,GS UZS161, JZS160,IS SportCross,RX MCU15,LS UCF20,SC UZZ40_,LS UCF30,IS C GSE2_,GX _J12_,ES GSV4_, ACV4_,ES MCV_, VZV_,SC Coupe UZZ3_, JZZ3_; OPEL: ASTRA H Caravan L35,ASTRA J Sports Tourer,ASTRA J,ZAFIRA TOURER C P12,ANTARA,ASTRA GTC J,ASTRA J Stufenheck,CASCADA W13,ASTRA H Kasten L70,AMPERA,ASTRA CLASSIC L48,ASTRA CLASSIC Stufenheck; TOYOTA: YARIS SCP9_, NSP9_, KSP9_, NCP9_, ZSP9_,YARIS SCP1_, NLP1_, NCP1_,AVENSIS Kombi T25,COROLLA Verso ZER_, ZZE12_, R1_,AURIS NRE15_, ZZE15_, ADE15_, ZRE15_, NDE15_,RAV 4 III ACA3_, ACE_, ALA3_, GSA3_, ZSA3_,RAV 4 II CLA2_, XA2_, ZCA2_, ACA2_,COROLLA ZZE12_, NDE12_, ZDE12_,AVENSIS Station Wagon ZRT27, ADT27,AVENSIS T25_,YARIS VERSO _NLP2_, _NCP2_,YARIS NHP13_, NSP13_, NCP13_, KSP13_, NLP13_,STARLET EP91,COROLLA Kombi _E12J_, _E12T_,PRIUS Liftback NHW20_,AVENSIS Stufenheck T25,AVENSIS _T22_,COROLLA Liftback _E11_,IQ KPJ1_, NGJ1_, KGJ1_, NUJ1_,COROLLA Compact _E11_,AVENSIS Station Wagon _T22_,RAV 4 I SXA1_,COROLLA Verso ZDE12_, CDE12_,CELICA ZZT23_,AVENSIS Stufenheck ZRT27, ADT27,PREVIA MCR3_, ACR3_, CLR3_,LAND CRUISER KDJ12_, GRJ12_,COROLLA Stufenheck _E12J_, _E12T_,AVENSIS Liftback _T22_,PICNIC _XM10,AVENSIS VERSO _CLM2_, _ACM2_,VIOS\/YARIS Stufenheck ZSP9_, NCP9_,SUPRA JZA70_, GA70_, MA70,MR 2 II SW2_,MR 2 III ZZW3_,STARLET _P8_,PASEO Coupe EL54,COROLLA Compact _E10_,CARINA E; BMW: 02 E10,5 E12,02 Touring E6,02 Cabriolet E10; HYUNDAI: MATRIX FC,TERRACAN HP,COUPE GK,ATOS MX,TRAJET FO,SONATA V NF,SONATA IV EF,GENESIS Coupe,ACCENT II LC,COUPE RD,ACCENT III MC,ELANTRA XD,ACCENT III Stufenheck MC,ELANTRA Stufenheck XD,ACCENT I X-3,ACCENT II Stufenheck LC,XG XG,LANTRA II Wagon J-2,LANTRA II J-2,SANTAMO,SONATA III Y-3,ACCENT IV RB,GENESIS BH,ACCENT IV Stufenheck RB; VOLVO: V40 Kombi VW,V50 MW,C30,S40 II MS,S40 I VS,C70 II Cabriolet,V40 Schr\u00e4gheck,S70 LS; M115, 0000000000, 0000000, 000M115, M115, 0000M115, M115, M115, M115, M115, M115, M115, M115, M115, M115, M115, 000000, M115, M115, M115, 000000M115, M115, 0000000, 0000M115, M115, M115; Py\u00f6r\u00e4n Mutteri<\/p>\n","protected":false},"excerpt":{"rendered":"<p>SWAG Py\u00f6r\u00e4nmutterit 81 92 7057 Py\u00f6r\u00e4n Mutteri MAZDA,DAEWOO,CHEVROLET,5 CR19,3 BK,6 Station Wagon GY,MX-5 II NB,6 Kombi GH,2 DE,323 F VI BJ,PREMACY CP<\/p>\n","protected":false},"featured_media":0,"template":"","meta":{"site-sidebar-layout":"default","site-content-layout":"default","ast-global-header-display":"","ast-main-header-display":"","ast-hfb-above-header-display":"","ast-hfb-below-header-display":"","ast-hfb-mobile-header-display":"","site-post-title":"","ast-breadcrumbs-content":"","ast-featured-img":"","footer-sml-layout":"","theme-transparent-header-meta":"","adv-header-id-meta":"","stick-header-meta":"","header-above-stick-meta":"","header-main-stick-meta":"","header-below-stick-meta":""},"pwb-brand":[103],"product_cat":[51],"product_tag":[],"class_list":{"0":"post-50292","1":"product","2":"type-product","3":"status-publish","5":"pwb-brand-swag","6":"product_cat-pyoranpultit","7":"desktop-align-left","8":"tablet-align-left","9":"mobile-align-left","11":"first","12":"instock","13":"product-type-external"},"brands":[{"id":103,"name":"SWAG","slug":"swag"}],"_links":{"self":[{"href":"https:\/\/www.autonvaraosahaku.fi\/index.php?rest_route=\/wp\/v2\/product\/50292","targetHints":{"allow":["GET"]}}],"collection":[{"href":"https:\/\/www.autonvaraosahaku.fi\/index.php?rest_route=\/wp\/v2\/product"}],"about":[{"href":"https:\/\/www.autonvaraosahaku.fi\/index.php?rest_route=\/wp\/v2\/types\/product"}],"wp:attachment":[{"href":"https:\/\/www.autonvaraosahaku.fi\/index.php?rest_route=%2Fwp%2Fv2%2Fmedia&parent=50292"}],"wp:term":[{"taxonomy":"pwb-brand","embeddable":true,"href":"https:\/\/www.autonvaraosahaku.fi\/index.php?rest_route=%2Fwp%2Fv2%2Fpwb-brand&post=50292"},{"taxonomy":"product_cat","embeddable":true,"href":"https:\/\/www.autonvaraosahaku.fi\/index.php?rest_route=%2Fwp%2Fv2%2Fproduct_cat&post=50292"},{"taxonomy":"product_tag","embeddable":true,"href":"https:\/\/www.autonvaraosahaku.fi\/index.php?rest_route=%2Fwp%2Fv2%2Fproduct_tag&post=50292"}],"curies":[{"name":"wp","href":"https:\/\/api.w.org\/{rel}","templated":true}]}}