{"id":50320,"date":"2021-02-21T17:31:08","date_gmt":"2021-02-21T17:31:08","guid":{"rendered":"https:\/\/www.autonvaraosahaku.fi\/?product=ufi-24-351-00-polttoainesuodatin"},"modified":"2021-02-21T17:31:15","modified_gmt":"2021-02-21T17:31:15","slug":"ufi-24-351-00-polttoainesuodatin","status":"publish","type":"product","link":"https:\/\/www.autonvaraosahaku.fi\/?product=ufi-24-351-00-polttoainesuodatin","title":{"rendered":"UFI 24.351.00 Polttoainesuodatin"},"content":{"rendered":"<p>Ulkol\u00e4pimitta [mm]: 81,0; Sis\u00e4l\u00e4pimitta [mm]: 62,5; Ulkol\u00e4pimitta 2 [mm]: 70,0; Ulkol\u00e4pimitta 1 [mm]: 85,0; Kierre 1: M 16 X 1,5; Korkeus (mm): 152,0; OE-numerolle: MOTORCRAFT EFG 57; VW: TRANSPORTER III Bus,LT 28-35 I Kasten 281-363,GOLF I 17,LT 28-35 I Bus 281-363,CADDY I 14,JETTA II 19E, 1G2, 165,PASSAT Variant 32B,TRANSPORTER III Kasten,LT 28-35 I Pritsche\/Fahrgestell 281-363,TRANSPORTER III Pritsche\/Fahrgestell,PASSAT 32B,LT 40-55 I Pritsche\/Fahrgestell 293-909,JETTA I 16,PASSAT 32,LT 40-55 I Kasten 291-512,PASSAT Stufenheck 32B,PASSAT Variant 33,SANTANA 32B; AUDI: 100 44, 44Q, C3,80 81, 85, B2,100 Avant 44, 44Q, C3,90 81, 85, B2,100 43, C2,100 Avant 43, C2; SEAT: IBIZA I 021A,MALAGA 023A,RONDA 022A,RITMO 138; IVECO: DAILY II Pritsche\/Fahrgestell,DAILY II Kasten\/Kombi,DAILY I Pritsche\/Fahrgestell,DAILY II Bus,DAILY I Kasten\/Kombi,DAILY II Kipper,EUROCARGO I-III,M,ZETA; LAND ROVER: DEFENDER Station Wagon LD,DEFENDER Cabrio LD,90\/110 DHMC,DISCOVERY I LJ, LG,RANGE ROVER I AE, AN, HAA, HAB, HAM, HBM, RE, RN; VOLVO: 940 II Kombi 945,940 Kombi 945,240 Kombi P245,740 Kombi 745,740 744,240 P242, P244,940 944,760 704, 764,340-360 343, 345,960 Kombi 965,760 Kombi 704, 765,940 II 944,960 964,340-360 Stufenheck 344,F4,FL4,FLC; DAIHATSU: HIJET Kasten S85; ROVER: 2000-3500 Hatchback SD1,800 XS,800 Hatchback XS,800 Coupe; OPEL: ASTRA F Van 55_; LANCIA: DELTA I 831AB0,KAPPA 838A,THEMA 834,KAPPA SW 838B,THEMA SW 834,PRISMA 831AB0; 9944921, 190661, 1906C6, 4932900000, 0060507208, 0060732867, 1909142, 43061000, 4753103, 4764725, 4795601, 4813127, 4814454, 5951661, 60507208, 60732867, 71736113, 71736119, 71771749, 79075882, 82392325, 86504140, 9936891, 9942378, 9945928, 5010462, 5012582, 5020403, 6135130, 5951661, 01902138, 1902138, 504073234, 97210996, AEU2147, AEU2147L, 190660, 1906C6, 247444, 493290, 7700700092, 7701030546, ADU9779, AEU2147, VFF77, 1257201, 12572012, 3547862, 3976655, 39766555<\/p>\n","protected":false},"excerpt":{"rendered":"<p>UFI Polttoainesuodatin 24.351.00  VW,AUDI,SEAT,TRANSPORTER III Bus,LT 28-35 I Kasten 281-363,GOLF I 17,LT 28-35 I Bus 281-363,CADDY I 14<\/p>\n","protected":false},"featured_media":0,"template":"","meta":{"site-sidebar-layout":"default","site-content-layout":"default","ast-global-header-display":"","ast-main-header-display":"","ast-hfb-above-header-display":"","ast-hfb-below-header-display":"","ast-hfb-mobile-header-display":"","site-post-title":"","ast-breadcrumbs-content":"","ast-featured-img":"","footer-sml-layout":"","theme-transparent-header-meta":"","adv-header-id-meta":"","stick-header-meta":"","header-above-stick-meta":"","header-main-stick-meta":"","header-below-stick-meta":""},"pwb-brand":[109],"product_cat":[29],"product_tag":[],"class_list":{"0":"post-50320","1":"product","2":"type-product","3":"status-publish","5":"pwb-brand-ufi","6":"product_cat-polttoainesuodatin","7":"desktop-align-left","8":"tablet-align-left","9":"mobile-align-left","11":"first","12":"instock","13":"product-type-external"},"brands":[{"id":109,"name":"UFI","slug":"ufi"}],"_links":{"self":[{"href":"https:\/\/www.autonvaraosahaku.fi\/index.php?rest_route=\/wp\/v2\/product\/50320","targetHints":{"allow":["GET"]}}],"collection":[{"href":"https:\/\/www.autonvaraosahaku.fi\/index.php?rest_route=\/wp\/v2\/product"}],"about":[{"href":"https:\/\/www.autonvaraosahaku.fi\/index.php?rest_route=\/wp\/v2\/types\/product"}],"wp:attachment":[{"href":"https:\/\/www.autonvaraosahaku.fi\/index.php?rest_route=%2Fwp%2Fv2%2Fmedia&parent=50320"}],"wp:term":[{"taxonomy":"pwb-brand","embeddable":true,"href":"https:\/\/www.autonvaraosahaku.fi\/index.php?rest_route=%2Fwp%2Fv2%2Fpwb-brand&post=50320"},{"taxonomy":"product_cat","embeddable":true,"href":"https:\/\/www.autonvaraosahaku.fi\/index.php?rest_route=%2Fwp%2Fv2%2Fproduct_cat&post=50320"},{"taxonomy":"product_tag","embeddable":true,"href":"https:\/\/www.autonvaraosahaku.fi\/index.php?rest_route=%2Fwp%2Fv2%2Fproduct_tag&post=50320"}],"curies":[{"name":"wp","href":"https:\/\/api.w.org\/{rel}","templated":true}]}}