{"id":50324,"date":"2021-02-21T17:31:16","date_gmt":"2021-02-21T17:31:16","guid":{"rendered":"https:\/\/www.autonvaraosahaku.fi\/?product=trw-jgm2826t-iskunvaimennin"},"modified":"2021-02-21T17:31:17","modified_gmt":"2021-02-21T17:31:17","slug":"trw-jgm2826t-iskunvaimennin","status":"publish","type":"product","link":"https:\/\/www.autonvaraosahaku.fi\/?product=trw-jgm2826t-iskunvaimennin","title":{"rendered":"TRW JGM2826T Iskunvaimennin"},"content":{"rendered":"<p>Lukum\u00e4\u00e4r\u00e4 akselille: 1; Iskunvaimennin tyyppi: Kaasupaine; Iskunvaimennin malli: Joustintuki; Asennuspuoli: Etuakseli; Iskunvaimennusj\u00e4rjestelm\u00e4: Kaksiputki; Huomioi tekniset tiedot: ; lis\u00e4tieto: TWIN; Alustarakenne: f\u00fcr Fahrzeuge mit Standard Fahrwerk; FORD: FOCUS Kombi DNW,FOCUS DAW, DBW,FOCUS Stufenheck DFW; 1061713, 1061715, 1061717, 1061718, 1061725, 1061726, 1061727, 1061731, 1061732, 1061733, 1064070, 1064072, 1064073, 1064074, 1064075, 1064076, 1064077, 1066916, 1066917, 1068764, 1068765, 1068766, 1068767, 1068768, 1068769, 1068770, 1069130, 1069131, 1069133, 1069134, 1069135, 1069136, 1069137, 1069138, 1069139, 1069140, 1069141, 1069142, 1069143, 1069145, 1069146, 1069147, 1069149, 1070564, 1070683, 1070752, 1070753, 1071064, 1071065, 1073875, 1073877, 1073878, 1073880, 1073881, 1073882, 1073884, 1073885, 1073886, 1073887, 1074101, 1074102, 1074106, 1074108, 1074109, 1074110, 1074111, 1074112, 1074113, 1085811, 1085812, 1085813, 1087125, 1087126, 1087127, 1088188, 1088190, 1088194, 1088204, 1088211, 1088220, 1088225, 1088227, 1088231, 1088234, 1088238, 1111001, 1111003, 1111006, 1111007, 1111009, 1111010, 1111013, 1111014, 1112667, 1112668, 1112669, 1112670, 1112671, 1112672, 1142741, 1142742, 1142743, 1143218, 1143219, 1143220, 1145246, 1145248, 1149976, 1149981, 1201920, 1201931,&#8230;; Iskarit,Iskunvaimennin<\/p>\n","protected":false},"excerpt":{"rendered":"<p>TRW Iskunvaimentimet JGM2826T Iskarit,Iskunvaimennin FORD,FOCUS Kombi DNW,FOCUS DAW, DBW,FOCUS Stufenheck DFW<\/p>\n","protected":false},"featured_media":0,"template":"","meta":{"site-sidebar-layout":"default","site-content-layout":"default","ast-global-header-display":"","ast-main-header-display":"","ast-hfb-above-header-display":"","ast-hfb-below-header-display":"","ast-hfb-mobile-header-display":"","site-post-title":"","ast-breadcrumbs-content":"","ast-featured-img":"","footer-sml-layout":"","theme-transparent-header-meta":"","adv-header-id-meta":"","stick-header-meta":"","header-above-stick-meta":"","header-main-stick-meta":"","header-below-stick-meta":""},"pwb-brand":[332],"product_cat":[80],"product_tag":[],"class_list":{"0":"post-50324","1":"product","2":"type-product","3":"status-publish","5":"pwb-brand-trw","6":"product_cat-iskunvaimennin","7":"desktop-align-left","8":"tablet-align-left","9":"mobile-align-left","11":"first","12":"instock","13":"product-type-external"},"brands":[{"id":332,"name":"TRW","slug":"trw"}],"_links":{"self":[{"href":"https:\/\/www.autonvaraosahaku.fi\/index.php?rest_route=\/wp\/v2\/product\/50324","targetHints":{"allow":["GET"]}}],"collection":[{"href":"https:\/\/www.autonvaraosahaku.fi\/index.php?rest_route=\/wp\/v2\/product"}],"about":[{"href":"https:\/\/www.autonvaraosahaku.fi\/index.php?rest_route=\/wp\/v2\/types\/product"}],"wp:attachment":[{"href":"https:\/\/www.autonvaraosahaku.fi\/index.php?rest_route=%2Fwp%2Fv2%2Fmedia&parent=50324"}],"wp:term":[{"taxonomy":"pwb-brand","embeddable":true,"href":"https:\/\/www.autonvaraosahaku.fi\/index.php?rest_route=%2Fwp%2Fv2%2Fpwb-brand&post=50324"},{"taxonomy":"product_cat","embeddable":true,"href":"https:\/\/www.autonvaraosahaku.fi\/index.php?rest_route=%2Fwp%2Fv2%2Fproduct_cat&post=50324"},{"taxonomy":"product_tag","embeddable":true,"href":"https:\/\/www.autonvaraosahaku.fi\/index.php?rest_route=%2Fwp%2Fv2%2Fproduct_tag&post=50324"}],"curies":[{"name":"wp","href":"https:\/\/api.w.org\/{rel}","templated":true}]}}