{"id":50365,"date":"2021-02-21T17:31:30","date_gmt":"2021-02-21T17:31:30","guid":{"rendered":"https:\/\/www.autonvaraosahaku.fi\/?product=ridex-402b0650-jarrupalat"},"modified":"2021-02-21T17:31:31","modified_gmt":"2021-02-21T17:31:31","slug":"ridex-402b0650-jarrupalat","status":"publish","type":"product","link":"https:\/\/www.autonvaraosahaku.fi\/?product=ridex-402b0650-jarrupalat","title":{"rendered":"RIDEX 402B0650 Jarrupalat"},"content":{"rendered":"<p>Asennuspuoli: Etuakseli; Jarruj\u00e4rjestelm\u00e4: Sumitomo; Pituus (mm): 131,8; Korkeus (mm): 56,2; Paksuus 1 [mm]: 16; Paksuus 2 [mm]: 17; Kulumisenilmaisimen liitos: Sis. kulumisenilmaisimen, akustisella kulumavaroittimella; Kulumisvaroittimia [pro Achse]: 2; Paino [kg]: 1,563; M\u00e4\u00e4r\u00e4yksikk\u00f6: Akselisarja; Alustanumerosta: 114434; MAZDA: 323 F VI BJ,PREMACY CP,626 V Hatchback GF,626 V GF,626 V Station Wagon GW,FAMILIA VI BJ,BT-50 CD, UN; 1U1G3328Z, CBY33323Z, CBY33328Z, CBY43323Z, CBY43328Z, G1YC3323Z, G1YC3323ZA, G1YC3328Z, G1YC3328ZA, G1YC3328ZB, G1YC3328ZC, G1YN3323Z, G1YN3323ZA, G1YN3328Z, GDYE3323ZA, GFYR3323Z, GJYC3328Z; Jarrupalasarja,Jarrupala, Levyjarru<\/p>\n","protected":false},"excerpt":{"rendered":"<p>RIDEX Jarrupalat 402B0650 Jarrupalasarja,Jarrupala, Levyjarru MAZDA,323 F VI BJ,PREMACY CP,626 V Hatchback GF,626 V GF,626 V Station Wagon GW<\/p>\n","protected":false},"featured_media":0,"template":"","meta":{"site-sidebar-layout":"default","site-content-layout":"default","ast-global-header-display":"","ast-main-header-display":"","ast-hfb-above-header-display":"","ast-hfb-below-header-display":"","ast-hfb-mobile-header-display":"","site-post-title":"","ast-breadcrumbs-content":"","ast-featured-img":"","footer-sml-layout":"","theme-transparent-header-meta":"","adv-header-id-meta":"","stick-header-meta":"","header-above-stick-meta":"","header-main-stick-meta":"","header-below-stick-meta":""},"pwb-brand":[157],"product_cat":[100],"product_tag":[],"class_list":{"0":"post-50365","1":"product","2":"type-product","3":"status-publish","5":"pwb-brand-ridex","6":"product_cat-jarrupalat","7":"desktop-align-left","8":"tablet-align-left","9":"mobile-align-left","11":"first","12":"instock","13":"product-type-external"},"brands":[{"id":157,"name":"RIDEX","slug":"ridex"}],"_links":{"self":[{"href":"https:\/\/www.autonvaraosahaku.fi\/index.php?rest_route=\/wp\/v2\/product\/50365","targetHints":{"allow":["GET"]}}],"collection":[{"href":"https:\/\/www.autonvaraosahaku.fi\/index.php?rest_route=\/wp\/v2\/product"}],"about":[{"href":"https:\/\/www.autonvaraosahaku.fi\/index.php?rest_route=\/wp\/v2\/types\/product"}],"wp:attachment":[{"href":"https:\/\/www.autonvaraosahaku.fi\/index.php?rest_route=%2Fwp%2Fv2%2Fmedia&parent=50365"}],"wp:term":[{"taxonomy":"pwb-brand","embeddable":true,"href":"https:\/\/www.autonvaraosahaku.fi\/index.php?rest_route=%2Fwp%2Fv2%2Fpwb-brand&post=50365"},{"taxonomy":"product_cat","embeddable":true,"href":"https:\/\/www.autonvaraosahaku.fi\/index.php?rest_route=%2Fwp%2Fv2%2Fproduct_cat&post=50365"},{"taxonomy":"product_tag","embeddable":true,"href":"https:\/\/www.autonvaraosahaku.fi\/index.php?rest_route=%2Fwp%2Fv2%2Fproduct_tag&post=50365"}],"curies":[{"name":"wp","href":"https:\/\/api.w.org\/{rel}","templated":true}]}}