{"id":50369,"date":"2021-02-21T17:31:30","date_gmt":"2021-02-21T17:31:30","guid":{"rendered":"https:\/\/www.autonvaraosahaku.fi\/?product=ridex-402b0785-jarrupalat"},"modified":"2021-02-21T17:31:32","modified_gmt":"2021-02-21T17:31:32","slug":"ridex-402b0785-jarrupalat","status":"publish","type":"product","link":"https:\/\/www.autonvaraosahaku.fi\/?product=ridex-402b0785-jarrupalat","title":{"rendered":"RIDEX 402B0785 Jarrupalat"},"content":{"rendered":"<p>Pituus (mm): 180,2; Korkeus (mm): 75,0; Paksuus [mm]: 17,0; Kulumisenilmaisimen liitos: Sis. kulumisenilmaisimen; Kulumisvaroittimia [pro Achse]: 1; Varoittimen pituus [mm]: 310; M\u00e4\u00e4r\u00e4yksikk\u00f6: Akselisarja; Korvaava tuote\/korvaava tiedote 2: M\u00e4nn\u00e4n lukoilla; Asennuspuoli: Etuakseli, Vorderachse; JEEP: GRAND CHEROKEE IV WK, WK2; CITRO\u00cbN: C5 III Break TD_,C5 III RD_,C6 TD_,DS4,DS5; PEUGEOT: 308 4A_, 4C_,508 SW,RCZ,308 CC,508,407 Coupe 6C_; DS: DS5,DS 4 \/ DS 4 CROSSBACK; 425473, 425473; Jarrupalasarja,Jarrupala, Levyjarru<\/p>\n","protected":false},"excerpt":{"rendered":"<p>RIDEX Jarrupalat 402B0785 Jarrupalasarja,Jarrupala, Levyjarru JEEP,CITRO\u00cbN,PEUGEOT,GRAND CHEROKEE IV WK, WK2,C5 III Break TD_,C5 III RD_,C6 TD_,DS4<\/p>\n","protected":false},"featured_media":0,"template":"","meta":{"site-sidebar-layout":"default","site-content-layout":"default","ast-global-header-display":"","ast-main-header-display":"","ast-hfb-above-header-display":"","ast-hfb-below-header-display":"","ast-hfb-mobile-header-display":"","site-post-title":"","ast-breadcrumbs-content":"","ast-featured-img":"","footer-sml-layout":"","theme-transparent-header-meta":"","adv-header-id-meta":"","stick-header-meta":"","header-above-stick-meta":"","header-main-stick-meta":"","header-below-stick-meta":""},"pwb-brand":[157],"product_cat":[100],"product_tag":[],"class_list":{"0":"post-50369","1":"product","2":"type-product","3":"status-publish","5":"pwb-brand-ridex","6":"product_cat-jarrupalat","7":"desktop-align-left","8":"tablet-align-left","9":"mobile-align-left","11":"first","12":"instock","13":"product-type-external"},"brands":[{"id":157,"name":"RIDEX","slug":"ridex"}],"_links":{"self":[{"href":"https:\/\/www.autonvaraosahaku.fi\/index.php?rest_route=\/wp\/v2\/product\/50369","targetHints":{"allow":["GET"]}}],"collection":[{"href":"https:\/\/www.autonvaraosahaku.fi\/index.php?rest_route=\/wp\/v2\/product"}],"about":[{"href":"https:\/\/www.autonvaraosahaku.fi\/index.php?rest_route=\/wp\/v2\/types\/product"}],"wp:attachment":[{"href":"https:\/\/www.autonvaraosahaku.fi\/index.php?rest_route=%2Fwp%2Fv2%2Fmedia&parent=50369"}],"wp:term":[{"taxonomy":"pwb-brand","embeddable":true,"href":"https:\/\/www.autonvaraosahaku.fi\/index.php?rest_route=%2Fwp%2Fv2%2Fpwb-brand&post=50369"},{"taxonomy":"product_cat","embeddable":true,"href":"https:\/\/www.autonvaraosahaku.fi\/index.php?rest_route=%2Fwp%2Fv2%2Fproduct_cat&post=50369"},{"taxonomy":"product_tag","embeddable":true,"href":"https:\/\/www.autonvaraosahaku.fi\/index.php?rest_route=%2Fwp%2Fv2%2Fproduct_tag&post=50369"}],"curies":[{"name":"wp","href":"https:\/\/api.w.org\/{rel}","templated":true}]}}