{"id":50370,"date":"2021-02-21T17:31:30","date_gmt":"2021-02-21T17:31:30","guid":{"rendered":"https:\/\/www.autonvaraosahaku.fi\/?product=hella-9xw-200-526-011-pyyhkijansulat"},"modified":"2021-02-21T17:31:32","modified_gmt":"2021-02-21T17:31:32","slug":"hella-9xw-200-526-011-pyyhkijansulat","status":"publish","type":"product","link":"https:\/\/www.autonvaraosahaku.fi\/?product=hella-9xw-200-526-011-pyyhkijansulat","title":{"rendered":"HELLA 9XW 200 526-011 Pyyhkij\u00e4nsulat"},"content":{"rendered":"<p>Asennuspuoli: Takana; Pituus (mm): 350; Pituus (tuumaa): 14; M\u00e4\u00e4r\u00e4: 1; Tuotelinja: Rear; Pyyhkij\u00e4nsulkatyyppi: Tavallinen; Varusteet: f\u00fcr Fahrzeuge mit Heckt\u00fcren; NISSAN: ALMERA II Hatchback N16,TIIDA Schr\u00e4gheck; JEEP: WRANGLER III JK; HONDA: JAZZ II GD,JAZZ III GE; LANCIA: PHEDRA 179; OPEL: ZAFIRA B A05,ZAFIRA B Van; TOYOTA: PROACE Kasten\/Kombi; DACIA: LOGAN MCV KS_,LOGAN EXPRESS FS_; VOLVO: XC60,XC90 I; FORD: TOURNEO CONNECT \/ GRAND TOURNEO CONNECT Kombi,TRANSIT CONNECT Kasten,TOURNEO COURIER Kombi,TRANSIT CONNECT Kombi,TRANSIT COURIER Kasten,TRANSIT COURIER Kombi; ALFA ROMEO: GIULIETTA 940; Tuulilasinpyyhkimet,Pyyhkij\u00e4t,Pyyhkij\u00e4nsulka<\/p>\n","protected":false},"excerpt":{"rendered":"<p>HELLA Pyyhkij\u00e4nsulat 9XW 200 526-011 Tuulilasinpyyhkimet,Pyyhkij\u00e4t NISSAN,JEEP,HONDA,ALMERA II Hatchback N16,TIIDA Schr\u00e4gheck,WRANGLER III JK<\/p>\n","protected":false},"featured_media":0,"template":"","meta":{"site-sidebar-layout":"default","site-content-layout":"default","ast-global-header-display":"","ast-main-header-display":"","ast-hfb-above-header-display":"","ast-hfb-below-header-display":"","ast-hfb-mobile-header-display":"","site-post-title":"","ast-breadcrumbs-content":"","ast-featured-img":"","footer-sml-layout":"","theme-transparent-header-meta":"","adv-header-id-meta":"","stick-header-meta":"","header-above-stick-meta":"","header-main-stick-meta":"","header-below-stick-meta":""},"pwb-brand":[24],"product_cat":[33],"product_tag":[],"class_list":{"0":"post-50370","1":"product","2":"type-product","3":"status-publish","5":"pwb-brand-hella","6":"product_cat-pyyhkijansulat","7":"desktop-align-left","8":"tablet-align-left","9":"mobile-align-left","11":"first","12":"instock","13":"product-type-external"},"brands":[{"id":24,"name":"HELLA","slug":"hella"}],"_links":{"self":[{"href":"https:\/\/www.autonvaraosahaku.fi\/index.php?rest_route=\/wp\/v2\/product\/50370","targetHints":{"allow":["GET"]}}],"collection":[{"href":"https:\/\/www.autonvaraosahaku.fi\/index.php?rest_route=\/wp\/v2\/product"}],"about":[{"href":"https:\/\/www.autonvaraosahaku.fi\/index.php?rest_route=\/wp\/v2\/types\/product"}],"wp:attachment":[{"href":"https:\/\/www.autonvaraosahaku.fi\/index.php?rest_route=%2Fwp%2Fv2%2Fmedia&parent=50370"}],"wp:term":[{"taxonomy":"pwb-brand","embeddable":true,"href":"https:\/\/www.autonvaraosahaku.fi\/index.php?rest_route=%2Fwp%2Fv2%2Fpwb-brand&post=50370"},{"taxonomy":"product_cat","embeddable":true,"href":"https:\/\/www.autonvaraosahaku.fi\/index.php?rest_route=%2Fwp%2Fv2%2Fproduct_cat&post=50370"},{"taxonomy":"product_tag","embeddable":true,"href":"https:\/\/www.autonvaraosahaku.fi\/index.php?rest_route=%2Fwp%2Fv2%2Fproduct_tag&post=50370"}],"curies":[{"name":"wp","href":"https:\/\/api.w.org\/{rel}","templated":true}]}}