{"id":50381,"date":"2021-02-21T17:31:30","date_gmt":"2021-02-21T17:31:30","guid":{"rendered":"https:\/\/www.autonvaraosahaku.fi\/?product=payen-nj353-kampiakselin-tiiviste"},"modified":"2021-02-21T17:31:34","modified_gmt":"2021-02-21T17:31:34","slug":"payen-nj353-kampiakselin-tiiviste","status":"publish","type":"product","link":"https:\/\/www.autonvaraosahaku.fi\/?product=payen-nj353-kampiakselin-tiiviste","title":{"rendered":"PAYEN NJ353 Kampiakselin tiiviste"},"content":{"rendered":"<p>Korkeus (mm): 6,00; Materiaali: NBR (nitriili-butadi-kumi); Sis\u00e4l\u00e4pimitta [mm]: 35,00; Ulkol\u00e4pimitta [mm]: 49,00; Akselitiivisteen malli: 827S RD; Py\u00f6rimissuunta: Py\u00f6rimissuunta my\u00f6t\u00e4p\u00e4iv\u00e4\u00e4n; Asennuspuoli: stirnseitig; VW: TARO; NISSAN: SUNNY II Coupe B12,SUNNY III N14,SUNNY II Hatchback N13,SUNNY II N13,SUNNY II Traveller B12,CHERRY III N12,SUNNY I B11,CHERRY II Coupe N10,SUNNY I Coupe B11,CHERRY II Hatchback N10,SUNNY I Traveller B11,CHERRY II Traveller VN10; LEXUS: IS I JCE1_, GXE1_,IS SportCross; DAIHATSU: SIRION M3_,MATERIA M4_,TERIOS J2_,SIRION M1,YRV M2,TERIOS J1,COPEN L880_, L881_,SIRION M4_,EXTOL Bus S22_, S23_,CHARMANT A; SUBARU: JUSTY IV; TOYOTA: YARIS SCP9_, NSP9_, KSP9_, NCP9_, ZSP9_,YARIS SCP1_, NLP1_, NCP1_,COROLLA Verso ZER_, ZZE12_, R1_,STARLET EP91,AVENSIS _T22_,COROLLA Liftback _E11_,COROLLA Compact _E11_,AVENSIS Station Wagon _T22_,RAV 4 I SXA1_,AVENSIS Liftback _T22_,VIOS\/YARIS Stufenheck ZSP9_, NCP9_,SUPRA JZA70_, GA70_, MA70,MR 2 II SW2_,STARLET _P8_,PASEO Coupe EL54,COROLLA Compact _E10_,CARINA E _T19_,LAND CRUISER PZJ7_, KZJ7_, HZJ7_, BJ7_, LJ7_, RJ7_,CELICA ST20_, AT20_,LAND CRUISER 80 _J8_,COROLLA _E11_,CARINA E Stufenheck _T19_,CELICA Coupe AT18_, ST18_,COROLLA Wagon __E11_,CARINA E Sportswagon _T19_,STARLET _P7_,HILUX V Pick-up LN_, KZN1_, VZN1_,4 RUNNER RN10_, VZN13_, VZN10_, RN13_,COROLLA Liftback _E10_,COROLLA Liftback _E9_,MR 2 I AW1_,PASEO Cabriolet EL54,COROLLA _E10_,CARINA II _T17_,CARINA II Stufenheck _T17_,COROLLA Compact _E9_,HILUX IV Pick-up _N5_, _N6_,COROLLA Coupe AE86,CELICA Liftback ST16_, AT16_,CELICA Coupe RA4_, TA4_,COROLLA Wagon _E10_,CAMRY _V2_,HILUX II Pritsche\/Fahrgestel; 9031135040, 9031135003, 9031135008, 9031135013, 9031135017, 9031135049; Akselitiiviste, Kampiakseli<\/p>\n","protected":false},"excerpt":{"rendered":"<p>PAYEN Kampiakselin Tiiviste NJ353 Akselitiiviste, Kampiakseli VW,NISSAN,LEXUS,TARO,SUNNY II Coupe B12,SUNNY III N14,SUNNY II Hatchback N13<\/p>\n","protected":false},"featured_media":0,"template":"","meta":{"site-sidebar-layout":"default","site-content-layout":"default","ast-global-header-display":"","ast-main-header-display":"","ast-hfb-above-header-display":"","ast-hfb-below-header-display":"","ast-hfb-mobile-header-display":"","site-post-title":"","ast-breadcrumbs-content":"","ast-featured-img":"","footer-sml-layout":"","theme-transparent-header-meta":"","adv-header-id-meta":"","stick-header-meta":"","header-above-stick-meta":"","header-main-stick-meta":"","header-below-stick-meta":""},"pwb-brand":[329],"product_cat":[88],"product_tag":[],"class_list":{"0":"post-50381","1":"product","2":"type-product","3":"status-publish","5":"pwb-brand-payen","6":"product_cat-kampiakselin-tiiviste","7":"desktop-align-left","8":"tablet-align-left","9":"mobile-align-left","11":"first","12":"instock","13":"product-type-external"},"brands":[{"id":329,"name":"PAYEN","slug":"payen"}],"_links":{"self":[{"href":"https:\/\/www.autonvaraosahaku.fi\/index.php?rest_route=\/wp\/v2\/product\/50381","targetHints":{"allow":["GET"]}}],"collection":[{"href":"https:\/\/www.autonvaraosahaku.fi\/index.php?rest_route=\/wp\/v2\/product"}],"about":[{"href":"https:\/\/www.autonvaraosahaku.fi\/index.php?rest_route=\/wp\/v2\/types\/product"}],"wp:attachment":[{"href":"https:\/\/www.autonvaraosahaku.fi\/index.php?rest_route=%2Fwp%2Fv2%2Fmedia&parent=50381"}],"wp:term":[{"taxonomy":"pwb-brand","embeddable":true,"href":"https:\/\/www.autonvaraosahaku.fi\/index.php?rest_route=%2Fwp%2Fv2%2Fpwb-brand&post=50381"},{"taxonomy":"product_cat","embeddable":true,"href":"https:\/\/www.autonvaraosahaku.fi\/index.php?rest_route=%2Fwp%2Fv2%2Fproduct_cat&post=50381"},{"taxonomy":"product_tag","embeddable":true,"href":"https:\/\/www.autonvaraosahaku.fi\/index.php?rest_route=%2Fwp%2Fv2%2Fproduct_tag&post=50381"}],"curies":[{"name":"wp","href":"https:\/\/api.w.org\/{rel}","templated":true}]}}