{"id":50406,"date":"2021-02-21T17:31:41","date_gmt":"2021-02-21T17:31:41","guid":{"rendered":"https:\/\/www.autonvaraosahaku.fi\/?product=abakus-552-1934l-ue2-takavalot"},"modified":"2021-02-21T17:31:42","modified_gmt":"2021-02-21T17:31:42","slug":"abakus-552-1934l-ue2-takavalot","status":"publish","type":"product","link":"https:\/\/www.autonvaraosahaku.fi\/?product=abakus-552-1934l-ue2-takavalot","title":{"rendered":"ABAKUS 552-1934L-UE2 Takavalot"},"content":{"rendered":"<p>Vilkun v\u00e4ri: Valkoinen; Asennuspuoli: Vasen; Rekister\u00f6ity tyyppi: E-hyv\u00e4ksytty; Lis\u00e4tarvike\/lis\u00e4tieto: Ilman lampun kantaa, Ilman polttimoa; Lamppumalli: P21W, PY21W, P21\/5W; Valotoiminto: Sumutakavalolla; Varusteet: ajoneuvoille per\u00e4luukulla; Valmistusvuoteen: 03\/2012; PEUGEOT: PARTNER Tepee,PARTNER Kasten; CITRO\u00cbN: BERLINGO B9,BERLINGO Kasten B9; 9677205580; Takavalo<\/p>\n","protected":false},"excerpt":{"rendered":"<p>ABAKUS Takavalot 552-1934L-UE2 Takavalo PEUGEOT,CITRO\u00cbN,PARTNER Tepee,PARTNER Kasten,BERLINGO B9,BERLINGO Kasten B9<\/p>\n","protected":false},"featured_media":0,"template":"","meta":{"site-sidebar-layout":"default","site-content-layout":"default","ast-global-header-display":"","ast-main-header-display":"","ast-hfb-above-header-display":"","ast-hfb-below-header-display":"","ast-hfb-mobile-header-display":"","site-post-title":"","ast-breadcrumbs-content":"","ast-featured-img":"","footer-sml-layout":"","theme-transparent-header-meta":"","adv-header-id-meta":"","stick-header-meta":"","header-above-stick-meta":"","header-main-stick-meta":"","header-below-stick-meta":""},"pwb-brand":[148],"product_cat":[159],"product_tag":[],"class_list":{"0":"post-50406","1":"product","2":"type-product","3":"status-publish","5":"pwb-brand-abakus","6":"product_cat-takavalot","7":"desktop-align-left","8":"tablet-align-left","9":"mobile-align-left","11":"first","12":"instock","13":"product-type-external"},"brands":[{"id":148,"name":"ABAKUS","slug":"abakus"}],"_links":{"self":[{"href":"https:\/\/www.autonvaraosahaku.fi\/index.php?rest_route=\/wp\/v2\/product\/50406","targetHints":{"allow":["GET"]}}],"collection":[{"href":"https:\/\/www.autonvaraosahaku.fi\/index.php?rest_route=\/wp\/v2\/product"}],"about":[{"href":"https:\/\/www.autonvaraosahaku.fi\/index.php?rest_route=\/wp\/v2\/types\/product"}],"wp:attachment":[{"href":"https:\/\/www.autonvaraosahaku.fi\/index.php?rest_route=%2Fwp%2Fv2%2Fmedia&parent=50406"}],"wp:term":[{"taxonomy":"pwb-brand","embeddable":true,"href":"https:\/\/www.autonvaraosahaku.fi\/index.php?rest_route=%2Fwp%2Fv2%2Fpwb-brand&post=50406"},{"taxonomy":"product_cat","embeddable":true,"href":"https:\/\/www.autonvaraosahaku.fi\/index.php?rest_route=%2Fwp%2Fv2%2Fproduct_cat&post=50406"},{"taxonomy":"product_tag","embeddable":true,"href":"https:\/\/www.autonvaraosahaku.fi\/index.php?rest_route=%2Fwp%2Fv2%2Fproduct_tag&post=50406"}],"curies":[{"name":"wp","href":"https:\/\/api.w.org\/{rel}","templated":true}]}}