{"id":50407,"date":"2021-02-21T17:31:41","date_gmt":"2021-02-21T17:31:41","guid":{"rendered":"https:\/\/www.autonvaraosahaku.fi\/?product=peters-ennepetal-017-157-00a-pyoranpultit"},"modified":"2021-02-21T17:31:42","modified_gmt":"2021-02-21T17:31:42","slug":"peters-ennepetal-017-157-00a-pyoranpultit","status":"publish","type":"product","link":"https:\/\/www.autonvaraosahaku.fi\/?product=peters-ennepetal-017-157-00a-pyoranpultit","title":{"rendered":"PETERS ENNEPETAL 017.157-00A Py\u00f6r\u00e4npultit"},"content":{"rendered":"<p>Kierremitta: M 22; Kierrenousu (mm): 1,5; Korkeus (mm): 27; Korkeus 1 (mm): 62; L\u00e4pimitta [mm]: 30,5; L\u00e4pimitta 1 [mm]: 53; Avainv\u00e4li: 32; Pinta: Geomet\u00aerisoitu; Laatu \/ luokka: 10; Paino [kg]: 0,284; Asennuspuoli: links; MERCEDES-BENZ: ACTROS,ACTROS MP2 \/ MP3,ACTROS MP4 \/ MP5,ANTOS,AROCS,ATEGO,ATEGO 2,AXOR,AXOR 2,CITARO (O 530),ECONIC,INTEGRO (O 550),O 403,TOURISMO (O 350),TOURO (O 500),TRAVEGO (O 580); SETRA: Series 400; NEOPLAN: Cityliner,Skyliner,Starliner,Tourliner,Trendliner; MAN: E2000,F2000,F90,F90 Unterflur,G90,HOCL,LION\u00b4S CITY,LION\u00b4S COACH,LION\u00b4S REGIO,LION\u00b4S STAR,M 2000 L,M 2000 M,M90,NL,R,S\u00dc,TGA,TGM,TGS,TGX,\u00dcL; DAF: 65,65 CF,75,75 CF,85,85 CF,95,95 XF,CF,CF 65,CF 75,CF 85,F 2700,LF,LF 45,LF 55,XF,XF 105,XF 95; 1263488, 81455030034, 81455030055, 81455030058, 0004011072; Py\u00f6r\u00e4n Mutteri<\/p>\n","protected":false},"excerpt":{"rendered":"<p>PETERS ENNEPETAL Py\u00f6r\u00e4nmutterit 017.157-00A Py\u00f6r\u00e4n Mutteri MERCEDES-BENZ,SETRA,NEOPLAN,ACTROS,ACTROS MP2 \/ MP3,ACTROS MP4 \/ MP5,ANTOS,AROCS,ATEGO<\/p>\n","protected":false},"featured_media":0,"template":"","meta":{"site-sidebar-layout":"default","site-content-layout":"default","ast-global-header-display":"","ast-main-header-display":"","ast-hfb-above-header-display":"","ast-hfb-below-header-display":"","ast-hfb-mobile-header-display":"","site-post-title":"","ast-breadcrumbs-content":"","ast-featured-img":"","footer-sml-layout":"","theme-transparent-header-meta":"","adv-header-id-meta":"","stick-header-meta":"","header-above-stick-meta":"","header-main-stick-meta":"","header-below-stick-meta":""},"pwb-brand":[516],"product_cat":[51],"product_tag":[],"class_list":{"0":"post-50407","1":"product","2":"type-product","3":"status-publish","5":"pwb-brand-peters-ennepetal","6":"product_cat-pyoranpultit","7":"desktop-align-left","8":"tablet-align-left","9":"mobile-align-left","11":"first","12":"instock","13":"product-type-external"},"brands":[{"id":516,"name":"PETERS ENNEPETAL","slug":"peters-ennepetal"}],"_links":{"self":[{"href":"https:\/\/www.autonvaraosahaku.fi\/index.php?rest_route=\/wp\/v2\/product\/50407","targetHints":{"allow":["GET"]}}],"collection":[{"href":"https:\/\/www.autonvaraosahaku.fi\/index.php?rest_route=\/wp\/v2\/product"}],"about":[{"href":"https:\/\/www.autonvaraosahaku.fi\/index.php?rest_route=\/wp\/v2\/types\/product"}],"wp:attachment":[{"href":"https:\/\/www.autonvaraosahaku.fi\/index.php?rest_route=%2Fwp%2Fv2%2Fmedia&parent=50407"}],"wp:term":[{"taxonomy":"pwb-brand","embeddable":true,"href":"https:\/\/www.autonvaraosahaku.fi\/index.php?rest_route=%2Fwp%2Fv2%2Fpwb-brand&post=50407"},{"taxonomy":"product_cat","embeddable":true,"href":"https:\/\/www.autonvaraosahaku.fi\/index.php?rest_route=%2Fwp%2Fv2%2Fproduct_cat&post=50407"},{"taxonomy":"product_tag","embeddable":true,"href":"https:\/\/www.autonvaraosahaku.fi\/index.php?rest_route=%2Fwp%2Fv2%2Fproduct_tag&post=50407"}],"curies":[{"name":"wp","href":"https:\/\/api.w.org\/{rel}","templated":true}]}}