{"id":50480,"date":"2021-02-21T17:31:58","date_gmt":"2021-02-21T17:31:58","guid":{"rendered":"https:\/\/www.autonvaraosahaku.fi\/?product=ridex-219g0637-takaluukun-kaasujousi"},"modified":"2021-02-21T17:32:02","modified_gmt":"2021-02-21T17:32:02","slug":"ridex-219g0637-takaluukun-kaasujousi","status":"publish","type":"product","link":"https:\/\/www.autonvaraosahaku.fi\/?product=ridex-219g0637-takaluukun-kaasujousi","title":{"rendered":"RIDEX 219G0637 Takaluukun kaasujousi"},"content":{"rendered":"<p>Pituus (mm): 300; Paino [kg]: 0,197; Sylinterin halkaisija [mm]: 18,5; Isku (mm): 106,5; Ty\u00f6nt\u00f6voima [N]: 460; Jousijalan l\u00e4pimitta [mm]: 8; Valmistusvuoteen: 11\/2007; JAGUAR: X-TYPE CF1; 1X43F406A10AB, C2S1687; Kaasujousi, Tavaratila<\/p>\n","protected":false},"excerpt":{"rendered":"<p>RIDEX Takaluukun Kaasujousi 219G0637 Kaasujousi, Tavaratila JAGUAR,X-TYPE CF1<\/p>\n","protected":false},"featured_media":0,"template":"","meta":{"site-sidebar-layout":"default","site-content-layout":"default","ast-global-header-display":"","ast-main-header-display":"","ast-hfb-above-header-display":"","ast-hfb-below-header-display":"","ast-hfb-mobile-header-display":"","site-post-title":"","ast-breadcrumbs-content":"","ast-featured-img":"","footer-sml-layout":"","theme-transparent-header-meta":"","adv-header-id-meta":"","stick-header-meta":"","header-above-stick-meta":"","header-main-stick-meta":"","header-below-stick-meta":""},"pwb-brand":[157],"product_cat":[59],"product_tag":[],"class_list":{"0":"post-50480","1":"product","2":"type-product","3":"status-publish","5":"pwb-brand-ridex","6":"product_cat-takaluukun-kaasujousi","7":"desktop-align-left","8":"tablet-align-left","9":"mobile-align-left","11":"first","12":"instock","13":"product-type-external"},"brands":[{"id":157,"name":"RIDEX","slug":"ridex"}],"_links":{"self":[{"href":"https:\/\/www.autonvaraosahaku.fi\/index.php?rest_route=\/wp\/v2\/product\/50480","targetHints":{"allow":["GET"]}}],"collection":[{"href":"https:\/\/www.autonvaraosahaku.fi\/index.php?rest_route=\/wp\/v2\/product"}],"about":[{"href":"https:\/\/www.autonvaraosahaku.fi\/index.php?rest_route=\/wp\/v2\/types\/product"}],"wp:attachment":[{"href":"https:\/\/www.autonvaraosahaku.fi\/index.php?rest_route=%2Fwp%2Fv2%2Fmedia&parent=50480"}],"wp:term":[{"taxonomy":"pwb-brand","embeddable":true,"href":"https:\/\/www.autonvaraosahaku.fi\/index.php?rest_route=%2Fwp%2Fv2%2Fpwb-brand&post=50480"},{"taxonomy":"product_cat","embeddable":true,"href":"https:\/\/www.autonvaraosahaku.fi\/index.php?rest_route=%2Fwp%2Fv2%2Fproduct_cat&post=50480"},{"taxonomy":"product_tag","embeddable":true,"href":"https:\/\/www.autonvaraosahaku.fi\/index.php?rest_route=%2Fwp%2Fv2%2Fproduct_tag&post=50480"}],"curies":[{"name":"wp","href":"https:\/\/api.w.org\/{rel}","templated":true}]}}