{"id":50517,"date":"2021-02-21T17:32:09","date_gmt":"2021-02-21T17:32:09","guid":{"rendered":"https:\/\/www.autonvaraosahaku.fi\/?product=kyb-910004-iskunvaimentimen-suojakumi-pohjaanlyontikumi"},"modified":"2021-02-21T17:32:13","modified_gmt":"2021-02-21T17:32:13","slug":"kyb-910004-iskunvaimentimen-suojakumi-pohjaanlyontikumi","status":"publish","type":"product","link":"https:\/\/www.autonvaraosahaku.fi\/?product=kyb-910004-iskunvaimentimen-suojakumi-pohjaanlyontikumi","title":{"rendered":"KYB 910004 Iskunvaimentimen suojakumi &#038; pohjaanly\u00f6ntikumi"},"content":{"rendered":"<p>Asennuspuoli: Etuakseli; lis\u00e4tieto: Protection Kit; Alustarakenne: f\u00fcr Fahrzeuge ohne Sportfahrwerk; VW: TOURAN 1T1, 1T2,TIGUAN 5N_,TOURAN 1T3,SHARAN 7N1, 7N2; AUDI: A3 8P1,A3 Sportback 8PA,A3 Cabriolet 8P7; SKODA: YETI 5L; SEAT: ALHAMBRA 710, 711; 1K0412303M, 6N0413175A; P\u00f6lysuojasarja, Iskunvaimennin<\/p>\n","protected":false},"excerpt":{"rendered":"<p>KYB Iskunvaimentimen Suojakumi 910004 P\u00f6lysuojasarja, Iskunvaimennin VW,AUDI,SKODA,TOURAN 1T1, 1T2,TIGUAN 5N_,TOURAN 1T3,SHARAN 7N1, 7N2,A3 8P1<\/p>\n","protected":false},"featured_media":0,"template":"","meta":{"site-sidebar-layout":"default","site-content-layout":"default","ast-global-header-display":"","ast-main-header-display":"","ast-hfb-above-header-display":"","ast-hfb-below-header-display":"","ast-hfb-mobile-header-display":"","site-post-title":"","ast-breadcrumbs-content":"","ast-featured-img":"","footer-sml-layout":"","theme-transparent-header-meta":"","adv-header-id-meta":"","stick-header-meta":"","header-above-stick-meta":"","header-main-stick-meta":"","header-below-stick-meta":""},"pwb-brand":[226],"product_cat":[92],"product_tag":[],"class_list":{"0":"post-50517","1":"product","2":"type-product","3":"status-publish","5":"pwb-brand-kyb","6":"product_cat-iskunvaimentimen-suojakumi-pohjaanlyontikumi","7":"desktop-align-left","8":"tablet-align-left","9":"mobile-align-left","11":"first","12":"instock","13":"product-type-external"},"brands":[{"id":226,"name":"KYB","slug":"kyb"}],"_links":{"self":[{"href":"https:\/\/www.autonvaraosahaku.fi\/index.php?rest_route=\/wp\/v2\/product\/50517","targetHints":{"allow":["GET"]}}],"collection":[{"href":"https:\/\/www.autonvaraosahaku.fi\/index.php?rest_route=\/wp\/v2\/product"}],"about":[{"href":"https:\/\/www.autonvaraosahaku.fi\/index.php?rest_route=\/wp\/v2\/types\/product"}],"wp:attachment":[{"href":"https:\/\/www.autonvaraosahaku.fi\/index.php?rest_route=%2Fwp%2Fv2%2Fmedia&parent=50517"}],"wp:term":[{"taxonomy":"pwb-brand","embeddable":true,"href":"https:\/\/www.autonvaraosahaku.fi\/index.php?rest_route=%2Fwp%2Fv2%2Fpwb-brand&post=50517"},{"taxonomy":"product_cat","embeddable":true,"href":"https:\/\/www.autonvaraosahaku.fi\/index.php?rest_route=%2Fwp%2Fv2%2Fproduct_cat&post=50517"},{"taxonomy":"product_tag","embeddable":true,"href":"https:\/\/www.autonvaraosahaku.fi\/index.php?rest_route=%2Fwp%2Fv2%2Fproduct_tag&post=50517"}],"curies":[{"name":"wp","href":"https:\/\/api.w.org\/{rel}","templated":true}]}}