{"id":50543,"date":"2021-02-21T17:32:22","date_gmt":"2021-02-21T17:32:22","guid":{"rendered":"https:\/\/www.autonvaraosahaku.fi\/?product=ate-24-0132-0118-1-jarrulevyt"},"modified":"2021-02-21T17:32:22","modified_gmt":"2021-02-21T17:32:22","slug":"ate-24-0132-0118-1-jarrulevyt","status":"publish","type":"product","link":"https:\/\/www.autonvaraosahaku.fi\/?product=ate-24-0132-0118-1-jarrulevyt","title":{"rendered":"ATE 24.0132-0118.1 Jarrulevyt"},"content":{"rendered":"<p>Ulkol\u00e4pimitta [mm]: 330,0; Jarrulevyn paksuus (mm): 32,0; V\u00e4himm\u00e4ispaksuus (mm): 30,0; Jarrulevytyyppi: Tuuletettu; K\u00e4sittely: Seostettu \/ hiilletty; Pinta: pinnoitettu; Reikien m\u00e4\u00e4r\u00e4: 5; parilliset tuotenumerot: 24.0132-0117.1; Reik\u00e4ympyr\u00e4-\u00d8 [mm]: 130,0; Korkeus (mm): 68,5; keskitt\u00e4misl\u00e4pimitta [mm]: 85,0; Sis\u00e4l\u00e4pimitta [mm]: 174,0; Reik\u00e4-\u00d8 [mm]: 15,4; Korvaava tuote\/korvaava tiedote 2: Ruuveilla; MAPP-koodi saatavilla: ; Tarkistuskilpi: E1 90R-02C0115\/1017; PR-numerolle: 1LC,1LE; VW: TOUAREG 7LA, 7L6, 7L7,TOUAREG 7P5; PORSCHE: CAYENNE 955; 95535140240, 95535140241; Jarrulevy<\/p>\n","protected":false},"excerpt":{"rendered":"<p>ATE Jarrulevyt 24.0132-0118.1 Jarrulevy VW,PORSCHE,TOUAREG 7LA, 7L6, 7L7,TOUAREG 7P5,CAYENNE 955<\/p>\n","protected":false},"featured_media":0,"template":"","meta":{"site-sidebar-layout":"default","site-content-layout":"default","ast-global-header-display":"","ast-main-header-display":"","ast-hfb-above-header-display":"","ast-hfb-below-header-display":"","ast-hfb-mobile-header-display":"","site-post-title":"","ast-breadcrumbs-content":"","ast-featured-img":"","footer-sml-layout":"","theme-transparent-header-meta":"","adv-header-id-meta":"","stick-header-meta":"","header-above-stick-meta":"","header-main-stick-meta":"","header-below-stick-meta":""},"pwb-brand":[108],"product_cat":[66],"product_tag":[],"class_list":{"0":"post-50543","1":"product","2":"type-product","3":"status-publish","5":"pwb-brand-ate","6":"product_cat-jarrulevyt","7":"desktop-align-left","8":"tablet-align-left","9":"mobile-align-left","11":"first","12":"instock","13":"product-type-external"},"brands":[{"id":108,"name":"ATE","slug":"ate"}],"_links":{"self":[{"href":"https:\/\/www.autonvaraosahaku.fi\/index.php?rest_route=\/wp\/v2\/product\/50543","targetHints":{"allow":["GET"]}}],"collection":[{"href":"https:\/\/www.autonvaraosahaku.fi\/index.php?rest_route=\/wp\/v2\/product"}],"about":[{"href":"https:\/\/www.autonvaraosahaku.fi\/index.php?rest_route=\/wp\/v2\/types\/product"}],"wp:attachment":[{"href":"https:\/\/www.autonvaraosahaku.fi\/index.php?rest_route=%2Fwp%2Fv2%2Fmedia&parent=50543"}],"wp:term":[{"taxonomy":"pwb-brand","embeddable":true,"href":"https:\/\/www.autonvaraosahaku.fi\/index.php?rest_route=%2Fwp%2Fv2%2Fpwb-brand&post=50543"},{"taxonomy":"product_cat","embeddable":true,"href":"https:\/\/www.autonvaraosahaku.fi\/index.php?rest_route=%2Fwp%2Fv2%2Fproduct_cat&post=50543"},{"taxonomy":"product_tag","embeddable":true,"href":"https:\/\/www.autonvaraosahaku.fi\/index.php?rest_route=%2Fwp%2Fv2%2Fproduct_tag&post=50543"}],"curies":[{"name":"wp","href":"https:\/\/api.w.org\/{rel}","templated":true}]}}