{"id":50546,"date":"2021-02-21T17:32:22","date_gmt":"2021-02-21T17:32:22","guid":{"rendered":"https:\/\/www.autonvaraosahaku.fi\/?product=elring-763-934-oljypohjan-tiiviste"},"modified":"2021-02-21T17:32:23","modified_gmt":"2021-02-21T17:32:23","slug":"elring-763-934-oljypohjan-tiiviste","status":"publish","type":"product","link":"https:\/\/www.autonvaraosahaku.fi\/?product=elring-763-934-oljypohjan-tiiviste","title":{"rendered":"ELRING 763.934 \u00d6ljypohjan tiiviste"},"content":{"rendered":"<p>OE-numerolle: 6 52 599; Tarvittava kappalem\u00e4\u00e4r\u00e4: 2; OPEL: ASTRA F CC 53_, 54_, 58_, 59_,ASTRA F Caravan 51_, 52_,CALIBRA A 85_,VECTRA A 86_, 87_,KADETT E CC 33_, 34_, 43_, 44_,FRONTERA A Sport 5_SUD2,FRONTERA A 5_MWL4,VECTRA A CC 88_, 89_,KADETT E Cabriolet 43B_; CATERHAM: SEVEN CF; VAUXHALL: CALIBRA,ASTRA Mk III F CC,ASTRA Mk II CC,FRONTERA Mk I A,CAVALIER Mk III 87,FRONTERA Mk I A Sport,CAVALIER Mk III CC; 652593, 652599, 90324880, 90324881, 90411386; Tiiviste, \u00d6ljypohja<\/p>\n","protected":false},"excerpt":{"rendered":"<p>ELRING \u00d6ljypohjan Tiiviste 763.934 Tiiviste, \u00d6ljypohja OPEL,CATERHAM,VAUXHALL,ASTRA F CC 53_, 54_, 58_, 59_,ASTRA F Caravan 51_, 52_,CALIBRA A 85_<\/p>\n","protected":false},"featured_media":0,"template":"","meta":{"site-sidebar-layout":"default","site-content-layout":"default","ast-global-header-display":"","ast-main-header-display":"","ast-hfb-above-header-display":"","ast-hfb-below-header-display":"","ast-hfb-mobile-header-display":"","site-post-title":"","ast-breadcrumbs-content":"","ast-featured-img":"","footer-sml-layout":"","theme-transparent-header-meta":"","adv-header-id-meta":"","stick-header-meta":"","header-above-stick-meta":"","header-main-stick-meta":"","header-below-stick-meta":""},"pwb-brand":[26],"product_cat":[180],"product_tag":[],"class_list":{"0":"post-50546","1":"product","2":"type-product","3":"status-publish","5":"pwb-brand-elring","6":"product_cat-oljypohjan-tiiviste","7":"desktop-align-left","8":"tablet-align-left","9":"mobile-align-left","11":"first","12":"instock","13":"product-type-external"},"brands":[{"id":26,"name":"ELRING","slug":"elring"}],"_links":{"self":[{"href":"https:\/\/www.autonvaraosahaku.fi\/index.php?rest_route=\/wp\/v2\/product\/50546","targetHints":{"allow":["GET"]}}],"collection":[{"href":"https:\/\/www.autonvaraosahaku.fi\/index.php?rest_route=\/wp\/v2\/product"}],"about":[{"href":"https:\/\/www.autonvaraosahaku.fi\/index.php?rest_route=\/wp\/v2\/types\/product"}],"wp:attachment":[{"href":"https:\/\/www.autonvaraosahaku.fi\/index.php?rest_route=%2Fwp%2Fv2%2Fmedia&parent=50546"}],"wp:term":[{"taxonomy":"pwb-brand","embeddable":true,"href":"https:\/\/www.autonvaraosahaku.fi\/index.php?rest_route=%2Fwp%2Fv2%2Fpwb-brand&post=50546"},{"taxonomy":"product_cat","embeddable":true,"href":"https:\/\/www.autonvaraosahaku.fi\/index.php?rest_route=%2Fwp%2Fv2%2Fproduct_cat&post=50546"},{"taxonomy":"product_tag","embeddable":true,"href":"https:\/\/www.autonvaraosahaku.fi\/index.php?rest_route=%2Fwp%2Fv2%2Fproduct_tag&post=50546"}],"curies":[{"name":"wp","href":"https:\/\/api.w.org\/{rel}","templated":true}]}}