{"id":50549,"date":"2021-02-21T17:32:22","date_gmt":"2021-02-21T17:32:22","guid":{"rendered":"https:\/\/www.autonvaraosahaku.fi\/?product=luk-600-0014-00-kytkinpaketti"},"modified":"2021-02-21T17:32:24","modified_gmt":"2021-02-21T17:32:24","slug":"luk-600-0014-00-kytkinpaketti","status":"publish","type":"product","link":"https:\/\/www.autonvaraosahaku.fi\/?product=luk-600-0014-00-kytkinpaketti","title":{"rendered":"LuK 600 0014 00 Kytkinpaketti"},"content":{"rendered":"<p>Korvaava tuote\/korvaava tiedote 2: irroitinlaakerilla, Vauhtipy\u00f6r\u00e4ll\u00e4, Ruuvisarjalla, Vauhtipy\u00f6r\u00e4ll\u00e4, Ruuvisarjalla, Kaksoismassavauhtipy\u00f6r\u00e4 kitka-ohjauslevyll\u00e4; Kiinnitysreikien lukum\u00e4\u00e4r\u00e4: 8, 8; suurin p\u00e4\u00e4st\u00f6kulma [Grad]: 18; Hammaslukum\u00e4\u00e4r\u00e4 (suurimman p\u00e4\u00e4st\u00f6kulman ilmoitus): 5; suurin heitto [mm]: 1,6; Lis\u00e4tarvike\/lis\u00e4tieto: ilman ohjauslaakeria; Tuotelinja: BR 0241; Alustanumero: NMT; TOYOTA: AVENSIS Kombi T25,COROLLA Verso ZER_, ZZE12_, R1_,RAV 4 II CLA2_, XA2_, ZCA2_, ACA2_,COROLLA ZZE12_, NDE12_, ZDE12_,AVENSIS T25_,COROLLA Kombi _E12J_, _E12T_,AVENSIS Stufenheck T25,AVENSIS _T22_,AVENSIS Station Wagon _T22_,COROLLA Stufenheck _E12J_, _E12T_,AVENSIS Liftback _T22_; 134500G010, 134500G011, 1345027020, 1345027021, 1345027022, 3121005050, 3121005051, 3123020190, 3123020191, 3123044020, 3123044021, 3125005070, 3125005110; Kytkinsarja<\/p>\n","protected":false},"excerpt":{"rendered":"<p>LuK Kytkinpaketti 600 0014 00 Kytkinsarja TOYOTA,AVENSIS Kombi T25,COROLLA Verso ZER_, ZZE12_, R1_,RAV 4 II CLA2_, XA2_, ZCA2_, ACA2_<\/p>\n","protected":false},"featured_media":0,"template":"","meta":{"site-sidebar-layout":"default","site-content-layout":"default","ast-global-header-display":"","ast-main-header-display":"","ast-hfb-above-header-display":"","ast-hfb-below-header-display":"","ast-hfb-mobile-header-display":"","site-post-title":"","ast-breadcrumbs-content":"","ast-featured-img":"","footer-sml-layout":"","theme-transparent-header-meta":"","adv-header-id-meta":"","stick-header-meta":"","header-above-stick-meta":"","header-main-stick-meta":"","header-below-stick-meta":""},"pwb-brand":[20],"product_cat":[21],"product_tag":[],"class_list":{"0":"post-50549","1":"product","2":"type-product","3":"status-publish","5":"pwb-brand-luk","6":"product_cat-kytkinpaketti","7":"desktop-align-left","8":"tablet-align-left","9":"mobile-align-left","11":"first","12":"instock","13":"product-type-external"},"brands":[{"id":20,"name":"LuK","slug":"luk"}],"_links":{"self":[{"href":"https:\/\/www.autonvaraosahaku.fi\/index.php?rest_route=\/wp\/v2\/product\/50549","targetHints":{"allow":["GET"]}}],"collection":[{"href":"https:\/\/www.autonvaraosahaku.fi\/index.php?rest_route=\/wp\/v2\/product"}],"about":[{"href":"https:\/\/www.autonvaraosahaku.fi\/index.php?rest_route=\/wp\/v2\/types\/product"}],"wp:attachment":[{"href":"https:\/\/www.autonvaraosahaku.fi\/index.php?rest_route=%2Fwp%2Fv2%2Fmedia&parent=50549"}],"wp:term":[{"taxonomy":"pwb-brand","embeddable":true,"href":"https:\/\/www.autonvaraosahaku.fi\/index.php?rest_route=%2Fwp%2Fv2%2Fpwb-brand&post=50549"},{"taxonomy":"product_cat","embeddable":true,"href":"https:\/\/www.autonvaraosahaku.fi\/index.php?rest_route=%2Fwp%2Fv2%2Fproduct_cat&post=50549"},{"taxonomy":"product_tag","embeddable":true,"href":"https:\/\/www.autonvaraosahaku.fi\/index.php?rest_route=%2Fwp%2Fv2%2Fproduct_tag&post=50549"}],"curies":[{"name":"wp","href":"https:\/\/api.w.org\/{rel}","templated":true}]}}