{"id":50551,"date":"2021-02-21T17:32:22","date_gmt":"2021-02-21T17:32:22","guid":{"rendered":"https:\/\/www.autonvaraosahaku.fi\/?product=hjs-91-50-8480-letku"},"modified":"2021-02-21T17:32:24","modified_gmt":"2021-02-21T17:32:24","slug":"hjs-91-50-8480-letku","status":"publish","type":"product","link":"https:\/\/www.autonvaraosahaku.fi\/?product=hjs-91-50-8480-letku","title":{"rendered":"HJS 91 50 8480 Letku"},"content":{"rendered":"<p>L\u00e4pimitta [mm]: 24,5; Pituus (mm): 1000; l\u00e4mm\u00f6nkesto [\u00b0C]: 130<\/p>\n","protected":false},"excerpt":{"rendered":"<p>HJS Letku 91 50 8480<\/p>\n","protected":false},"featured_media":0,"template":"","meta":{"site-sidebar-layout":"default","site-content-layout":"default","ast-global-header-display":"","ast-main-header-display":"","ast-hfb-above-header-display":"","ast-hfb-below-header-display":"","ast-hfb-mobile-header-display":"","site-post-title":"","ast-breadcrumbs-content":"","ast-featured-img":"","footer-sml-layout":"","theme-transparent-header-meta":"","adv-header-id-meta":"","stick-header-meta":"","header-above-stick-meta":"","header-main-stick-meta":"","header-below-stick-meta":""},"pwb-brand":[344],"product_cat":[112],"product_tag":[],"class_list":{"0":"post-50551","1":"product","2":"type-product","3":"status-publish","5":"pwb-brand-hjs","6":"product_cat-letku","7":"desktop-align-left","8":"tablet-align-left","9":"mobile-align-left","11":"first","12":"instock","13":"product-type-external"},"brands":[{"id":344,"name":"HJS","slug":"hjs"}],"_links":{"self":[{"href":"https:\/\/www.autonvaraosahaku.fi\/index.php?rest_route=\/wp\/v2\/product\/50551","targetHints":{"allow":["GET"]}}],"collection":[{"href":"https:\/\/www.autonvaraosahaku.fi\/index.php?rest_route=\/wp\/v2\/product"}],"about":[{"href":"https:\/\/www.autonvaraosahaku.fi\/index.php?rest_route=\/wp\/v2\/types\/product"}],"wp:attachment":[{"href":"https:\/\/www.autonvaraosahaku.fi\/index.php?rest_route=%2Fwp%2Fv2%2Fmedia&parent=50551"}],"wp:term":[{"taxonomy":"pwb-brand","embeddable":true,"href":"https:\/\/www.autonvaraosahaku.fi\/index.php?rest_route=%2Fwp%2Fv2%2Fpwb-brand&post=50551"},{"taxonomy":"product_cat","embeddable":true,"href":"https:\/\/www.autonvaraosahaku.fi\/index.php?rest_route=%2Fwp%2Fv2%2Fproduct_cat&post=50551"},{"taxonomy":"product_tag","embeddable":true,"href":"https:\/\/www.autonvaraosahaku.fi\/index.php?rest_route=%2Fwp%2Fv2%2Fproduct_tag&post=50551"}],"curies":[{"name":"wp","href":"https:\/\/api.w.org\/{rel}","templated":true}]}}