{"id":50560,"date":"2021-02-21T17:32:22","date_gmt":"2021-02-21T17:32:22","guid":{"rendered":"https:\/\/www.autonvaraosahaku.fi\/?product=meyle-16-14-309-0353-pyoranlaakerit"},"modified":"2021-02-21T17:32:26","modified_gmt":"2021-02-21T17:32:26","slug":"meyle-16-14-309-0353-pyoranlaakerit","status":"publish","type":"product","link":"https:\/\/www.autonvaraosahaku.fi\/?product=meyle-16-14-309-0353-pyoranlaakerit","title":{"rendered":"MEYLE 16-14 309 0353 Py\u00f6r\u00e4nlaakerit"},"content":{"rendered":"<p>Vaihtoehtoinen korjaussarja: 16-14 146 4049; Asennuspuoli: Etuakseli; Sis\u00e4l\u00e4pimitta [mm]: 37; Ulkol\u00e4pimitta [mm]: 72; Korkeus (mm): 37; Laakerityyppi: Kuulalaakeri; lis\u00e4tieto: ORIGINAL Quality; Jarru-\/ajodynamiikka: f\u00fcr Fahrzeuge ohne ABS; ALFA ROMEO: SPIDER 916S_,GTV 916C_,145 930,146 930; RENAULT: CLIO II BB0\/1\/2_, CB0\/1\/2_,KANGOO KC0\/1_,SC\u00c9NIC I JA0\/1_,MEGANE Scenic JA0\/1_,MEGANE I BA0\/1_,KANGOO Express FC0\/1_,MEGANE I Grandtour KA0\/1_,MEGANE I Cabriolet EA0\/1_,MEGANE I Classic LA0\/1_,MEGANE I Coach DA0\/1_,CLIO II Kasten SB0\/1\/2_,RAPID Kasten F40_, G40_,THALIA I LB0\/1\/2_,THALIA II LU1\/2_,EXPRESS Kasten\/Kombi; FIAT: PUNTO 188,BARCHETTA 183,DOBLO Cargo 223,DOBLO 119,STRADA Pick-up 178E,MULTIPLA 186,PUNTO Van 188AX,BRAVO I 182,BRAVA 182,MAREA Weekend 185,PALIO Weekend 178DX,LINEA 323,MAREA 185,SIENA 178_; 46441924, 46529970, 46773661, 51754191, 60811546, 46423869, 46441924, 46474537, 46529970, 46773661, 51754191, 60814780, 82374669, 82390273, 7701205779, 7701464049, 7702163936, 7703090353<\/p>\n","protected":false},"excerpt":{"rendered":"<p>MEYLE Py\u00f6r\u00e4nlaakeri 16-14 309 0353  ALFA ROMEO,RENAULT,FIAT,SPIDER 916S_,GTV 916C_,145 930,146 930,CLIO II BB0\/1\/2_, CB0\/1\/2_,KANGOO KC0\/1_<\/p>\n","protected":false},"featured_media":0,"template":"","meta":{"site-sidebar-layout":"default","site-content-layout":"default","ast-global-header-display":"","ast-main-header-display":"","ast-hfb-above-header-display":"","ast-hfb-below-header-display":"","ast-hfb-mobile-header-display":"","site-post-title":"","ast-breadcrumbs-content":"","ast-featured-img":"","footer-sml-layout":"","theme-transparent-header-meta":"","adv-header-id-meta":"","stick-header-meta":"","header-above-stick-meta":"","header-main-stick-meta":"","header-below-stick-meta":""},"pwb-brand":[84],"product_cat":[83],"product_tag":[],"class_list":{"0":"post-50560","1":"product","2":"type-product","3":"status-publish","5":"pwb-brand-meyle","6":"product_cat-pyoranlaakerit","7":"desktop-align-left","8":"tablet-align-left","9":"mobile-align-left","11":"first","12":"instock","13":"product-type-external"},"brands":[{"id":84,"name":"MEYLE","slug":"meyle"}],"_links":{"self":[{"href":"https:\/\/www.autonvaraosahaku.fi\/index.php?rest_route=\/wp\/v2\/product\/50560","targetHints":{"allow":["GET"]}}],"collection":[{"href":"https:\/\/www.autonvaraosahaku.fi\/index.php?rest_route=\/wp\/v2\/product"}],"about":[{"href":"https:\/\/www.autonvaraosahaku.fi\/index.php?rest_route=\/wp\/v2\/types\/product"}],"wp:attachment":[{"href":"https:\/\/www.autonvaraosahaku.fi\/index.php?rest_route=%2Fwp%2Fv2%2Fmedia&parent=50560"}],"wp:term":[{"taxonomy":"pwb-brand","embeddable":true,"href":"https:\/\/www.autonvaraosahaku.fi\/index.php?rest_route=%2Fwp%2Fv2%2Fpwb-brand&post=50560"},{"taxonomy":"product_cat","embeddable":true,"href":"https:\/\/www.autonvaraosahaku.fi\/index.php?rest_route=%2Fwp%2Fv2%2Fproduct_cat&post=50560"},{"taxonomy":"product_tag","embeddable":true,"href":"https:\/\/www.autonvaraosahaku.fi\/index.php?rest_route=%2Fwp%2Fv2%2Fproduct_tag&post=50560"}],"curies":[{"name":"wp","href":"https:\/\/api.w.org\/{rel}","templated":true}]}}