{"id":50580,"date":"2021-02-21T17:32:28","date_gmt":"2021-02-21T17:32:28","guid":{"rendered":"https:\/\/www.autonvaraosahaku.fi\/?product=vaico-v20-0722-huohotin"},"modified":"2021-02-21T17:32:32","modified_gmt":"2021-02-21T17:32:32","slug":"vaico-v20-0722-huohotin","status":"publish","type":"product","link":"https:\/\/www.autonvaraosahaku.fi\/?product=vaico-v20-0722-huohotin","title":{"rendered":"VAICO V20-0722 Huohotin"},"content":{"rendered":"<p>Pituus (mm): 84; Paino [kg]: 0,03; Asennuspuoli: Sylinterikansi; Leveys (mm): 28; Huomioi tekniset tiedot: ; Huomioi ajoneuvovalmistajan vaatimukset: ; Materiaali tiiviste: FPM (fluori-kumi)\/APM (polyakryyli-kumi); Korkeus (mm): 61; K\u00e4ytt\u00f6: paineohjattu; Venttiilimalli: Ilmanpoistoventtiili; Suositeltu vaihtov\u00e4li [km]: 60000; Kotelomateriaali: Polyamidi 6.6; Suositeltu vaihtov\u00e4li [vuotta]: 3; Huomioi huolto-ohjeet: ; Pakkausleveys [cm]: 6,5; Pakkauskorkeus [mm]: 1,9; lis\u00e4tieto: CST99; Moottorinumero: N62; BMW: 5 E60,5 Touring E61,X5 E70,X5 E53,7 E65, E66, E67,6 E63,6 Cabriolet E64; 11127537733, 11127547058, 7537733, 7547058; Venttiili, Kampikammiotuuletus<\/p>\n","protected":false},"excerpt":{"rendered":"<p>VAICO Huohotin V20-0722 Venttiili, Kampikammiotuuletus BMW,5 E60,5 Touring E61,X5 E70,X5 E53,7 E65, E66, E67,6 E63,6 Cabriolet E64<\/p>\n","protected":false},"featured_media":0,"template":"","meta":{"site-sidebar-layout":"default","site-content-layout":"default","ast-global-header-display":"","ast-main-header-display":"","ast-hfb-above-header-display":"","ast-hfb-below-header-display":"","ast-hfb-mobile-header-display":"","site-post-title":"","ast-breadcrumbs-content":"","ast-featured-img":"","footer-sml-layout":"","theme-transparent-header-meta":"","adv-header-id-meta":"","stick-header-meta":"","header-above-stick-meta":"","header-main-stick-meta":"","header-below-stick-meta":""},"pwb-brand":[330],"product_cat":[125],"product_tag":[],"class_list":{"0":"post-50580","1":"product","2":"type-product","3":"status-publish","5":"pwb-brand-vaico","6":"product_cat-huohotin","7":"desktop-align-left","8":"tablet-align-left","9":"mobile-align-left","11":"first","12":"instock","13":"product-type-external"},"brands":[{"id":330,"name":"VAICO","slug":"vaico"}],"_links":{"self":[{"href":"https:\/\/www.autonvaraosahaku.fi\/index.php?rest_route=\/wp\/v2\/product\/50580","targetHints":{"allow":["GET"]}}],"collection":[{"href":"https:\/\/www.autonvaraosahaku.fi\/index.php?rest_route=\/wp\/v2\/product"}],"about":[{"href":"https:\/\/www.autonvaraosahaku.fi\/index.php?rest_route=\/wp\/v2\/types\/product"}],"wp:attachment":[{"href":"https:\/\/www.autonvaraosahaku.fi\/index.php?rest_route=%2Fwp%2Fv2%2Fmedia&parent=50580"}],"wp:term":[{"taxonomy":"pwb-brand","embeddable":true,"href":"https:\/\/www.autonvaraosahaku.fi\/index.php?rest_route=%2Fwp%2Fv2%2Fpwb-brand&post=50580"},{"taxonomy":"product_cat","embeddable":true,"href":"https:\/\/www.autonvaraosahaku.fi\/index.php?rest_route=%2Fwp%2Fv2%2Fproduct_cat&post=50580"},{"taxonomy":"product_tag","embeddable":true,"href":"https:\/\/www.autonvaraosahaku.fi\/index.php?rest_route=%2Fwp%2Fv2%2Fproduct_tag&post=50580"}],"curies":[{"name":"wp","href":"https:\/\/api.w.org\/{rel}","templated":true}]}}